{"id":10159,"date":"2023-08-22T14:44:24","date_gmt":"2023-08-22T18:44:24","guid":{"rendered":"https:\/\/www.oceanex.com\/?page_id=10159"},"modified":"2025-06-04T11:19:20","modified_gmt":"2025-06-04T15:19:20","slug":"accessibilite","status":"publish","type":"page","link":"https:\/\/www.oceanex.com\/fr\/a-propos-doceanex\/accessibilite\/","title":{"rendered":"Accessibilit\u00e9\u00a0"},"content":{"rendered":"<p><img decoding=\"async\" class=\"alignright\" style=\"margin-bottom: 10px; margin-left: 10px; margin-top: 50px;\" src=\"\/wp-content\/uploads\/2024\/07\/accessibility-woman-360.png\" alt=\"Best Managed Company\" \/><\/p>\n<h3>Initiatives d&rsquo;Accessibilit\u00e9<\/h3>\n<p>Oceanex s&rsquo;engage \u00e0 traiter ses employ\u00e9s et ses clients avec dignit\u00e9 et respect. Notre plan d&rsquo;accessibilit\u00e9 analyse la situation actuelle de l&rsquo;entreprise et d\u00e9crit les mesures que nous prenons ou avons l&rsquo;intention de prendre pour am\u00e9liorer l&rsquo;acc\u00e8s et \u00e9liminer les obstacles pour les personnes en situation de handicap.<\/p>\n<p>Cette page affichera le plan d&rsquo;accessibilit\u00e9 actuel ainsi que tous les changements ou ajouts futurs au fur et \u00e0 mesure qu&rsquo;ils se produisent.<\/p>\n<div style=\"width: 42px; height: 100px; float: left; margin: 0px 20px 0px 70px; display: inline-table; padding: 0;\"><a href=\"https:\/\/www.oceanex.com\/wp-content\/uploads\/2025\/06\/Accessibilite-Rapport-Etape-2025.pdf\" target=\"_blank\" rel=\"noopener\"><br \/>\n<img decoding=\"async\" style=\"box-shadow: 4px 4px 5px #888888;\" src=\"https:\/\/www.oceanex.com\/wp-content\/uploads\/2024\/06\/thumbnail-report.jpg\" alt=\"\" \/><br \/>\n<\/a><\/div>\n<div style=\"margin-top: 23px;\">\n<h3>Rapport de Progr\u00e8s sur l&rsquo;Accessibilit\u00e9 &#8211; Juin 2025<\/h3>\n<div class=\"contain\" style=\"margin-bottom: 40px;\">\n<div class=\"download-wrap\" style=\"display: inline;\"><a class=\"download\" style=\"margin-right: 20px; float: left;\" href=\"https:\/\/www.oceanex.com\/wp-content\/uploads\/2025\/06\/Accessibilite-Rapport-Etape-2025.pdf\" target=\"_blank\" rel=\"noopener\">T\u00e9l\u00e9charger PDF<\/a><\/div>\n<\/div>\n<\/div>\n<p style=\"clear: both;\">\n<div style=\"width: 42px; height: 100px; float: left; margin: 0px 20px 0px 70px; display: inline-table; padding: 0;\"><a href=\"https:\/\/www.oceanex.com\/wp-content\/uploads\/2024\/06\/Accessibilite-Rapport-Etape-2024-06-04.pdf\" target=\"_blank\" rel=\"noopener\"><br \/>\n<img decoding=\"async\" style=\"box-shadow: 4px 4px 5px #888888;\" src=\"https:\/\/www.oceanex.com\/wp-content\/uploads\/2024\/06\/thumbnail-report.jpg\" alt=\"\" \/><br \/>\n<\/a><\/div>\n<div style=\"margin-top: 23px;\">\n<h3>Rapport de Progr\u00e8s sur l&rsquo;Accessibilit\u00e9 &#8211; Juin 2024<\/h3>\n<div class=\"contain\" style=\"margin-bottom: 40px;\">\n<div class=\"download-wrap\" style=\"display: inline;\"><a class=\"download\" style=\"margin-right: 20px; float: left;\" href=\"https:\/\/www.oceanex.com\/wp-content\/uploads\/2024\/06\/Accessibilite-Rapport-Etape-2024-06-04.pdf\" target=\"_blank\" rel=\"noopener\">T\u00e9l\u00e9charger PDF<\/a><\/div>\n<\/div>\n<\/div>\n<p style=\"clear: both;\">\n<div style=\"width: 42px; height: 100px; float: left; margin: 0px 20px 0px 70px; display: inline-table; padding: 0;\"><a href=\"https:\/\/www.oceanex.com\/wp-content\/uploads\/2023\/08\/GUI-007-Accessibility-Plan-V1-FR-1.pdf\" target=\"_blank\" rel=\"noopener\"><br \/>\n<img decoding=\"async\" style=\"box-shadow: 4px 4px 5px #888888;\" src=\"https:\/\/www.oceanex.com\/wp-content\/uploads\/2023\/08\/accessibility-thumb.png\" alt=\"\" \/><br \/>\n<\/a><\/div>\n<div style=\"margin-top: 23px;\">\n<h3>Plan d&rsquo;accessibilit\u00e9<\/h3>\n<div class=\"contain\" style=\"margin-bottom: 40px;\">\n<div class=\"download-wrap\" style=\"display: inline;\"><a class=\"download\" style=\"margin-right: 20px; float: left;\" href=\"https:\/\/www.oceanex.com\/wp-content\/uploads\/2023\/08\/GUI-007-Accessibility-Plan-V1-FR-1.pdf\" target=\"_blank\" rel=\"noopener\">T\u00e9l\u00e9charger PDF<\/a><\/div>\n<\/div>\n<\/div>\n<p><br style=\"clear: both;\" \/><br \/>\nPour contacter Oceanex \u00e0 ce sujet, merci d&rsquo;utiliser l&rsquo;adresse courriel suivante : <a href=\"mailto:accessibilite@oceanex.com\" target=\"_blank\" rel=\"noreferrer noopener\">accessibilite@oceanex.com<\/a>.<\/p>\n","protected":false},"excerpt":{"rendered":"<p>Initiatives d&rsquo;Accessibilit\u00e9 Oceanex s&rsquo;engage \u00e0 traiter ses employ\u00e9s et ses clients avec dignit\u00e9 et respect. Notre plan d&rsquo;accessibilit\u00e9 analyse la situation actuelle de l&rsquo;entreprise et d\u00e9crit les mesures que nous prenons ou avons l&rsquo;intention de prendre pour <a class=\"read-more\" style=\"text-decoration:none;\" href=\"https:\/\/www.oceanex.com\/fr\/a-propos-doceanex\/accessibilite\/\">(&#8230;)<\/a><\/p>\n","protected":false},"author":2,"featured_media":0,"parent":166,"menu_order":30,"comment_status":"closed","ping_status":"closed","template":"template-page.php","meta":{"footnotes":""},"class_list":["post-10159","page","type-page","status-publish","hentry"],"_links":{"self":[{"href":"https:\/\/www.oceanex.com\/fr\/wp-json\/wp\/v2\/pages\/10159","targetHints":{"allow":["GET"]}}],"collection":[{"href":"https:\/\/www.oceanex.com\/fr\/wp-json\/wp\/v2\/pages"}],"about":[{"href":"https:\/\/www.oceanex.com\/fr\/wp-json\/wp\/v2\/types\/page"}],"author":[{"embeddable":true,"href":"https:\/\/www.oceanex.com\/fr\/wp-json\/wp\/v2\/users\/2"}],"replies":[{"embeddable":true,"href":"https:\/\/www.oceanex.com\/fr\/wp-json\/wp\/v2\/comments?post=10159"}],"version-history":[{"count":4,"href":"https:\/\/www.oceanex.com\/fr\/wp-json\/wp\/v2\/pages\/10159\/revisions"}],"predecessor-version":[{"id":10500,"href":"https:\/\/www.oceanex.com\/fr\/wp-json\/wp\/v2\/pages\/10159\/revisions\/10500"}],"up":[{"embeddable":true,"href":"https:\/\/www.oceanex.com\/fr\/wp-json\/wp\/v2\/pages\/166"}],"wp:attachment":[{"href":"https:\/\/www.oceanex.com\/fr\/wp-json\/wp\/v2\/media?parent=10159"}],"curies":[{"name":"wp","href":"https:\/\/api.w.org\/{rel}","templated":true}]}}