{"id":10270,"date":"2024-03-12T14:23:59","date_gmt":"2024-03-12T18:23:59","guid":{"rendered":"https:\/\/www.oceanex.com\/?page_id=10270"},"modified":"2025-02-24T11:58:43","modified_gmt":"2025-02-24T16:58:43","slug":"mbv-mise-a-jour-des-exigences-solas","status":"publish","type":"page","link":"https:\/\/www.oceanex.com\/fr\/formulaires-references\/mbv-mise-a-jour-des-exigences-solas\/","title":{"rendered":"MBV \u2013 Mise-\u00e0-jour des exigences SOLAS"},"content":{"rendered":"\n<p>La nouvelle r\u00e9glementation concernant la masse brute v\u00e9rifi\u00e9e (MBV) provenant de la Convention internationale de pour la sauvegarde de la vie humaine en mer (SOLAS) introduite par l\u2019Organisation Maritime Internationale (OMI) est en vigueur depuis le 1er juillet 2016. Cette stipulation implique que tout exp\u00e9diteur doit indiquer la MBV de chaque conteneur empot\u00e9 et charg\u00e9 sur un navire.&nbsp; Vous pouvez consulter la r\u00e9glementation compl\u00e8te sur ce site de Transport Canada: &nbsp;<a href=\"http:\/\/www.tc.gc.ca\/fra\/securitemaritime\/tp-menu-515-4505.html\" target=\"_blank\" rel=\"noreferrer noopener\">http:\/\/www.tc.gc.ca\/fra\/securitemaritime\/tp-menu-515-4505.html<\/a><\/p>\n\n\n\n<p>La MBV implique le poids total de la cargaison, du fardage ainsi que du conteneur transportant les marchandises. Il est requis de tout exp\u00e9diteur de fournir et d\u2019indiquer la MBV sur le connaissement afin de se conformer \u00e0 la r\u00e9glementation.\u00a0 (<a href=\"https:\/\/www.oceanex.com\/wp-content\/uploads\/2025\/02\/FM-160-136-SOLAS-VGM-Declaration-FR.pdf\" target=\"_blank\" rel=\"noreferrer noopener\"><strong>T\u00e9l\u00e9charger le Formulaire<\/strong><\/a>) \u00a0La MBV doit \u00eatre indiqu\u00e9e et sign\u00e9e\/confirm\u00e9e sur le document de la fa\u00e7on suivante\u00a0:<\/p>\n\n\n\n<p class=\"has-text-align-center\"><strong>Poids de la cargaison<sup>1<\/sup>&nbsp;+ tare du conteneur = MBV<\/strong><\/p>\n\n\n\n<p><em><sup>1&nbsp;&nbsp;&nbsp;&nbsp;<\/sup>Le poids de la cargaison signifie le poids total de tous les colis et \u00e9l\u00e9ments de cargaison, en incluant les palettes, le fardage, le mat\u00e9riel d\u2019emballage et d\u2019assujettissement, charg\u00e9s dans le conteneur.<\/em><\/p>\n\n\n\n<p>Oceanex travaille en \u00e9troite collaboration avec nos fournisseurs et nos clients pour assurer la conformit\u00e9 avec SOLAS. Le moyen le plus \u00e9conomique et efficace demeure que tous les exp\u00e9diteurs combinent le poids de la cargaison avec le tare du conteneur et le d\u00e9clarent sur le connaissement.&nbsp; Oceanex peut \u00e9galement offrir une option de pes\u00e9e du conteneur moyennant des frais identifi\u00e9s dans le Tarif g\u00e9n\u00e9ral&nbsp;; &nbsp;il faut tout de m\u00eame prendre note que cette option pourrait occasionner des d\u00e9lais et la cargaison risquerait de manquer le d\u00e9part du navire.<\/p>\n\n\n\n<p>Si vous avez des questions ou n\u00e9cessitez de plus amples renseignements, n\u2019h\u00e9sitez pas \u00e0 contacter votre Directeur de compte.<\/p>\n\n\n\n<p class=\"has-text-align-center\"><img decoding=\"async\" width=\"320\" height=\"256\" class=\"wp-image-10278\" style=\"width: 320px;\" src=\"https:\/\/www.oceanex.com\/wp-content\/uploads\/2024\/03\/container-lift-sun.png\" alt=\"\" srcset=\"https:\/\/www.oceanex.com\/wp-content\/uploads\/2024\/03\/container-lift-sun.png 640w, https:\/\/www.oceanex.com\/wp-content\/uploads\/2024\/03\/container-lift-sun-300x240.png 300w\" sizes=\"(max-width: 320px) 100vw, 320px\" \/><\/p>\n","protected":false},"excerpt":{"rendered":"<p>La nouvelle r\u00e9glementation concernant la masse brute v\u00e9rifi\u00e9e (MBV) provenant de la Convention internationale de pour la sauvegarde de la vie humaine en mer (SOLAS) introduite par l\u2019Organisation Maritime Internationale (OMI) est en vigueur depuis le 1er <a class=\"read-more\" style=\"text-decoration:none;\" href=\"https:\/\/www.oceanex.com\/fr\/formulaires-references\/mbv-mise-a-jour-des-exigences-solas\/\">(&#8230;)<\/a><\/p>\n","protected":false},"author":2,"featured_media":10262,"parent":261,"menu_order":0,"comment_status":"closed","ping_status":"closed","template":"template-page.php","meta":{"footnotes":""},"class_list":["post-10270","page","type-page","status-publish","has-post-thumbnail","hentry"],"_links":{"self":[{"href":"https:\/\/www.oceanex.com\/fr\/wp-json\/wp\/v2\/pages\/10270","targetHints":{"allow":["GET"]}}],"collection":[{"href":"https:\/\/www.oceanex.com\/fr\/wp-json\/wp\/v2\/pages"}],"about":[{"href":"https:\/\/www.oceanex.com\/fr\/wp-json\/wp\/v2\/types\/page"}],"author":[{"embeddable":true,"href":"https:\/\/www.oceanex.com\/fr\/wp-json\/wp\/v2\/users\/2"}],"replies":[{"embeddable":true,"href":"https:\/\/www.oceanex.com\/fr\/wp-json\/wp\/v2\/comments?post=10270"}],"version-history":[{"count":3,"href":"https:\/\/www.oceanex.com\/fr\/wp-json\/wp\/v2\/pages\/10270\/revisions"}],"predecessor-version":[{"id":10456,"href":"https:\/\/www.oceanex.com\/fr\/wp-json\/wp\/v2\/pages\/10270\/revisions\/10456"}],"up":[{"embeddable":true,"href":"https:\/\/www.oceanex.com\/fr\/wp-json\/wp\/v2\/pages\/261"}],"wp:featuredmedia":[{"embeddable":true,"href":"https:\/\/www.oceanex.com\/fr\/wp-json\/wp\/v2\/media\/10262"}],"wp:attachment":[{"href":"https:\/\/www.oceanex.com\/fr\/wp-json\/wp\/v2\/media?parent=10270"}],"curies":[{"name":"wp","href":"https:\/\/api.w.org\/{rel}","templated":true}]}}