{"id":10359,"date":"2024-06-07T11:18:08","date_gmt":"2024-06-07T15:18:08","guid":{"rendered":"https:\/\/www.oceanex.com\/?page_id=10359"},"modified":"2025-06-20T18:49:13","modified_gmt":"2025-06-20T22:49:13","slug":"rapport-sur-lesclavage-moderne","status":"publish","type":"page","link":"https:\/\/www.oceanex.com\/fr\/rapport-sur-lesclavage-moderne\/","title":{"rendered":"Rapport sur l&rsquo;esclavage moderne"},"content":{"rendered":"\n<p><\/p>\n<h3>Loi relative \u00e0 la lutte contre le travail forc\u00e9 et le travail des enfants dans les cha\u00eenes d&rsquo;approvisionnement<\/h3>\n<p>L&rsquo;honn\u00eatet\u00e9 et l&rsquo;int\u00e9grit\u00e9, le respect des droits de l&rsquo;homme et des lois applicables, l&rsquo;\u00e9quit\u00e9 envers le personnel et toutes les personnes avec lesquelles nous traitons, y compris nos clients, sont des piliers essentiels de notre philosophie d&rsquo;entreprise.<\/p>\n<p>Oceanex s&rsquo;efforce de ne faire affaire qu&rsquo;avec des fournisseurs qui partagent ces valeurs et engagements. Consultez notre rapport \u00a0\u00bb Lutte contre le travail forc\u00e9 et le travail des enfants dans la cha\u00eene d&rsquo;approvisionnement \u00a0\u00bb pour plus d&rsquo;informations.<\/p>\n<br \/>\n<div style=\"width: 42px; height: 100px; float: left; margin: 0px 20px 0px 70px; display: inline-table; padding: 0;\"><a href=\"https:\/\/www.oceanex.com\/wp-content\/uploads\/2025\/06\/Lutte-contre-travail-force-rapport-2024.pdf\" target=\"_blank\" rel=\"noopener\"><br \/><img decoding=\"async\" style=\"box-shadow: 4px 4px 5px #888888;\" src=\"https:\/\/www.oceanex.com\/wp-content\/uploads\/2024\/06\/thumbnail-report.jpg\" alt=\"\" \/><br \/><\/a><\/div>\n<div style=\"margin-top: 23px;\">\n<h3>Rapport pour l&rsquo;exercice financier se terminant le 31 d\u00e9cembre 2024<\/h3>\n<div class=\"contain\" style=\"margin-bottom: 40px;\">\n<div class=\"download-wrap\" style=\"display: inline;\"><a class=\"download\" style=\"margin-right: 20px; float: left;\" href=\"https:\/\/www.oceanex.com\/wp-content\/uploads\/2025\/06\/Lutte-contre-travail-force-rapport-2024.pdf\" target=\"_blank\" rel=\"noopener\">T\u00e9l\u00e9charger PDF<\/a><\/div>\n<\/div>\n<\/div>\n<br style=\"clear:both;\" \/>\n<div style=\"width: 42px; height: 100px; float: left; margin: 0px 20px 0px 70px; display: inline-table; padding: 0;\"><a href=\"https:\/\/www.oceanex.com\/wp-content\/uploads\/2024\/06\/rapport-chaines-approvisionnement.pdf\" target=\"_blank\" rel=\"noopener\"><br \/><img decoding=\"async\" style=\"box-shadow: 4px 4px 5px #888888;\" src=\"https:\/\/www.oceanex.com\/wp-content\/uploads\/2024\/06\/thumbnail-report.jpg\" alt=\"\" \/><br \/><\/a><\/div>\n<div style=\"margin-top: 23px;\">\n<h3>Rapport pour l&rsquo;exercice financier se terminant le 31 d\u00e9cembre 2023<\/h3>\n<div class=\"contain\" style=\"margin-bottom: 40px;\">\n<div class=\"download-wrap\" style=\"display: inline;\"><a class=\"download\" style=\"margin-right: 20px; float: left;\" href=\"https:\/\/www.oceanex.com\/wp-content\/uploads\/2024\/06\/rapport-chaines-approvisionnement.pdf\" target=\"_blank\" rel=\"noopener\">T\u00e9l\u00e9charger PDF<\/a><\/div>\n<\/div>\n<\/div>\n<br \/><br \/><br \/>\n\n\n\n<p><\/p>\n","protected":false},"excerpt":{"rendered":"<p>Loi relative \u00e0 la lutte contre le travail forc\u00e9 et le travail des enfants dans les cha\u00eenes d&rsquo;approvisionnement L&rsquo;honn\u00eatet\u00e9 et l&rsquo;int\u00e9grit\u00e9, le respect des droits de l&rsquo;homme et des lois applicables, l&rsquo;\u00e9quit\u00e9 envers le personnel et toutes <a class=\"read-more\" style=\"text-decoration:none;\" href=\"https:\/\/www.oceanex.com\/fr\/rapport-sur-lesclavage-moderne\/\">(&#8230;)<\/a><\/p>\n","protected":false},"author":2,"featured_media":0,"parent":0,"menu_order":0,"comment_status":"closed","ping_status":"closed","template":"template-page.php","meta":{"footnotes":""},"class_list":["post-10359","page","type-page","status-publish","hentry"],"_links":{"self":[{"href":"https:\/\/www.oceanex.com\/fr\/wp-json\/wp\/v2\/pages\/10359","targetHints":{"allow":["GET"]}}],"collection":[{"href":"https:\/\/www.oceanex.com\/fr\/wp-json\/wp\/v2\/pages"}],"about":[{"href":"https:\/\/www.oceanex.com\/fr\/wp-json\/wp\/v2\/types\/page"}],"author":[{"embeddable":true,"href":"https:\/\/www.oceanex.com\/fr\/wp-json\/wp\/v2\/users\/2"}],"replies":[{"embeddable":true,"href":"https:\/\/www.oceanex.com\/fr\/wp-json\/wp\/v2\/comments?post=10359"}],"version-history":[{"count":3,"href":"https:\/\/www.oceanex.com\/fr\/wp-json\/wp\/v2\/pages\/10359\/revisions"}],"predecessor-version":[{"id":10520,"href":"https:\/\/www.oceanex.com\/fr\/wp-json\/wp\/v2\/pages\/10359\/revisions\/10520"}],"wp:attachment":[{"href":"https:\/\/www.oceanex.com\/fr\/wp-json\/wp\/v2\/media?parent=10359"}],"curies":[{"name":"wp","href":"https:\/\/api.w.org\/{rel}","templated":true}]}}