{"id":1226,"date":"2015-01-19T13:42:12","date_gmt":"2015-01-19T18:42:12","guid":{"rendered":"https:\/\/www.oceanex.com\/?page_id=1226"},"modified":"2023-08-16T13:46:10","modified_gmt":"2023-08-16T17:46:10","slug":"apercu","status":"publish","type":"page","link":"https:\/\/www.oceanex.com\/fr\/services\/apercu\/","title":{"rendered":"Aper\u00e7u des Services de Transports"},"content":{"rendered":"<div style=\"clear: both;\"><img decoding=\"async\" class=\"alignleft\" style=\"margin-bottom: 22px;\" src=\"https:\/\/www.oceanex.com\/wp-content\/uploads\/2015\/01\/53retouche-overview.jpg\" alt=\"Conteneurs Pleine-Charge\" width=\"300\" height=\"199\"><\/p>\n<div style=\"display: table;\">\n<h3 style=\"margin-top: 0;\">Pleines charges \u2014 \u00c9quipement et services adapt\u00e9s<\/h3>\n<ul>\n<li>Plus grand parc de conteneurs et de remorques destin\u00e9 \u00e0 desservir la province de Terre-Neuve-et-Labrador<\/li>\n<li>Conteneurs de dimensions vari\u00e9es&nbsp;: 20, 40, et 53 pieds &#8211; <a title=\"Conteneurs et remorques\" href=\"https:\/\/www.oceanex.com\/fr\/suivi-expedition\/conteneurs-remorques\/\"><em>En savoir plus<\/em><\/a><\/li>\n<li>Transport de divers types de chargements&nbsp;: vrac liquide ou solide, cargaisons r\u00e9frig\u00e9r\u00e9es, marchandises n\u00e9cessitant des conteneurs chauff\u00e9s, des conteneurs \u00e0 toit ouvert ou des plateformes<\/li>\n<li>Remorques plateaux t\u00e9lescopiques et semi-surbaiss\u00e9es<\/li>\n<li>Transport routier, ferroviaire ou maritime en provenance et \u00e0 destination de Terre-Neuve-et-Labrador<\/li>\n<\/ul>\n<\/div>\n<\/div>\n<div style=\"clear: both;\"><img decoding=\"async\" class=\"alignleft\" style=\"margin-bottom: 22px;\" src=\"https:\/\/www.oceanex.com\/wp-content\/uploads\/2015\/02\/palettes-action.jpg\" alt=\"Camion de service ltl\" width=\"300\" height=\"155\"><\/p>\n<div style=\"display: table;\">\n<h3 style=\"margin-top: 0;\">Charges partielles (LTL) \u2014 Pour des cargaisons r\u00e9duites<\/h3>\n<ul>\n<li>Service de cueillette par camion dans toutes les r\u00e9gions de l&rsquo;Am\u00e9rique du Nord <!-- <a title=\"Liaisons\" href=\"https:\/\/www.oceanex.com\/fr\/services\/routes-transport\/\"><em>En savoir plus<\/em><\/a> --><\/li>\n<li>Possibilit\u00e9 de service acc\u00e9l\u00e9r\u00e9<\/li>\n<li>Marchandises allant des petits colis aux charges palettis\u00e9es<\/li>\n<\/ul>\n<\/div>\n<\/div>\n<div style=\"clear: both;\"><img decoding=\"async\" class=\"alignleft\" style=\"margin-bottom: 22px;\" src=\"https:\/\/www.oceanex.com\/wp-content\/uploads\/2015\/01\/Oceanex_22_300x224.jpg\" alt=\"Charge surdimensionn\u00e9es\" width=\"300\" height=\"224\"><\/p>\n<div style=\"display: table;\">\n<h3 style=\"margin-top: 0;\">Marchandises li\u00e9es \u00e0 un projet&nbsp;\u2014 Des professionnels d&rsquo;exp\u00e9rience<\/h3>\n<ul>\n<li>Sp\u00e9cialiste du secteur long-courrier de Terre-Neuve-et-Labrador<\/li>\n<li>Important transporteur de charges surdimensionn\u00e9es<\/li>\n<li>Manutention de charges lourdes<\/li>\n<li>Important fournisseur de services pour le secteur minier<\/li>\n<li>Affr\u00e8tement de navires<\/li>\n<li>Voyages incitatifs (sur demande)<\/li>\n<li>Gestion de projets<\/li>\n<\/ul>\n<\/div>\n<\/div>\n<div style=\"clear: both;\"><img decoding=\"async\" class=\"alignleft\" style=\"margin-bottom: 22px;\" src=\"https:\/\/www.oceanex.com\/wp-content\/uploads\/2015\/01\/oceanex-33-300x171.jpg\" alt=\"Embarquement de v\u00e9hicules\" width=\"300\" height=\"171\"><\/p>\n<div style=\"display: table;\">\n<h3 style=\"margin-top: 0;\">Industrie automobile \u2014 Transport par navires sp\u00e9cialis\u00e9s<\/h3>\n<ul>\n<li>Transport de voitures neuves dans des navires rouliers<\/li>\n<li>Ententes conclues avec les r\u00e9seaux nationaux de chemins de fer pour la livraison de voitures de fabrication domestique et \u00e9trang\u00e8re<\/li>\n<li>Ententes pour le transport de voitures par porte-automobile<\/li>\n<\/ul>\n<\/div>\n<\/div>\n<div style=\"clear: both;\">\n<img decoding=\"async\" class=\"alignleft\" style=\"margin-bottom: 22px;\" src=\"\/wp-content\/uploads\/2023\/08\/driving_navigation_car_road.jpg\" alt=\"Auto\"><\/p>\n<div style=\"display: table;\">\n<h3 style=\"margin-top: 0;\">Automobiles personnelles<\/h3>\n<ul>\n<li>Transport d&rsquo;automobiles personnelles entre les ports de St. John&rsquo;s et Montr\u00e9al, ainsi que de St. John&rsquo;s et Halifax.<\/li>\n<li>Pour r\u00e9server le transport de votre voiture, contactez <a href=\"mailto:bookings@oceanex.com\">bookings@oceanex.com<\/a> ou appelez-nous gratuitement au 888-875-9595.<\/li>\n<\/ul>\n<\/div>\n<\/div>\n<div style=\"clear: both;\"><img decoding=\"async\" class=\"alignleft\" style=\"margin-bottom: 22px;\" src=\"https:\/\/www.oceanex.com\/wp-content\/uploads\/2016\/05\/night-port.jpg\" alt=\"Terminal maritime\" width=\"300\" height=\"184\"><\/p>\n<div style=\"display: table;\">\n<h3 style=\"margin-top: 0;\">Service international \u2014 Entre Terre-Neuve et le reste du monde<\/h3>\n<ul>\n<li>Contrat de service de correspondance avec des compagnies de navigation internationales<\/li>\n<li>Lien vital entre les march\u00e9s mondiaux via les ports de Montr\u00e9al et de Halifax &#8211; <a title=\"Terminaux\" href=\"https:\/\/www.oceanex.com\/fr\/services\/terminaux\/\"><em>En savoir plus<\/em><\/a><\/li>\n<li>Service intermodal rapide vers Terre-Neuve de conteneurs provenant de partout au monde<\/li>\n<li>Fournisseur bien \u00e9tabli dans l\u2019industrie de la p\u00eache d&rsquo;exportation de Terre-Neuve<\/li>\n<\/ul>\n<\/div>\n<\/div>\n","protected":false},"excerpt":{"rendered":"<p>Pleines charges \u2014 \u00c9quipement et services adapt\u00e9s Plus grand parc de conteneurs et de remorques destin\u00e9 \u00e0 desservir la province de Terre-Neuve-et-Labrador Conteneurs de dimensions vari\u00e9es&nbsp;: 20, 40, et 53 pieds &#8211; En savoir plus Transport de <a class=\"read-more\" style=\"text-decoration:none;\" href=\"https:\/\/www.oceanex.com\/fr\/services\/apercu\/\">(&#8230;)<\/a><\/p>\n","protected":false},"author":2,"featured_media":1234,"parent":269,"menu_order":0,"comment_status":"open","ping_status":"closed","template":"template-page.php","meta":{"footnotes":""},"class_list":["post-1226","page","type-page","status-publish","has-post-thumbnail","hentry"],"_links":{"self":[{"href":"https:\/\/www.oceanex.com\/fr\/wp-json\/wp\/v2\/pages\/1226","targetHints":{"allow":["GET"]}}],"collection":[{"href":"https:\/\/www.oceanex.com\/fr\/wp-json\/wp\/v2\/pages"}],"about":[{"href":"https:\/\/www.oceanex.com\/fr\/wp-json\/wp\/v2\/types\/page"}],"author":[{"embeddable":true,"href":"https:\/\/www.oceanex.com\/fr\/wp-json\/wp\/v2\/users\/2"}],"replies":[{"embeddable":true,"href":"https:\/\/www.oceanex.com\/fr\/wp-json\/wp\/v2\/comments?post=1226"}],"version-history":[{"count":3,"href":"https:\/\/www.oceanex.com\/fr\/wp-json\/wp\/v2\/pages\/1226\/revisions"}],"predecessor-version":[{"id":10138,"href":"https:\/\/www.oceanex.com\/fr\/wp-json\/wp\/v2\/pages\/1226\/revisions\/10138"}],"up":[{"embeddable":true,"href":"https:\/\/www.oceanex.com\/fr\/wp-json\/wp\/v2\/pages\/269"}],"wp:featuredmedia":[{"embeddable":true,"href":"https:\/\/www.oceanex.com\/fr\/wp-json\/wp\/v2\/media\/1234"}],"wp:attachment":[{"href":"https:\/\/www.oceanex.com\/fr\/wp-json\/wp\/v2\/media?parent=1226"}],"curies":[{"name":"wp","href":"https:\/\/api.w.org\/{rel}","templated":true}]}}