{"id":1540,"date":"2015-01-21T18:19:32","date_gmt":"2015-01-21T23:19:32","guid":{"rendered":"https:\/\/www.oceanex.com\/?page_id=1540"},"modified":"2026-03-04T14:13:17","modified_gmt":"2026-03-04T19:13:17","slug":"termes-et-conditions","status":"publish","type":"page","link":"https:\/\/www.oceanex.com\/fr\/formulaires-references\/termes-et-conditions\/","title":{"rendered":"Termes et conditions"},"content":{"rendered":"<div style=\"width: 42px; height: 100px; float: left; margin: 20px 20px 20px 30px; display: inline-table; padding: 0;\"><a href=\"https:\/\/www.oceanex.com\/wp-content\/uploads\/2024\/05\/FM-160-112-Oceanex-Combined-Transportation-Waybill-V8-FR-WEB.pdf\" target=\"_blank\" rel=\"noopener\"><img decoding=\"async\" style=\"box-shadow: 4px 4px 5px #888888;\" src=\"https:\/\/www.oceanex.com\/wp-content\/uploads\/2015\/01\/ctwb-terms-cond-thumb.png\" alt=\"\" \/><\/a><\/div>\n<div style=\"margin-top: 23px;\">\n<h2>Termes et conditions de la lettre de transport<\/h2>\n<div class=\"contain\" style=\"margin-bottom: 40px;\">\n<div class=\"download-wrap\" style=\"display: inline;\"><a class=\"download\" style=\"margin-right: 20px; float: left;\" href=\"https:\/\/www.oceanex.com\/wp-content\/uploads\/2024\/05\/FM-160-112-Oceanex-Combined-Transportation-Waybill-V8-FR-WEB.pdf\" target=\"_blank\" rel=\"noopener\">T\u00e9l\u00e9charger\u00a0PDF<\/a><\/div>\n<div>\n<h3 style=\"font-size: 20px; padding-top: 5px;\">Date d&rsquo;entr\u00e9e en vigueur: 2024-05-07<\/h3>\n<\/div>\n<\/div>\n<\/div>\n<p style=\"clear: both;\">\n<div style=\"width: 42px; height: 100px; float: left; margin: 20px 20px 20px 30px; display: inline-table; padding: 0;\"><a href=\"https:\/\/www.oceanex.com\/wp-content\/uploads\/2018\/02\/FM-180-005-Ter-carrier-fr.pdf\" target=\"_blank\" rel=\"noopener\"><img decoding=\"async\" style=\"box-shadow: 4px 4px 5px #888888;\" src=\"https:\/\/www.oceanex.com\/wp-content\/uploads\/2016\/04\/3plcarriers-thumb.png\" alt=\"\" \/><\/a><\/div>\n<div style=\"margin-top: 23px;\">\n<h2>Conditions g\u00e9n\u00e9rales pour le transport de fret 3PL par des transporteurs<\/h2>\n<div class=\"contain\" style=\"margin-bottom: 40px;\">\n<div class=\"download-wrap\" style=\"display: inline;\"><a class=\"download\" style=\"margin-right: 20px; float: left;\" href=\"https:\/\/www.oceanex.com\/wp-content\/uploads\/2018\/02\/FM-180-005-Ter-carrier-fr.pdf\" target=\"_blank\" rel=\"noopener\">T\u00e9l\u00e9charger\u00a0PDF<\/a><\/div>\n<div>\n<h3 style=\"font-size: 20px; padding-top: 5px;\">Date d&rsquo;entr\u00e9e en vigueur: 2016-04-12<\/h3>\n<\/div>\n<\/div>\n<\/div>\n<p style=\"clear: both;\">\n<div style=\"width: 42px; height: 100px; float: left; margin: 20px 20px 20px 30px; display: inline-table; padding: 0;\"><a href=\"https:\/\/www.oceanex.com\/wp-content\/uploads\/2018\/02\/FM-180-004-Ter-shipper-fr.pdf\" target=\"_blank\" rel=\"noopener\"><img decoding=\"async\" style=\"box-shadow: 4px 4px 5px #888888; margin-bottom: 25px;\" src=\"https:\/\/www.oceanex.com\/wp-content\/uploads\/2016\/04\/3plshippers-thumb.png\" alt=\"\" \/><\/a><\/div>\n<div style=\"margin-top: 23px;\">\n<h2>Conditions g\u00e9n\u00e9rales pour l&rsquo;exp\u00e9dition des marchandises de prestataires de services logistiques 3PL applicables aux exp\u00e9diteurs<\/h2>\n<div class=\"contain\" style=\"margin-bottom: 40px;\">\n<div class=\"download-wrap\" style=\"display: inline;\"><a class=\"download\" style=\"margin-right: 20px; float: left;\" href=\"https:\/\/www.oceanex.com\/wp-content\/uploads\/2018\/02\/FM-180-004-Ter-shipper-fr.pdf\" target=\"_blank\" rel=\"noopener\">T\u00e9l\u00e9charger\u00a0PDF<\/a><\/div>\n<div>\n<h3 style=\"font-size: 20px; padding-top: 5px;\">Date d&rsquo;entr\u00e9e en vigueur: 2016-04-12<\/h3>\n<\/div>\n<\/div>\n<\/div>\n<p style=\"clear: both;\">\n<div style=\"width: 42px; height: 100px; float: left; margin: 20px 20px 20px 30px; display: inline-table; padding: 0;\"><a href=\"https:\/\/www.oceanex.com\/wp-content\/uploads\/2024\/05\/oceanex-termes-biens-services-fournisseurs.pdf\" target=\"_blank\" rel=\"noopener\"><img decoding=\"async\" style=\"box-shadow: 4px 4px 5px #888888; margin-bottom: 25px;\" src=\"https:\/\/www.oceanex.com\/wp-content\/uploads\/2015\/01\/ctwb-terms-cond-thumb.png\" alt=\"\" \/><\/a><\/div>\n<div style=\"margin-top: 23px;\">\n<h2>Conditions g\u00e9n\u00e9rales d\u2019Oceanex associ\u00e9es \u00e0 la fourniture de biens et\/ou de services par les fournisseurs<\/h2>\n<div class=\"contain\" style=\"margin-bottom: 40px;\">\n<div class=\"download-wrap\" style=\"display: inline;\"><a class=\"download\" style=\"margin-right: 20px; float: left;\" href=\"https:\/\/www.oceanex.com\/wp-content\/uploads\/2024\/05\/oceanex-termes-biens-services-fournisseurs.pdf\" target=\"_blank\" rel=\"noopener\">T\u00e9l\u00e9charger\u00a0PDF<\/a><\/div>\n<div>\n<h3 style=\"font-size: 20px; padding-top: 5px;\">Date d&rsquo;entr\u00e9e en vigueur: 2024-05-30<\/h3>\n<\/div>\n<\/div>\n<\/div>\n<p style=\"clear: both;\">\n<div style=\"width: 42px; height: 100px; float: left; margin: 20px 20px 20px 30px; display: inline-table; padding: 0;\"><a href=\"https:\/\/www.oceanex.com\/wp-content\/uploads\/2025\/04\/Tarif-General-2025.pdf\" target=\"_blank\" rel=\"noopener\"><img decoding=\"async\" style=\"box-shadow: 4px 4px 5px #888888;\" src=\"https:\/\/www.oceanex.com\/wp-content\/uploads\/2015\/01\/general-tariff-thumb.png\" alt=\"\" \/><\/a><\/div>\n<div style=\"margin-top: 23px;\">\n<h2>Tarif g\u00e9n\u00e9ral en vigueur 2025<\/h2>\n<div class=\"contain\" style=\"margin-bottom: 40px;\">\n<div class=\"download-wrap\" style=\"display: inline;\"><a class=\"download\" style=\"margin-right: 20px; float: left;\" href=\"https:\/\/www.oceanex.com\/wp-content\/uploads\/2025\/04\/Tarif-General-2025.pdf\" target=\"_blank\" rel=\"noopener\">T\u00e9l\u00e9charger\u00a0PDF<\/a><\/div>\n<div>\n<h3 style=\"font-size: 20px; padding-top: 5px;\">Date d&rsquo;entr\u00e9e en vigueur: 2025-04-01<\/h3>\n<\/div>\n<\/div>\n<\/div>\n<p style=\"clear: both;\">\n<div style=\"width: 42px; height: 100px; float: left; margin: 20px 20px 20px 30px; display: inline-table; padding: 0;\"><a href=\"https:\/\/www.oceanex.com\/wp-content\/uploads\/2025\/04\/Tarif-General-Sommaire-2025.pdf\" target=\"_blank\" rel=\"noopener\"><img decoding=\"async\" style=\"box-shadow: 4px 4px 5px #888888;\" src=\"https:\/\/www.oceanex.com\/wp-content\/uploads\/2015\/01\/general-tarif-sum-thumb.png\" alt=\"\" \/><\/a><\/div>\n<div style=\"margin-top: 23px;\">\n<h2>Sommaire du Tarif g\u00e9n\u00e9ral 2025<\/h2>\n<div class=\"contain\" style=\"margin-bottom: 40px;\">\n<div class=\"download-wrap\" style=\"display: inline;\"><a class=\"download\" style=\"margin-right: 20px; float: left;\" href=\"https:\/\/www.oceanex.com\/wp-content\/uploads\/2025\/04\/Tarif-General-Sommaire-2025.pdf\" target=\"_blank\" rel=\"noopener\">T\u00e9l\u00e9charger\u00a0PDF<\/a><\/div>\n<div>\n<h3 style=\"font-size: 20px; padding-top: 5px;\">Date d&rsquo;entr\u00e9e en vigueur: 2025-04-01<\/h3>\n<\/div>\n<\/div>\n<\/div>\n<p style=\"clear: both;\">\n<div style=\"width: 42px; height: 100px; float: left; margin: 20px 20px 20px 30px; display: inline-table; padding: 0;\"><a href=\"https:\/\/www.oceanex.com\/wp-content\/uploads\/2026\/03\/Tarif-General-2026.pdf\" target=\"_blank\" rel=\"noopener\"><img decoding=\"async\" style=\"box-shadow: 4px 4px 5px #888888;\" src=\"https:\/\/www.oceanex.com\/wp-content\/uploads\/2015\/01\/general-tariff-thumb.png\" alt=\"\" \/><\/a><\/div>\n<div style=\"margin-top: 23px;\">\n<h2>Tarif g\u00e9n\u00e9ral en vigueur 2026<\/h2>\n<div class=\"contain\" style=\"margin-bottom: 40px;\">\n<div class=\"download-wrap\" style=\"display: inline;\"><a class=\"download\" style=\"margin-right: 20px; float: left;\" href=\"https:\/\/www.oceanex.com\/wp-content\/uploads\/2026\/03\/Tarif-General-2026.pdf\" target=\"_blank\" rel=\"noopener\">T\u00e9l\u00e9charger\u00a0PDF<\/a><\/div>\n<div>\n<h3 style=\"font-size: 20px; padding-top: 5px;\">Date d&rsquo;entr\u00e9e en vigueur: 2026-01-01<\/h3>\n<\/div>\n<\/div>\n<\/div>\n<p style=\"clear: both;\">\n<div style=\"width: 42px; height: 100px; float: left; margin: 20px 20px 20px 30px; display: inline-table; padding: 0;\"><a href=\"https:\/\/www.oceanex.com\/wp-content\/uploads\/2026\/03\/Tarif-General-Sommaire-2026.pdf\" target=\"_blank\" rel=\"noopener\"><img decoding=\"async\" style=\"box-shadow: 4px 4px 5px #888888;\" src=\"https:\/\/www.oceanex.com\/wp-content\/uploads\/2015\/01\/general-tarif-sum-thumb.png\" alt=\"\" \/><\/a><\/div>\n<div style=\"margin-top: 23px;\">\n<h2>Sommaire du Tarif g\u00e9n\u00e9ral 2026<\/h2>\n<div class=\"contain\" style=\"margin-bottom: 40px;\">\n<div class=\"download-wrap\" style=\"display: inline;\"><a class=\"download\" style=\"margin-right: 20px; float: left;\" href=\"https:\/\/www.oceanex.com\/wp-content\/uploads\/2026\/03\/Tarif-General-Sommaire-2026.pdf\" target=\"_blank\" rel=\"noopener\">T\u00e9l\u00e9charger\u00a0PDF<\/a><\/div>\n<div>\n<h3 style=\"font-size: 20px; padding-top: 5px;\">Date d&rsquo;entr\u00e9e en vigueur: 2026-01-01<\/h3>\n<\/div>\n<\/div>\n<\/div>\n<p style=\"clear: both;\">\n<div style=\"width: 42px; height: 100px; float: left; margin: 20px 20px 20px 30px; display: inline-table; padding: 0;\"><a href=\"\/wp-content\/uploads\/2025\/02\/2021-RateQuotation-Terms-and-Conditions-fr.pdf\" target=\"_blank\" rel=\"noopener\"><img decoding=\"async\" style=\"box-shadow: 4px 4px 5px #888888;\" src=\"https:\/\/www.oceanex.com\/wp-content\/uploads\/2015\/01\/rate-quotation-thumb.png\" alt=\"\" \/><\/a><\/div>\n<div style=\"margin-top: 23px;\">\n<h2>Taux de cotation<\/h2>\n<div class=\"contain\" style=\"margin-bottom: 40px;\">\n<div class=\"download-wrap\" style=\"display: inline;\"><a class=\"download\" style=\"margin-right: 20px; float: left;\" href=\"\/wp-content\/uploads\/2025\/02\/2021-RateQuotation-Terms-and-Conditions-fr.pdf\" target=\"_blank\" rel=\"noopener\">T\u00e9l\u00e9charger\u00a0PDF<\/a><\/div>\n<div>\n<h3 style=\"font-size: 20px; padding-top: 5px;\">Date d&rsquo;entr\u00e9e en vigueur: 2021-04-08<\/h3>\n<\/div>\n<\/div>\n<\/div>\n","protected":false},"excerpt":{"rendered":"<p>Termes et conditions de la lettre de transport T\u00e9l\u00e9charger\u00a0PDF Date d&rsquo;entr\u00e9e en vigueur: 2024-05-07 Conditions g\u00e9n\u00e9rales pour le transport de fret 3PL par des transporteurs T\u00e9l\u00e9charger\u00a0PDF Date d&rsquo;entr\u00e9e en vigueur: 2016-04-12 Conditions g\u00e9n\u00e9rales pour l&rsquo;exp\u00e9dition des marchandises <a class=\"read-more\" style=\"text-decoration:none;\" href=\"https:\/\/www.oceanex.com\/fr\/formulaires-references\/termes-et-conditions\/\">(&#8230;)<\/a><\/p>\n","protected":false},"author":2,"featured_media":1672,"parent":261,"menu_order":51,"comment_status":"open","ping_status":"open","template":"template-page.php","meta":{"footnotes":""},"class_list":["post-1540","page","type-page","status-publish","has-post-thumbnail","hentry"],"_links":{"self":[{"href":"https:\/\/www.oceanex.com\/fr\/wp-json\/wp\/v2\/pages\/1540","targetHints":{"allow":["GET"]}}],"collection":[{"href":"https:\/\/www.oceanex.com\/fr\/wp-json\/wp\/v2\/pages"}],"about":[{"href":"https:\/\/www.oceanex.com\/fr\/wp-json\/wp\/v2\/types\/page"}],"author":[{"embeddable":true,"href":"https:\/\/www.oceanex.com\/fr\/wp-json\/wp\/v2\/users\/2"}],"replies":[{"embeddable":true,"href":"https:\/\/www.oceanex.com\/fr\/wp-json\/wp\/v2\/comments?post=1540"}],"version-history":[{"count":4,"href":"https:\/\/www.oceanex.com\/fr\/wp-json\/wp\/v2\/pages\/1540\/revisions"}],"predecessor-version":[{"id":10626,"href":"https:\/\/www.oceanex.com\/fr\/wp-json\/wp\/v2\/pages\/1540\/revisions\/10626"}],"up":[{"embeddable":true,"href":"https:\/\/www.oceanex.com\/fr\/wp-json\/wp\/v2\/pages\/261"}],"wp:featuredmedia":[{"embeddable":true,"href":"https:\/\/www.oceanex.com\/fr\/wp-json\/wp\/v2\/media\/1672"}],"wp:attachment":[{"href":"https:\/\/www.oceanex.com\/fr\/wp-json\/wp\/v2\/media?parent=1540"}],"curies":[{"name":"wp","href":"https:\/\/api.w.org\/{rel}","templated":true}]}}