{"id":2131,"date":"2015-03-17T15:07:14","date_gmt":"2015-03-17T19:07:14","guid":{"rendered":"https:\/\/www.oceanex.com\/?page_id=2131"},"modified":"2017-02-24T14:58:28","modified_gmt":"2017-02-24T19:58:28","slug":"periode-de-degel","status":"publish","type":"page","link":"https:\/\/www.oceanex.com\/fr\/periode-de-degel\/","title":{"rendered":"P\u00e9riode de d\u00e9gel"},"content":{"rendered":"<h2>Limites de charges<\/h2>\n<p>Les limites de charge autoris\u00e9es sont r\u00e9duites en p\u00e9riode de d\u00e9gel sur l\u2019ensemble des chemins publics. Il en est ainsi chaque ann\u00e9e afin de tenir compte de la capacit\u00e9 portante plus faible du r\u00e9seau routier durant cette p\u00e9riode.<\/p>\n<p style=\"text-align:center;\"><a href=\"https:\/\/www.oceanex.com\/wp-content\/uploads\/2017\/02\/list-eq-fr-degel2017-02-24.pdf\" target=\"_blank\">T\u00e9l\u00e9chargez la liste des \u00e9quipements contenant les d\u00e9tails des limites de charges en p\u00e9riode de d\u00e9gel. (PDF)<\/a><\/p>\n<h3>Limites de charges par provinces<\/h3>\n<ul>\n<li><a href=\"https:\/\/www.transports.gouv.qc.ca\/fr\/entreprises-partenaires\/ent-camionnage\/degel\/Pages\/periode-restrictions.aspx\" target=\"_blank\">Qu\u00e9bec<\/a><\/li>\n<li><a href=\"http:\/\/www.mto.gov.on.ca\/french\/trucks\/load-restrictions.shtml#\" target=\"_blank\">Ontario<\/a><\/li>\n<li><a href=\"http:\/\/novascotia.ca\/tran\/trucking\/springweight.asp\" target=\"_blank\">Nouvelle \u00c9cosse (en anglais seulement)<\/a><\/li>\n<li><a href=\"http:\/\/www2.gnb.ca\/content\/gnb\/fr\/ministeres\/mti\/camionnage\/content\/limitations_de_poids_printemps.html\" target=\"_blank\">Nouveau-Brunswick<\/a><\/li>\n<\/ul>\n<p style=\"text-align: center;\">\u00a0<img decoding=\"async\" class=\"wp-image-759 size-large\" src=\"https:\/\/www.oceanex.com\/wp-content\/uploads\/2015\/03\/oceanex-truck-thin.png\" alt=\"Camion\"\/><\/p>\n","protected":false},"excerpt":{"rendered":"<p>Limites de charges Les limites de charge autoris\u00e9es sont r\u00e9duites en p\u00e9riode de d\u00e9gel sur l\u2019ensemble des chemins publics. Il en est ainsi chaque ann\u00e9e afin de tenir compte de la capacit\u00e9 portante plus faible du r\u00e9seau <a class=\"read-more\" style=\"text-decoration:none;\" href=\"https:\/\/www.oceanex.com\/fr\/periode-de-degel\/\">(&#8230;)<\/a><\/p>\n","protected":false},"author":2,"featured_media":0,"parent":0,"menu_order":7,"comment_status":"open","ping_status":"open","template":"template-page.php","meta":{"footnotes":""},"class_list":["post-2131","page","type-page","status-publish","hentry"],"_links":{"self":[{"href":"https:\/\/www.oceanex.com\/fr\/wp-json\/wp\/v2\/pages\/2131","targetHints":{"allow":["GET"]}}],"collection":[{"href":"https:\/\/www.oceanex.com\/fr\/wp-json\/wp\/v2\/pages"}],"about":[{"href":"https:\/\/www.oceanex.com\/fr\/wp-json\/wp\/v2\/types\/page"}],"author":[{"embeddable":true,"href":"https:\/\/www.oceanex.com\/fr\/wp-json\/wp\/v2\/users\/2"}],"replies":[{"embeddable":true,"href":"https:\/\/www.oceanex.com\/fr\/wp-json\/wp\/v2\/comments?post=2131"}],"version-history":[{"count":1,"href":"https:\/\/www.oceanex.com\/fr\/wp-json\/wp\/v2\/pages\/2131\/revisions"}],"predecessor-version":[{"id":9918,"href":"https:\/\/www.oceanex.com\/fr\/wp-json\/wp\/v2\/pages\/2131\/revisions\/9918"}],"wp:attachment":[{"href":"https:\/\/www.oceanex.com\/fr\/wp-json\/wp\/v2\/media?parent=2131"}],"curies":[{"name":"wp","href":"https:\/\/api.w.org\/{rel}","templated":true}]}}