{"id":252,"date":"2014-09-29T18:26:03","date_gmt":"2014-09-29T18:26:03","guid":{"rendered":"https:\/\/www.oceanex.com\/home-2-2\/"},"modified":"2017-12-22T14:24:34","modified_gmt":"2017-12-22T19:24:34","slug":"accueil","status":"publish","type":"page","link":"https:\/\/www.oceanex.com\/fr\/","title":{"rendered":"Accueil"},"content":{"rendered":"<h2><strong>Bienvenue chez Oceanex<\/strong><\/h2>\n<p>Oceanex est un chef de file du <strong>transport intermodal<\/strong> vers <strong>Terre-Neuve-et-Labrador<\/strong> depuis toute origine en Am\u00e9rique du Nord. Gr\u00e2ce \u00e0 notre flotte de navires de cote glace et \u00e0 nos services de transport routier vers toutes les r\u00e9gions de Terre-Neuve, nous sommes en mesure d\u2019offrir\u00a0le transport\u00a0:<\/p>\n<ul>\n<li>de pleines charges<\/li>\n<li>de charges partielles<\/li>\n<li>de v\u00e9hicules<\/li>\n<li>et plus encore<\/li>\n<\/ul>\n<p>Exploitant les terminaux portuaires de Montr\u00e9al, d\u2019Halifax et de St. John\u2019s ainsi qu\u2019une flotte de camions et de remorques, Oceanex peut r\u00e9pondre \u00e0 <strong>tous vos besoins de transport.<\/strong><\/p>\n<p>Oceanex est le fournisseur incontestable de solutions de transport \u00e0 destination et en provenance de Terre-Neuve.<\/p>\n","protected":false},"excerpt":{"rendered":"<p>Bienvenue chez Oceanex Oceanex est un chef de file du transport intermodal vers Terre-Neuve-et-Labrador depuis toute origine en Am\u00e9rique du Nord. Gr\u00e2ce \u00e0 notre flotte de navires de cote glace et \u00e0 nos services de transport routier <a class=\"read-more\" style=\"text-decoration:none;\" href=\"https:\/\/www.oceanex.com\/fr\/\">(&#8230;)<\/a><\/p>\n","protected":false},"author":14,"featured_media":0,"parent":0,"menu_order":-1,"comment_status":"open","ping_status":"open","template":"template-home.php","meta":{"footnotes":""},"class_list":["post-252","page","type-page","status-publish","hentry"],"_links":{"self":[{"href":"https:\/\/www.oceanex.com\/fr\/wp-json\/wp\/v2\/pages\/252","targetHints":{"allow":["GET"]}}],"collection":[{"href":"https:\/\/www.oceanex.com\/fr\/wp-json\/wp\/v2\/pages"}],"about":[{"href":"https:\/\/www.oceanex.com\/fr\/wp-json\/wp\/v2\/types\/page"}],"author":[{"embeddable":true,"href":"https:\/\/www.oceanex.com\/fr\/wp-json\/wp\/v2\/users\/14"}],"replies":[{"embeddable":true,"href":"https:\/\/www.oceanex.com\/fr\/wp-json\/wp\/v2\/comments?post=252"}],"version-history":[{"count":0,"href":"https:\/\/www.oceanex.com\/fr\/wp-json\/wp\/v2\/pages\/252\/revisions"}],"wp:attachment":[{"href":"https:\/\/www.oceanex.com\/fr\/wp-json\/wp\/v2\/media?parent=252"}],"curies":[{"name":"wp","href":"https:\/\/api.w.org\/{rel}","templated":true}]}}