{"id":253,"date":"2014-11-14T20:30:31","date_gmt":"2014-11-14T20:30:31","guid":{"rendered":"https:\/\/www.oceanex.com\/about-oceanex\/community-support\/"},"modified":"2017-09-07T13:23:16","modified_gmt":"2017-09-07T17:23:16","slug":"engagement-envers-la-communaute","status":"publish","type":"page","link":"https:\/\/www.oceanex.com\/fr\/a-propos-doceanex\/engagement-envers-la-communaute\/","title":{"rendered":"Engagement envers la communaut\u00e9"},"content":{"rendered":"<h2><strong>Au c\u0153ur de notre communaut\u00e9<\/strong><\/h2>\n<p>Chez Oceanex, nous croyons qu\u2019une entreprise doit se montrer socialement responsable et contribuer \u00e0 am\u00e9liorer la qualit\u00e9 de vie dans les collectivit\u00e9s o\u00f9 elle est \u00e9tablie et m\u00e8ne ses activit\u00e9s. Chaque ann\u00e9e, nous recevons de nombreuses demandes de soutien qui visent des causes vari\u00e9es, mais toutes valables. C&rsquo;est avec fiert\u00e9 que nous soutenons plusieurs collectivit\u00e9s \u00e0 Terre-Neuve-et-Labrador au moyen de dons et de commandites.<\/p>\n<p>Nous donnons priorit\u00e9 \u00e0 la <strong>sant\u00e9<\/strong> et \u00e0 la <strong>s\u00e9curit\u00e9<\/strong> ainsi qu&rsquo;\u00e0 <strong>l&rsquo;\u00e9ducation<\/strong>. Les demandes de soutien doivent nous \u00eatre transmises par \u00e9crit et envoy\u00e9es par courriel ou par la poste \u00e0 l\u2019adresse indiqu\u00e9e ci-dessous.<\/p>\n<h3>Chaque demande doit mentionner\u00a0:<\/h3>\n<ul>\n<li>le nom complet de l&rsquo;organisation et celui de la personne-ressource \u00e0 contacter;<\/li>\n<li>la nature de l&rsquo;organisation qui fait la demande, \u00e0 savoir s&rsquo;il s&rsquo;agit d&rsquo;un organisme de bienfaisance enregistr\u00e9 ou d&rsquo;un organisme sans but lucratif \u00e9tabli au Canada;<\/li>\n<li>une vue d&rsquo;ensemble de l&rsquo;organisation, une description d\u00e9taill\u00e9e du projet \u00e0 financer et une explication du lien avec les priorit\u00e9s d&rsquo;Oceanex en mati\u00e8re de soutien financier (<strong>sant\u00e9, s\u00e9curit\u00e9 et \u00e9ducation<\/strong>);<\/li>\n<li>le montant requis (pr\u00e9ciser si une aide non financi\u00e8re est possible);<\/li>\n<li>une description des options de commandite ou de soutien et de la fa\u00e7on dont l&rsquo;aide fournie sera officiellement reconnue;<\/li>\n<li>la date limite pour le financement ou pour les commandites.<\/li>\n<\/ul>\n<h3>Les demandes doivent \u00eatre envoy\u00e9es \u00e0 l&rsquo;adresse suivante\u00a0:<\/h3>\n<blockquote>\n<h4><strong>Administratrice<\/strong><\/h4>\n<p>Oceanex Inc.<br \/>\n701, 10 Fort William Place<br \/>\nSt. John\u2019s (T.-N.-L.)<br \/>\nA1C \u00a01K4<br \/>\nCourriel:\u00a0<a href=\"mailto:community@oceanex.com\">community@oceanex.com<\/a><br \/>\n<em>Aucune demande t\u00e9l\u00e9phonique n&rsquo;est accept\u00e9e<\/em><\/p><\/blockquote>\n<p>Veuillez noter qu&rsquo;Oceanex ne donne aucun soutien pour financer\u00a0:<\/p>\n<ul>\n<li>les organisations et organismes qui ne sont pas bas\u00e9s au Canada;<\/li>\n<li>les particuliers et les soci\u00e9t\u00e9s commerciales;<\/li>\n<li>les formations politiques et leurs candidats;<\/li>\n<li>les tiers collecteurs de fonds et les groupes de d\u00e9fense;<\/li>\n<li>les organisations religieuses et tout mouvement de m\u00eame nature;<\/li>\n<li>les frais de d\u00e9placement, de logement et de repas ni les frais li\u00e9s \u00e0 des conf\u00e9rences, \u00e0 des visites sur le terrain ou \u00e0 des tourn\u00e9es;<\/li>\n<li>les \u00e9tudes de faisabilit\u00e9;<\/li>\n<li>la r\u00e9duction des dettes ou les frais de fonctionnement;<\/li>\n<li>les campagnes de publicit\u00e9 directe;<\/li>\n<li>les statues, monuments et autres ouvrages comm\u00e9moratifs.<\/li>\n<\/ul>\n<p>Chaque ann\u00e9e, Oceanex s\u2019efforce de r\u00e9pondre au plus grand nombre possible de sollicitations \u00e9manant d&rsquo;organismes de bienfaisance ou d&rsquo;ONG. Toutefois, en raison du nombre \u00e9lev\u00e9 de demandes, une r\u00e9ponse favorable n\u2019est malheureusement pas toujours possible.<\/p>\n<p>&nbsp;<\/p>\n","protected":false},"excerpt":{"rendered":"<p>Au c\u0153ur de notre communaut\u00e9 Chez Oceanex, nous croyons qu\u2019une entreprise doit se montrer socialement responsable et contribuer \u00e0 am\u00e9liorer la qualit\u00e9 de vie dans les collectivit\u00e9s o\u00f9 elle est \u00e9tablie et m\u00e8ne ses activit\u00e9s. Chaque ann\u00e9e, <a class=\"read-more\" style=\"text-decoration:none;\" href=\"https:\/\/www.oceanex.com\/fr\/a-propos-doceanex\/engagement-envers-la-communaute\/\">(&#8230;)<\/a><\/p>\n","protected":false},"author":14,"featured_media":1351,"parent":166,"menu_order":90,"comment_status":"open","ping_status":"open","template":"template-page.php","meta":{"footnotes":""},"class_list":["post-253","page","type-page","status-publish","has-post-thumbnail","hentry"],"_links":{"self":[{"href":"https:\/\/www.oceanex.com\/fr\/wp-json\/wp\/v2\/pages\/253","targetHints":{"allow":["GET"]}}],"collection":[{"href":"https:\/\/www.oceanex.com\/fr\/wp-json\/wp\/v2\/pages"}],"about":[{"href":"https:\/\/www.oceanex.com\/fr\/wp-json\/wp\/v2\/types\/page"}],"author":[{"embeddable":true,"href":"https:\/\/www.oceanex.com\/fr\/wp-json\/wp\/v2\/users\/14"}],"replies":[{"embeddable":true,"href":"https:\/\/www.oceanex.com\/fr\/wp-json\/wp\/v2\/comments?post=253"}],"version-history":[{"count":0,"href":"https:\/\/www.oceanex.com\/fr\/wp-json\/wp\/v2\/pages\/253\/revisions"}],"up":[{"embeddable":true,"href":"https:\/\/www.oceanex.com\/fr\/wp-json\/wp\/v2\/pages\/166"}],"wp:featuredmedia":[{"embeddable":true,"href":"https:\/\/www.oceanex.com\/fr\/wp-json\/wp\/v2\/media\/1351"}],"wp:attachment":[{"href":"https:\/\/www.oceanex.com\/fr\/wp-json\/wp\/v2\/media?parent=253"}],"curies":[{"name":"wp","href":"https:\/\/api.w.org\/{rel}","templated":true}]}}