{"id":254,"date":"2014-11-14T20:29:36","date_gmt":"2014-11-14T20:29:36","guid":{"rendered":"https:\/\/www.oceanex.com\/about-oceanex\/environment\/"},"modified":"2024-01-18T10:55:01","modified_gmt":"2024-01-18T15:55:01","slug":"environnement","status":"publish","type":"page","link":"https:\/\/www.oceanex.com\/fr\/a-propos-doceanex\/environnement\/","title":{"rendered":"Environnement"},"content":{"rendered":"<p><a href=\"http:\/\/allianceverte.org\/\" target=\"_blank\" rel=\"noopener\"><img decoding=\"async\" class=\"alignright\" style=\"margin-bottom: 22px;\" src=\"https:\/\/www.oceanex.com\/wp-content\/uploads\/2015\/01\/certified_GreenMarine_FR200.png\" alt=\"Certification Alliance Verte\" width=\"200\" height=\"200\" \/><\/a><\/p>\n<h2><strong>Politique Environnementale<\/strong><\/h2>\n<p>Oceanex reconna\u00eet que la protection de l&rsquo;environnement est l&rsquo;un de ses principes directeurs et un \u00e9l\u00e9ment cl\u00e9 d&rsquo;un bon rendement op\u00e9rationnel. Nous sommes d\u00e9termin\u00e9s \u00e0 fournir un service de qualit\u00e9 de mani\u00e8re \u00e0 assurer la sant\u00e9 et la s\u00e9curit\u00e9 de nos employ\u00e9s au travail et \u00e0 r\u00e9duire au minimum notre impact potentiel sur l&rsquo;environnement.<\/p>\n<p>Nous respecterons toutes les lois f\u00e9d\u00e9rales, provinciales et municipales pertinentes en mati\u00e8re d&rsquo;environnement et nous ferons tout notre possible pour adopter les pratiques exemplaires en mati\u00e8re de pr\u00e9vention de la pollution et d&rsquo;environnement en ce qui concerne l&rsquo;efficacit\u00e9 \u00e9nerg\u00e9tique, l&rsquo;utilisation des \u00e9nergies renouvelables et la gestion durable des ressources, dans tout ce que nous ferons.<\/p>\n<h3><strong>Nous nous engageons \u00e0 :<\/strong><\/h3>\n<ul>\n<li>int\u00e9grer l&rsquo;examen des pr\u00e9occupations et des incidences environnementales dans toutes nos d\u00e9cisions et activit\u00e9s;<\/li>\n<li>promouvoir la sensibilisation \u00e0 l&rsquo;environnement parmi nos employ\u00e9s et les encourager \u00e0 travailler d&rsquo;une mani\u00e8re respectueuse de l&rsquo;environnement;<\/li>\n<li>former, \u00e9duquer et informer nos employ\u00e9s sur les questions environnementales susceptibles d&rsquo;avoir une incidence sur leur travail;<\/li>\n<li>r\u00e9duire les d\u00e9chets par la r\u00e9utilisation et le recyclage et par l&rsquo;achat de produits et de mat\u00e9riaux recycl\u00e9s, recyclables ou remis \u00e0 neuf lorsque ces options sont possibles, \u00e9conomiques et appropri\u00e9es;<\/li>\n<li>promouvoir une utilisation efficace des mat\u00e9riaux et des ressources dans l&rsquo;ensemble de nos installations, y compris l&rsquo;eau, l&rsquo;\u00e9lectricit\u00e9, les mati\u00e8res premi\u00e8res et les autres ressources, en particulier celles qui ne sont pas renouvelables;<\/li>\n<li>\u00e9viter l&rsquo;utilisation inutile de mat\u00e9riaux et de produits dangereux, rechercher des produits de remplacement lorsque cela est possible et prendre toutes les mesures raisonnables pour prot\u00e9ger la sant\u00e9 humaine et l&rsquo;environnement lorsque de tels mat\u00e9riaux doivent \u00eatre utilis\u00e9s, entrepos\u00e9s et \u00e9limin\u00e9s;<\/li>\n<li>acheter et utiliser des produits respectueux de l&rsquo;environnement qui ont \u00e9t\u00e9 s\u00e9lectionn\u00e9s selon des crit\u00e8res tels qu&rsquo;une faible toxicit\u00e9 ou un faible risque pour l&rsquo;environnement, la durabilit\u00e9, l&rsquo;utilisation de mat\u00e9riaux recycl\u00e9s, la r\u00e9duction de la consommation d&rsquo;\u00e9nergie ou d&rsquo;eau, la r\u00e9duction du mat\u00e9riel d&#8217;emballage et la capacit\u00e9 \u00e0 \u00eatre recycl\u00e9s, recharg\u00e9s ou remis en \u00e9tat \u00e0 la fin de leur vie;<\/li>\n<li>lorsque la loi l&rsquo;exige ou lorsqu&rsquo;il existe des risques importants pour la sant\u00e9, la s\u00e9curit\u00e9 ou l&rsquo;environnement, \u00e9laborer et maintenir des programmes appropri\u00e9s d&rsquo;intervention en cas d&rsquo;urgence ou de d\u00e9versement;<\/li>\n<li>communiquer r\u00e9guli\u00e8rement notre programme environnemental \u00e0 nos clients et au public et les encourager \u00e0 le soutenir;<\/li>\n<li>veiller \u00e0 am\u00e9liorer continuellement notre bilan environnemental en r\u00e9examinant r\u00e9guli\u00e8rement notre politique environnementale en tenant compte de nos activit\u00e9s actuelles et futures.<\/li>\n<\/ul>\n","protected":false},"excerpt":{"rendered":"<p>Politique Environnementale Oceanex reconna\u00eet que la protection de l&rsquo;environnement est l&rsquo;un de ses principes directeurs et un \u00e9l\u00e9ment cl\u00e9 d&rsquo;un bon rendement op\u00e9rationnel. Nous sommes d\u00e9termin\u00e9s \u00e0 fournir un service de qualit\u00e9 de mani\u00e8re \u00e0 assurer la <a class=\"read-more\" style=\"text-decoration:none;\" href=\"https:\/\/www.oceanex.com\/fr\/a-propos-doceanex\/environnement\/\">(&#8230;)<\/a><\/p>\n","protected":false},"author":14,"featured_media":1401,"parent":166,"menu_order":40,"comment_status":"open","ping_status":"open","template":"template-page.php","meta":{"footnotes":""},"class_list":["post-254","page","type-page","status-publish","has-post-thumbnail","hentry"],"_links":{"self":[{"href":"https:\/\/www.oceanex.com\/fr\/wp-json\/wp\/v2\/pages\/254","targetHints":{"allow":["GET"]}}],"collection":[{"href":"https:\/\/www.oceanex.com\/fr\/wp-json\/wp\/v2\/pages"}],"about":[{"href":"https:\/\/www.oceanex.com\/fr\/wp-json\/wp\/v2\/types\/page"}],"author":[{"embeddable":true,"href":"https:\/\/www.oceanex.com\/fr\/wp-json\/wp\/v2\/users\/14"}],"replies":[{"embeddable":true,"href":"https:\/\/www.oceanex.com\/fr\/wp-json\/wp\/v2\/comments?post=254"}],"version-history":[{"count":1,"href":"https:\/\/www.oceanex.com\/fr\/wp-json\/wp\/v2\/pages\/254\/revisions"}],"predecessor-version":[{"id":10249,"href":"https:\/\/www.oceanex.com\/fr\/wp-json\/wp\/v2\/pages\/254\/revisions\/10249"}],"up":[{"embeddable":true,"href":"https:\/\/www.oceanex.com\/fr\/wp-json\/wp\/v2\/pages\/166"}],"wp:featuredmedia":[{"embeddable":true,"href":"https:\/\/www.oceanex.com\/fr\/wp-json\/wp\/v2\/media\/1401"}],"wp:attachment":[{"href":"https:\/\/www.oceanex.com\/fr\/wp-json\/wp\/v2\/media?parent=254"}],"curies":[{"name":"wp","href":"https:\/\/api.w.org\/{rel}","templated":true}]}}