{"id":255,"date":"2014-11-14T20:23:11","date_gmt":"2014-11-14T20:23:11","guid":{"rendered":"https:\/\/www.oceanex.com\/about-oceanex\/oceanex\/"},"modified":"2023-08-08T10:14:16","modified_gmt":"2023-08-08T14:14:16","slug":"oceanex","status":"publish","type":"page","link":"https:\/\/www.oceanex.com\/fr\/a-propos-doceanex\/oceanex\/","title":{"rendered":"Oceanex"},"content":{"rendered":"<p><a href=\"https:\/\/www2.deloitte.com\/ca\/fr\/pages\/societes-les-mieux-gerees-au-canada\/topics\/mieux-gerees.html\" target=\"_blank\" rel=\"noopener noreferrer\"><img decoding=\"async\" class=\"alignright\" style=\"margin-bottom: 0; margin-left: 10px; margin-top: 50px;\" src=\"\/wp-content\/uploads\/2018\/03\/bm-2018-platinum-fr-175.png\" alt=\"Best Managed Company\"><\/a><\/p>\n<h3><strong>Vue d\u2019ensemble<\/strong><\/h3>\n<p>Oceanex Inc. fournit des services de transport maritime et de transport routier de marchandises vers Terre-Neuve-et-Labrador. Sous la direction du capitaine Sid Hynes, et gr\u00e2ce aux efforts d\u2019une \u00e9quipe de direction et de plus de 425 employ\u00e9s d\u00e9vou\u00e9s, Oceanex est un chef de file du transport intermodal du Canada atlantique. Nos services de transport <strong>quai \u00e0 quai<\/strong> et <strong>porte-\u00e0-porte<\/strong> (de l&rsquo;entrep\u00f4t de l&rsquo;exp\u00e9diteur jusqu&rsquo;aux installations du destinataire) sont reconnus pour leur rapidit\u00e9 et leur efficacit\u00e9. Des clients issus de tous les secteurs de l&rsquo;\u00e9conomie n\u2019h\u00e9sitent pas \u00e0 faire appel \u00e0 nous et \u00e0 nous donner leur confiance. Quel que soit votre mandat d\u2019exp\u00e9dition, nous nous en chargerons, et ce, rapidement.<\/p>\n<h3>\u00c9nonc\u00e9 de mission<\/h3>\n<p>Offrir, de fa\u00e7on s\u00e9curitaire et dans le respect de l\u2019environnement, des services de transport de qualit\u00e9 dans toute l\u2019Am\u00e9rique du Nord qui soient fiables, efficaces et avantageux pour nos clients.<a href=\"http:\/\/www.canadianshipper.com\/\" target=\"_blank\" rel=\"noopener noreferrer\"><img decoding=\"async\" class=\"alignright\" style=\"margin-bottom: 0; margin-left: 10px; margin-top: 30px;\" src=\"\/wp-content\/uploads\/2019\/05\/shippers2019-75px-fr.png\" alt=\"Shippers Choice Award\"><\/a><\/p>\n<h3>\u00c9nonc\u00e9 de vision<\/h3>\n<p>Devenir l\u2019entreprise de transport la plus prosp\u00e8re de l\u2019Est Canadien que ce soit du point de vue de nos actionnaires, employ\u00e9s, clients, fournisseurs ou des communaut\u00e9s que nous desservons.<\/p>\n<h3>Valeurs fondamentales<\/h3>\n<ul>\n<li><strong>La s\u00e9curit\u00e9 et la protection des individus et de l\u2019environnement \u2013 priorit\u00e9 absolue<\/strong><br \/>\nAyant comme but z\u00e9ro incidents et accidents, Oceanex voit \u00e0 la s\u00e9curit\u00e9 de son personnel, ses contracteurs, ses clients et des collectivit\u00e9s dans lesquelles nous existons, et sommes pleinement engag\u00e9s \u00e0 prot\u00e9ger l\u2019environnement en appliquant des m\u00e9thodes efficaces de gestion.<\/li>\n<li><strong>La satisfaction des clients<\/strong><br \/>\nNous entreprenons de fournir un service fiable et rentable qui valorise tant le client que l\u2019entreprise.<\/li>\n<li><strong>La communication ouverte<\/strong><br \/>\nOceanex s\u2019efforce d\u2019entretenir des bonnes relations avec ses employ\u00e9s, ses clients et les collectivit\u00e9s desservies par le biais de communications ouvertes, franches et efficaces.<\/li>\n<li><strong>La satisfaction et l\u2019engagement des employ\u00e9s<\/strong><br \/>\nChez Oceanex, nous visons un environnement de travail interactif o\u00f9 les employ\u00e9s sont dot\u00e9s d\u2019objectifs clairs, re\u00e7oivent des r\u00e9troactions constructives et o\u00f9 ils sont incit\u00e9s \u00e0 \u00e9voluer et progresser \u00e0 l\u2019int\u00e9rieur de l\u2019entreprise.<\/li>\n<li><strong>L\u2019am\u00e9lioration continue<\/strong><br \/>\nNous aspirons \u00e0 l\u2019excellence op\u00e9rationnelle par le d\u00e9veloppement continu de nos employ\u00e9s, nos politiques, nos proc\u00e9dures et ultimement de l\u2019entreprise dans son ensemble.<\/li>\n<li><strong>Viabilit\u00e9 financi\u00e8re et succ\u00e8s<\/strong><br \/>\nNous cherchons des moyens efficients et efficaces d\u2019exploitation tout en faisant preuve de responsabilit\u00e9 financi\u00e8re. Il nous tient \u00e0 c\u0153ur de cr\u00e9er de la valeur actionnariale \u00e0 long terme.<\/li>\n<\/ul>\n<h3 style=\"margin-top: 22px;\">Notre histoire<\/h3>\n<p>Oceanex et ses pr\u00e9d\u00e9cesseurs offrent des services de transport vers Terre-Neuve-et-Labrador depuis plus de 100 ans. C\u2019est en 1909 que commence le transport maritime vers Corner Brook puis une escale est ensuite \u00e9tablie \u00e0 St. John\u2019s en 1949.<\/p>\n<h3>Un important service de transport est cr\u00e9\u00e9<\/h3>\n<p>Issue de la fusion des soci\u00e9t\u00e9s Atlantic Container Express Inc. de Montr\u00e9al et Atlantic Searoute Limited Partnership de Halifax, Oceanex a vu le jour en 1990. En 1991, l\u2019exploitant d\u2019un terminal portuaire de Terre-Neuve fusionne son entreprise, donnant ainsi naissance \u00e0 la grande soci\u00e9t\u00e9 de transport int\u00e9gr\u00e9 de l\u2019Atlantique que l\u2019on conna\u00eet aujourd\u2019hui. Depuis, Oceanex n\u2019a cess\u00e9 de cro\u00eetre et de franchir des \u00e9tapes importantes tout en demeurant centr\u00e9e sur un service \u00e0 la client\u00e8le efficace<\/p>\n<h3>Nouvelles installations et nouveaux navires<\/h3>\n<p>En 2001, Oceanex ouvre ses bureaux dans un nouveau b\u00e2timent \u00e0 la fine pointe de la technologie au terminal de St. John\u2019s, consolidant ainsi tout le personnel des op\u00e9rations. Le personnel de la maintenance, des op\u00e9rations portuaires, du camionnage, de la s\u00e9curit\u00e9 et de l\u2019administration travaille d\u00e9sormais ensemble favorisant ainsi des synergies positives. Quelques ann\u00e9es plus tard, en 2005, l\u2019Oceanex Avalon un navire porte-conteneurs nouvellement construit s\u2019ajoute \u00e0 la flotte d\u2019Oceanex; l\u2019engagement de ponctualit\u00e9 est donc raffermi pour le service hebdomadaire partant de Montr\u00e9al vers St. John\u2019s. L\u2019efficacit\u00e9 du service est accrue gr\u00e2ce \u00e0 la vitesse et aux propri\u00e9t\u00e9s de brise-glace du nouveau navire.<\/p>\n<p>En 2006, Oceanex ach\u00e8te une grue portuaire mobile de la compagnie Liebherr pour am\u00e9liorer la productivit\u00e9 lors du chargement et d\u00e9chargement des navires. Aujourd\u2019hui, Oceanex compte trois (3) grues de ce type \u00e0 son terminal de St. John\u2019s, Terre-Neuve-et-Labrador, ce qui accro\u00eet consid\u00e9rablement sa productivit\u00e9 et son efficacit\u00e9.<\/p>\n<p>Parmi nos projets r\u00e9cents les plus importants est l\u2019ajout de l\u2019Oceanex Connaigra, le plus grand porte-conteneurs roulier battant pavillon canadien au pays. Un des plus respectueux de l\u2019environnement au monde, ce navire est sp\u00e9cialement con\u00e7u pour fournir un service de transport efficace \u00e0 l\u2019ann\u00e9e longue et sur un horaire fixe hebdomadaire vers la province de Terre-Neuve.<\/p>\n<h3>Engagement envers Terre-Neuve-et-Labrador<\/h3>\n<p>En 2007, la soci\u00e9t\u00e9 op\u00e9rant sous un fonds de revenu public est privatis\u00e9e. Sous la direction du partenaire principal, le capitaine Sid Hynes, Oceanex centre ses op\u00e9rations en vue de devenir l\u2019entreprise de transport la plus prosp\u00e8re dans l\u2019est du Canada. C\u2019est \u00e0 ce moment que le terminal II et le terminal III sont ouverts \u00e0 St. John\u2019s, permettant une meilleure r\u00e9partition des cargaisons \u00e0 travers la province \u2013 ceci repr\u00e9sente presque 50 % des marchandises re\u00e7ues dans toute la province de Terre-Neuve. Par la suite, en 2009, l\u2019entreprise accro\u00eet ses services en fournissant du personnel aux compagnies internationales d\u2019activit\u00e9s de forage en mer et en 2015 en introduisant le service d\u2019Oceanex Logistique Mondial (3PL).<\/p>\n<p>Au cours des ann\u00e9es, Oceanex a \u00e9t\u00e9 reconnue par de nombreux clients et organisations pour son engagement \u00e0 fournir un service \u00e0 la client\u00e8le exceptionnel. Certains de ces honneurs comprennent :<\/p>\n<ul>\n<li><strong>Les Soci\u00e9t\u00e9s les mieux g\u00e9r\u00e9es au Canada<\/strong><\/li>\n<li><strong>Le Choix de l\u2019Exp\u00e9diteur<\/strong><\/li>\n<li><strong>Le prix Kaizen Excellence de Toyota Canada<\/strong><\/li>\n<li><strong>Le prix de l\u2019excellence commerciale du St. John\u2019s Board of Trade pour le service \u00e0 la client\u00e8le et la fiabilit\u00e9<\/strong><\/li>\n<li><strong>Nomm\u00e9e comme l\u2019une des entreprises les plus dynamiques du Canada Atlantique<\/strong><\/li>\n<li><strong>Nomm\u00e9e parmi les 101 meilleures entreprises du Canada Atlantique<\/strong><\/li>\n<\/ul>\n<h3>L\u2019arriv\u00e9e de l\u2019Oceanex Connaigra \u2013 un projet d\u2019avenir<\/h3>\n<p>Parmi nos projets r\u00e9cents, nous soulignons l\u2019arriv\u00e9e de l\u2019Oceanex Connaigra, le plus grand porte-conteneurs roulier du Canada et l\u2019un des plus respectueux de l\u2019environnement au monde. Ce navire est sp\u00e9cialement con\u00e7u pour fournir un service de transport efficace \u00e0 l\u2019ann\u00e9e longue et sur un horaire fixe hebdomadaire vers la province de Terre-Neuve.<\/p>\n<h3>Reconnaissance pour notre \u00e9quipe exp\u00e9riment\u00e9e en transport<\/h3>\n<p>La direction et les employ\u00e9s d\u2019Oceanex sont tr\u00e8s fiers de se compter parmi les soci\u00e9t\u00e9s les mieux g\u00e9r\u00e9es au Canada depuis 2011 ainsi que de la certification 9001 depuis 2014.<\/p>\n","protected":false},"excerpt":{"rendered":"<p>Vue d\u2019ensemble Oceanex Inc. fournit des services de transport maritime et de transport routier de marchandises vers Terre-Neuve-et-Labrador. Sous la direction du capitaine Sid Hynes, et gr\u00e2ce aux efforts d\u2019une \u00e9quipe de direction et de plus de <a class=\"read-more\" style=\"text-decoration:none;\" href=\"https:\/\/www.oceanex.com\/fr\/a-propos-doceanex\/oceanex\/\">(&#8230;)<\/a><\/p>\n","protected":false},"author":14,"featured_media":1395,"parent":166,"menu_order":10,"comment_status":"open","ping_status":"open","template":"template-page.php","meta":{"footnotes":""},"class_list":["post-255","page","type-page","status-publish","has-post-thumbnail","hentry"],"_links":{"self":[{"href":"https:\/\/www.oceanex.com\/fr\/wp-json\/wp\/v2\/pages\/255","targetHints":{"allow":["GET"]}}],"collection":[{"href":"https:\/\/www.oceanex.com\/fr\/wp-json\/wp\/v2\/pages"}],"about":[{"href":"https:\/\/www.oceanex.com\/fr\/wp-json\/wp\/v2\/types\/page"}],"author":[{"embeddable":true,"href":"https:\/\/www.oceanex.com\/fr\/wp-json\/wp\/v2\/users\/14"}],"replies":[{"embeddable":true,"href":"https:\/\/www.oceanex.com\/fr\/wp-json\/wp\/v2\/comments?post=255"}],"version-history":[{"count":1,"href":"https:\/\/www.oceanex.com\/fr\/wp-json\/wp\/v2\/pages\/255\/revisions"}],"predecessor-version":[{"id":10118,"href":"https:\/\/www.oceanex.com\/fr\/wp-json\/wp\/v2\/pages\/255\/revisions\/10118"}],"up":[{"embeddable":true,"href":"https:\/\/www.oceanex.com\/fr\/wp-json\/wp\/v2\/pages\/166"}],"wp:featuredmedia":[{"embeddable":true,"href":"https:\/\/www.oceanex.com\/fr\/wp-json\/wp\/v2\/media\/1395"}],"wp:attachment":[{"href":"https:\/\/www.oceanex.com\/fr\/wp-json\/wp\/v2\/media?parent=255"}],"curies":[{"name":"wp","href":"https:\/\/api.w.org\/{rel}","templated":true}]}}