{"id":256,"date":"2014-11-14T20:31:45","date_gmt":"2014-11-14T20:31:45","guid":{"rendered":"https:\/\/www.oceanex.com\/about-oceanex\/partners-links\/"},"modified":"2025-03-05T11:19:37","modified_gmt":"2025-03-05T16:19:37","slug":"partenaires-liens-utiles","status":"publish","type":"page","link":"https:\/\/www.oceanex.com\/fr\/a-propos-doceanex\/partenaires-liens-utiles\/","title":{"rendered":"Partenaires d&rsquo;affaires et liens utiles"},"content":{"rendered":"<div style=\"width: 100%; text-align: center; margin-top: 15px;\">\n<table style=\"margin: 0 auto;\">\n<tbody>\n<tr>\n<td><a href=\"https:\/\/www.porthalifax.ca\/?lang=fr\" target=\"_blank\" rel=\"noopener\"><img decoding=\"async\" style=\"margin-right: 20px;\" src=\"\/wp-content\/uploads\/2017\/09\/port-of-halifax-logo.png\" alt=\"Port d'Halifax\" \/><\/a><\/td>\n<td style=\"vertical-align: middle;\">\n<h4 style=\"margin-right: 30px;\"><a style=\"color: #07367d;\" href=\"https:\/\/www.porthalifax.ca\/?lang=fr\" target=\"_blank\" rel=\"noopener\">Port d&rsquo;Halifax<\/a><\/h4>\n<\/td>\n<td style=\"vertical-align: middle;\">\n<h4 style=\"margin-left: 30px;\"><a style=\"color: #07367d;\" href=\"https:\/\/www.mea.ca\/\" target=\"_blank\" rel=\"noopener\">Association des employeurs maritimes<\/a><\/h4>\n<\/td>\n<td><a href=\"https:\/\/www.mea.ca\/\" target=\"_blank\" rel=\"noopener\"><img decoding=\"async\" style=\"margin-left: 20px;\" src=\"\/wp-content\/uploads\/2017\/09\/mea-logo.png\" alt=\"Association des employeurs maritimes\" \/><\/a><\/td>\n<\/tr>\n<tr>\n<td><a href=\"https:\/\/qsl.com\/\" target=\"_blank\" rel=\"noopener\"><img decoding=\"async\" style=\"margin-right: 20px;\" src=\"\/wp-content\/uploads\/2025\/03\/qsl.png\" alt=\"QSL\" \/><\/a><\/td>\n<td style=\"vertical-align: middle;\">\n<h4 style=\"margin-right: 30px;\"><a style=\"color: #07367d;\" href=\"https:\/\/qsl.com\/\" target=\"_blank\" rel=\"noopener\">QSL<\/a><\/h4>\n<\/td>\n<td style=\"vertical-align: middle;\">\n<h4 style=\"margin-left: 30px;\"><a style=\"color: #07367d;\" href=\"https:\/\/sjpa-apsj.com\/?lang=fr\" target=\"_blank\" rel=\"noopener\">St. John&rsquo;s Port Authority<\/a><\/h4>\n<\/td>\n<td style=\"vertical-align: middle;\"><a href=\"https:\/\/sjpa-apsj.com\/?lang=fr\" target=\"_blank\" rel=\"noopener\"><img decoding=\"async\" style=\"margin-left: 20px;\" src=\"\/wp-content\/uploads\/2019\/12\/port-stjohns.png\" alt=\"Port of St. John's\" \/><\/a><\/td>\n<\/tr>\n<tr>\n<td><a href=\"https:\/\/allianceverte.org\/\" target=\"_blank\" rel=\"noopener\"><img decoding=\"async\" style=\"margin-right: 20px;\" src=\"\/wp-content\/uploads\/2019\/06\/GreenMarine2019_partners_fr.png\" alt=\"Alliance verte\" \/><\/a><\/td>\n<td style=\"vertical-align: middle;\">\n<h4 style=\"margin-right: 30px;\"><a style=\"color: #07367d;\" href=\"https:\/\/allianceverte.org\/\" target=\"_blank\" rel=\"noopener\">Alliance verte<\/a><\/h4>\n<\/td>\n<td style=\"vertical-align: middle;\">\n<h4 style=\"color: #07367d; margin-left: 30px;\">St. John&rsquo;s Shipping Association<\/h4>\n<\/td>\n<td style=\"vertical-align: middle;\"><img decoding=\"async\" style=\"margin-left: 20px;\" src=\"\/wp-content\/uploads\/2020\/12\/SJSA-logo-158x88.png\" alt=\"St. John's Shipping Association\" \/><\/td>\n<\/tr>\n<tr>\n<td><a href=\"https:\/\/www.psahalifax.com\/\" target=\"_blank\" rel=\"noopener\"><img decoding=\"async\" style=\"margin-right: 20px;\" src=\"\/wp-content\/uploads\/2019\/12\/psahalifax.png\" alt=\"PSA Halifax\" \/><\/a><\/td>\n<td style=\"vertical-align: middle;\">\n<h4 style=\"margin-right: 30px;\"><a style=\"color: #07367d;\" href=\"https:\/\/www.psahalifax.com\/\" target=\"_blank\" rel=\"noopener\">PSA Halifax<\/a><\/h4>\n<\/td>\n<td style=\"vertical-align: middle;\">\n<h4 style=\"margin-left: 30px;\"><a style=\"color: #07367d;\" href=\"https:\/\/www.carrefour-acq.org\/\" target=\"_blank\" rel=\"noopener\">Association du camionnage du Qu\u00e9bec<\/a><\/h4>\n<\/td>\n<td style=\"vertical-align: middle;\"><a href=\"https:\/\/www.carrefour-acq.org\/\" target=\"_blank\" rel=\"noopener\"><img decoding=\"async\" style=\"margin-left: 20px;\" src=\"\/wp-content\/uploads\/2015\/02\/acq_logo.png\" alt=\"Association du camionnage du Qu\u00e9bec\" \/><\/a><\/td>\n<\/tr>\n<tr>\n<td><a href=\"https:\/\/meteo.gc.ca\/marine\/index_f.html\" target=\"_blank\" rel=\"noopener\"><img decoding=\"async\" style=\"margin-right: 20px;\" src=\"\/wp-content\/uploads\/2015\/02\/marineWeather.gif\" alt=\"M\u00e9t\u00e9o maritime\" \/><\/a><\/td>\n<td style=\"vertical-align: middle;\">\n<h4 style=\"margin-right: 30px;\"><a style=\"color: #07367d;\" href=\"https:\/\/meteo.gc.ca\/marine\/index_f.html\" target=\"_blank\" rel=\"noopener\">M\u00e9t\u00e9o maritime<\/a><\/h4>\n<\/td>\n<td style=\"vertical-align: middle;\">\n<h4 style=\"margin-left: 30px;\"><a style=\"color: #07367d;\" href=\"https:\/\/tcmtl.com\/\" target=\"_blank\" rel=\"noopener\">Le Club de trafic de Montr\u00e9al<\/a><\/h4>\n<\/td>\n<td><a href=\"https:\/\/tcmtl.com\/\" target=\"_blank\" rel=\"noopener\"><img decoding=\"async\" style=\"margin-left: 20px;\" src=\"\/wp-content\/uploads\/2015\/02\/club-traffic-logo_fr.png\" alt=\"Le Club de trafic de Montr\u00e9al\" \/><\/a><\/td>\n<\/tr>\n<tr>\n<td style=\"vertical-align: middle;\"><a href=\"https:\/\/www.apta.ca\/acceuil1\" target=\"_blank\" rel=\"noopener\"><img decoding=\"async\" style=\"margin-right: 20px;\" src=\"\/wp-content\/uploads\/2020\/02\/apta.png\" alt=\"Atlantic Provinces Trucking Association\" \/><\/a><\/td>\n<td style=\"vertical-align: middle;\">\n<h4 style=\"margin-right: 30px;\"><a style=\"color: #07367d;\" href=\"https:\/\/www.apta.ca\/acceuil1\" target=\"_blank\" rel=\"noopener\">Atlantic Provinces Trucking Association<\/a><\/h4>\n<\/td>\n<td style=\"vertical-align: middle;\">\n<h4 style=\"margin-left: 30px;\"><a style=\"color: #07367d;\" href=\"https:\/\/www.port-montreal.com\/fr\/\" target=\"_blank\" rel=\"noopener\">Port de Montr\u00e9al<\/a><\/h4>\n<\/td>\n<td><a href=\"https:\/\/www.port-montreal.com\/fr\/\" target=\"_blank\" rel=\"noopener\"><img decoding=\"async\" style=\"margin-left: 20px;\" src=\"\/wp-content\/uploads\/2020\/02\/port-of-montreal.png\" alt=\"Port de Montr\u00e9al\" \/><\/a><\/td>\n<\/tr>\n<tr>\n<td style=\"vertical-align: middle;\"><a href=\"https:\/\/www.imq.qc.ca\/\" target=\"_blank\" rel=\"noopener\"><img decoding=\"async\" style=\"margin-right: 20px;\" src=\"\/wp-content\/uploads\/2020\/02\/institut-maritime-du-quebec.png\" alt=\"Institut maritime du Qu\u00e9bec\" \/><\/a><\/td>\n<td style=\"vertical-align: middle;\">\n<h4 style=\"margin-right: 30px;\"><a style=\"color: #07367d;\" href=\"https:\/\/www.imq.qc.ca\/\" target=\"_blank\" rel=\"noopener\">Institut maritime du Qu\u00e9bec<\/a><\/h4>\n<\/td>\n<td style=\"vertical-align: middle;\">\n<h4 style=\"margin-left: 30px;\"><a style=\"color: #07367d;\" href=\"https:\/\/www.mi.mun.ca\/\" target=\"_blank\" rel=\"noopener\">Marine Institute of Newfoundland<\/a><\/h4>\n<\/td>\n<td><a href=\"https:\/\/www.mi.mun.ca\/\" target=\"_blank\" rel=\"noopener\"><img decoding=\"async\" style=\"margin-left: 20px;\" src=\"\/wp-content\/uploads\/2015\/02\/m_institutei.png\" alt=\"Marine Institute of Memorial University of Newfoundland\" \/><\/a><\/td>\n<\/tr>\n<\/tbody>\n<\/table>\n<\/div>\n","protected":false},"excerpt":{"rendered":"<p>Port d&rsquo;Halifax Association des employeurs maritimes QSL St. John&rsquo;s Port Authority Alliance verte St. John&rsquo;s Shipping Association PSA Halifax Association du camionnage du Qu\u00e9bec M\u00e9t\u00e9o maritime Le Club de trafic de Montr\u00e9al Atlantic Provinces Trucking Association Port <a class=\"read-more\" style=\"text-decoration:none;\" href=\"https:\/\/www.oceanex.com\/fr\/a-propos-doceanex\/partenaires-liens-utiles\/\">(&#8230;)<\/a><\/p>\n","protected":false},"author":14,"featured_media":1065,"parent":166,"menu_order":100,"comment_status":"open","ping_status":"open","template":"template-page.php","meta":{"footnotes":""},"class_list":["post-256","page","type-page","status-publish","has-post-thumbnail","hentry"],"_links":{"self":[{"href":"https:\/\/www.oceanex.com\/fr\/wp-json\/wp\/v2\/pages\/256","targetHints":{"allow":["GET"]}}],"collection":[{"href":"https:\/\/www.oceanex.com\/fr\/wp-json\/wp\/v2\/pages"}],"about":[{"href":"https:\/\/www.oceanex.com\/fr\/wp-json\/wp\/v2\/types\/page"}],"author":[{"embeddable":true,"href":"https:\/\/www.oceanex.com\/fr\/wp-json\/wp\/v2\/users\/14"}],"replies":[{"embeddable":true,"href":"https:\/\/www.oceanex.com\/fr\/wp-json\/wp\/v2\/comments?post=256"}],"version-history":[{"count":4,"href":"https:\/\/www.oceanex.com\/fr\/wp-json\/wp\/v2\/pages\/256\/revisions"}],"predecessor-version":[{"id":10468,"href":"https:\/\/www.oceanex.com\/fr\/wp-json\/wp\/v2\/pages\/256\/revisions\/10468"}],"up":[{"embeddable":true,"href":"https:\/\/www.oceanex.com\/fr\/wp-json\/wp\/v2\/pages\/166"}],"wp:featuredmedia":[{"embeddable":true,"href":"https:\/\/www.oceanex.com\/fr\/wp-json\/wp\/v2\/media\/1065"}],"wp:attachment":[{"href":"https:\/\/www.oceanex.com\/fr\/wp-json\/wp\/v2\/media?parent=256"}],"curies":[{"name":"wp","href":"https:\/\/api.w.org\/{rel}","templated":true}]}}