{"id":258,"date":"2014-11-04T20:33:56","date_gmt":"2014-11-04T20:33:56","guid":{"rendered":"https:\/\/www.oceanex.com\/contact-us-2\/"},"modified":"2025-10-28T10:48:37","modified_gmt":"2025-10-28T14:48:37","slug":"nous-joindre","status":"publish","type":"page","link":"https:\/\/www.oceanex.com\/fr\/nous-joindre\/","title":{"rendered":"Nous joindre"},"content":{"rendered":"<div class=\"row-wrap contact\" style=\"margin-bottom: 0;\">\n<div class=\"row-table\">\n<div class=\"block\" style=\"border: 0;\">\n<div class=\"title\">Si\u00e8ge social<\/div>\n<div class=\"wrap-text\">\n<p>Suite 701, Baine Johnston Centre<br \/>\n10 Fort William Place<br \/>\nSt. John&rsquo;s NL A1C 1K4<\/p>\n<table>\n<tbody>\n<tr>\n<td>T\u00e9l.:<\/td>\n<td><a href=\"tel:7097580382\">(709) 758-0382<\/a><\/td>\n<\/tr>\n<tr>\n<td>Fax:<\/td>\n<td><a href=\"tel:7097580360\">(709) 758-0360<\/a><\/td>\n<\/tr>\n<\/tbody>\n<\/table>\n<\/div>\n<\/div>\n<div class=\"block\" style=\"border: 0;\">\n<div class=\"title\">Ventes et service \u00e0 la client\u00e8le<\/div>\n<p><a href=\"mailto:bookings@oceanex.com\">bookings@oceanex.com<\/a><\/p>\n<div class=\"wrap-text\">\n<table>\n<tbody>\n<tr>\n<td>T\u00e9l.:<\/td>\n<td><a href=\"tel:5148759595\">(514) 875-9595<\/a><\/td>\n<\/tr>\n<tr>\n<td>S.F.:<\/td>\n<td><a href=\"tel:8888759595\">(888) 875-9595<\/a><\/td>\n<\/tr>\n<\/tbody>\n<\/table>\n<\/div>\n<p style=\"margin-top: 15px; margin-bottom: 0;\"><strong>Requ\u00eate de taux<\/strong><br \/>\n<a href=\"mailto:rating@oceanex.com\">rating@oceanex.com<\/a><br \/>\nFormulaire en ligne: <a href=\"https:\/\/www.oceanex.com\/fr\/formulaires-references\/requete-de-taux\/\">Requ\u00eate de taux<\/a><\/p>\n<\/div>\n<div class=\"block\" style=\"border: 0;\">\n<div class=\"title\">Ressources humaines<\/div>\n<p><a href=\"mailto:hr@oceanex.com\">hr@oceanex.com<\/a><\/p>\n<p>Perspective de carri\u00e8res: <a href=\"https:\/\/www.oceanex.com\/fr\/carrieres-employes\/details-carrieres\/\">Envoyez votre candidature<\/a><\/p>\n<div class=\"title\" style=\"margin-top: 20px;\">Commentaires de la communaut\u00e9 et des clients<\/div>\n<p style=\"margin-bottom: 0;\">Nous appr\u00e9cions vos commentaires \u2013 Contactez-nous en tout temps !<br \/>\n<a href=\"mailto:commentaires@oceanex.com\">commentaires@oceanex.com<\/a><\/p>\n<\/div>\n<\/div>\n<div class=\"row-table\">\n<div class=\"block\" style=\"border: 0;\">\n<div class=\"title\">Terminal de St. John\u2019s<\/div>\n<div class=\"wrap-text\">\n<p><strong>Heures d&rsquo;activit\u00e9:<\/strong><br \/>\nLundi au Vendredi 8:30 am &#8211; 5:00 pm<br \/>\n<strong>(709) 722-6280<\/strong><\/p>\n<p><strong>Horaire du port:<\/strong><br \/>\nLundi au vendredi de 8h30 \u00e0 16h30<br \/>\n<strong>Contact hors des heures d&rsquo;ouverture:<\/strong><br \/>\n<a href=\"mailto:stjpieroperation@oceanex.com\">stjpieroperation@oceanex.com<\/a><br \/>\n*\u00c0 ne pas utiliser pour les r\u00e9servations.<\/p>\n<\/div>\n<\/div>\n<div class=\"block\" style=\"border: 0;\">\n<div class=\"title\">Terminal de Montr\u00e9al<\/div>\n<div class=\"wrap-text\">\n<p><strong>Heures d&rsquo;activit\u00e9:<\/strong><br \/>\nLundi au Samedi 7:30 am &#8211; 5:00 pm<\/p>\n<p><strong>Horaire du port:<\/strong><br \/>\nLundi au Vendredi de 7h00 \u00e0 14h00<br \/>\n<strong>Contact hors des heures d&rsquo;ouverture:<\/strong><br \/>\n<a href=\"mailto:mtldispatch@oceanex.com\">mtldispatch@oceanex.com<\/a><br \/>\n1-888-875-9595<\/p>\n<\/div>\n<\/div>\n<div class=\"block\" style=\"border: 0;\">\n<div class=\"title\">Terminal d&rsquo;Halifax<\/div>\n<div class=\"wrap-text\">\n<p><strong>Heures d&rsquo;activit\u00e9:<\/strong><br \/>\nLundi au Vendredi 8:00 am &#8211; 5:00 pm<\/p>\n<p><strong>Contact hors des heures d&rsquo;ouverture:<\/strong><br \/>\n<a href=\"mailto:hfxdispatch@oceanex.com\">hfxdispatch@oceanex.com<\/a><br \/>\n1-888-875-9595<\/p>\n<\/div>\n<\/div>\n<\/div>\n<\/div>\n","protected":false},"excerpt":{"rendered":"<p>Si\u00e8ge social Suite 701, Baine Johnston Centre 10 Fort William Place St. John&rsquo;s NL A1C 1K4 T\u00e9l.: (709) 758-0382 Fax: (709) 758-0360 Ventes et service \u00e0 la client\u00e8le bookings@oceanex.com T\u00e9l.: (514) 875-9595 S.F.: (888) 875-9595 Requ\u00eate de <a class=\"read-more\" style=\"text-decoration:none;\" href=\"https:\/\/www.oceanex.com\/fr\/nous-joindre\/\">(&#8230;)<\/a><\/p>\n","protected":false},"author":14,"featured_media":0,"parent":0,"menu_order":39,"comment_status":"open","ping_status":"closed","template":"template-contact.php","meta":{"footnotes":""},"class_list":["post-258","page","type-page","status-publish","hentry"],"_links":{"self":[{"href":"https:\/\/www.oceanex.com\/fr\/wp-json\/wp\/v2\/pages\/258","targetHints":{"allow":["GET"]}}],"collection":[{"href":"https:\/\/www.oceanex.com\/fr\/wp-json\/wp\/v2\/pages"}],"about":[{"href":"https:\/\/www.oceanex.com\/fr\/wp-json\/wp\/v2\/types\/page"}],"author":[{"embeddable":true,"href":"https:\/\/www.oceanex.com\/fr\/wp-json\/wp\/v2\/users\/14"}],"replies":[{"embeddable":true,"href":"https:\/\/www.oceanex.com\/fr\/wp-json\/wp\/v2\/comments?post=258"}],"version-history":[{"count":4,"href":"https:\/\/www.oceanex.com\/fr\/wp-json\/wp\/v2\/pages\/258\/revisions"}],"predecessor-version":[{"id":10581,"href":"https:\/\/www.oceanex.com\/fr\/wp-json\/wp\/v2\/pages\/258\/revisions\/10581"}],"wp:attachment":[{"href":"https:\/\/www.oceanex.com\/fr\/wp-json\/wp\/v2\/media?parent=258"}],"curies":[{"name":"wp","href":"https:\/\/api.w.org\/{rel}","templated":true}]}}