{"id":259,"date":"2014-11-14T20:51:35","date_gmt":"2014-11-14T20:51:35","guid":{"rendered":"https:\/\/www.oceanex.com\/careers-employees\/career-details\/"},"modified":"2024-07-15T16:16:23","modified_gmt":"2024-07-15T20:16:23","slug":"details-carrieres","status":"publish","type":"page","link":"https:\/\/www.oceanex.com\/fr\/carrieres-employes\/details-carrieres\/","title":{"rendered":"Perspective de carri\u00e8res"},"content":{"rendered":"<h2><strong>Travailler avec nous \u2013 postes disponibles<\/strong><\/h2>\n<p><img decoding=\"async\" class=\"alignright\" style=\"margin-bottom: 0px;\" src=\"https:\/\/www.oceanex.com\/wp-content\/uploads\/2024\/07\/career-accessibilty.png\" alt=\"Careers\" \/><\/p>\n<h3><strong>Notre engagement<\/strong><\/h3>\n<p>Nous croyons que les gens sont au c\u0153ur de notre activit\u00e9. Nous sommes fiers d&rsquo;offrir \u00e0 nos employ\u00e9s un environnement professionnel favorable, des salaires comp\u00e9titifs et d&rsquo;excellents avantages sociaux. Faire partie de l&rsquo;\u00e9quipe d&rsquo;Oceanex, c&rsquo;est avoir l&rsquo;assurance d&rsquo;une carri\u00e8re stable dans une entreprise qui valorise les comp\u00e9tences de ses employ\u00e9s et qui encourage l&rsquo;expression de nouvelles id\u00e9es.<\/p>\n<p>Nous sommes un employeur qui pr\u00f4ne l&rsquo;\u00e9galit\u00e9 des opportunit\u00e9s. Dans tout ce que nous faisons et dans la mani\u00e8re dont nous le faisons, nous nous engageons \u00e0 traiter nos employ\u00e9s et les personnes avec lesquelles nous traitons avec respect et dignit\u00e9.<\/p>\n<p>Vous pouvez nous faire parvenir votre CV accompagn\u00e9 d\u2019une lettre de pr\u00e9sentation en tout temps aux adresses suivantes :<\/p>\n<ul style=\"margin-top: 4px;\">\n<li><a style=\"color: #fa4903; text-decoration: underline;\" href=\"https:\/\/oceanex.startdate.ca\/#\/apply\/public\/9?language=fr\" target=\"_blank\" rel=\"noopener\">Appliquez ici<\/a> pour les postes en mer<\/li>\n<li><a style=\"color: #fa4903; text-decoration: underline;\" href=\"https:\/\/oceanex.startdate.ca\/#\/career\/info\/public\/48?language=en\" target=\"_blank\" rel=\"noopener\">Appliquez ici<\/a> pour les postes de d\u00e9bardeurs<\/li>\n<li><a style=\"color: #fa4903; text-decoration: underline;\" href=\"https:\/\/oceanex.startdate.ca\/#\/apply\/public\/8?language=fr\" target=\"_blank\" rel=\"noopener\">Appliquez ici<\/a> pour tout autre poste<\/li>\n<\/ul>\n<p>Nous vous remercions de l&rsquo;int\u00e9r\u00eat que vous portez \u00e0 notre entreprise<\/p>\n","protected":false},"excerpt":{"rendered":"<p>Travailler avec nous \u2013 postes disponibles Notre engagement Nous croyons que les gens sont au c\u0153ur de notre activit\u00e9. Nous sommes fiers d&rsquo;offrir \u00e0 nos employ\u00e9s un environnement professionnel favorable, des salaires comp\u00e9titifs et d&rsquo;excellents avantages sociaux. <a class=\"read-more\" style=\"text-decoration:none;\" href=\"https:\/\/www.oceanex.com\/fr\/carrieres-employes\/details-carrieres\/\">(&#8230;)<\/a><\/p>\n","protected":false},"author":14,"featured_media":1884,"parent":257,"menu_order":21,"comment_status":"closed","ping_status":"closed","template":"template-recruit.php","meta":{"footnotes":""},"class_list":["post-259","page","type-page","status-publish","has-post-thumbnail","hentry"],"_links":{"self":[{"href":"https:\/\/www.oceanex.com\/fr\/wp-json\/wp\/v2\/pages\/259","targetHints":{"allow":["GET"]}}],"collection":[{"href":"https:\/\/www.oceanex.com\/fr\/wp-json\/wp\/v2\/pages"}],"about":[{"href":"https:\/\/www.oceanex.com\/fr\/wp-json\/wp\/v2\/types\/page"}],"author":[{"embeddable":true,"href":"https:\/\/www.oceanex.com\/fr\/wp-json\/wp\/v2\/users\/14"}],"replies":[{"embeddable":true,"href":"https:\/\/www.oceanex.com\/fr\/wp-json\/wp\/v2\/comments?post=259"}],"version-history":[{"count":1,"href":"https:\/\/www.oceanex.com\/fr\/wp-json\/wp\/v2\/pages\/259\/revisions"}],"predecessor-version":[{"id":10391,"href":"https:\/\/www.oceanex.com\/fr\/wp-json\/wp\/v2\/pages\/259\/revisions\/10391"}],"up":[{"embeddable":true,"href":"https:\/\/www.oceanex.com\/fr\/wp-json\/wp\/v2\/pages\/257"}],"wp:featuredmedia":[{"embeddable":true,"href":"https:\/\/www.oceanex.com\/fr\/wp-json\/wp\/v2\/media\/1884"}],"wp:attachment":[{"href":"https:\/\/www.oceanex.com\/fr\/wp-json\/wp\/v2\/media?parent=259"}],"curies":[{"name":"wp","href":"https:\/\/api.w.org\/{rel}","templated":true}]}}