{"id":260,"date":"2014-11-14T20:51:56","date_gmt":"2014-11-14T20:51:56","guid":{"rendered":"https:\/\/www.oceanex.com\/careers-employees\/health-safety\/"},"modified":"2021-03-30T10:05:00","modified_gmt":"2021-03-30T14:05:00","slug":"sante-securite","status":"publish","type":"page","link":"https:\/\/www.oceanex.com\/fr\/a-propos-doceanex\/sante-securite\/","title":{"rendered":"Sant\u00e9 et s\u00e9curit\u00e9"},"content":{"rendered":"<h2>Politique en mati\u00e8re de sant\u00e9, de s\u00e9curit\u00e9 et d&rsquo;environnement<\/h2>\n<p><strong>Par le biais d\u2019une gestion proactive, la direction d\u2019Oceanex s\u2019est engag\u00e9e \u00e0 prot\u00e9ger ses employ\u00e9s, ses entrepreneurs, le grand public, ses biens et l\u2019environnement contre toute perte accidentelle.<\/strong><\/p>\n<p><strong>Gr\u00e2ce \u00e0 un leadership efficace, nous cherchons constamment \u00e0 am\u00e9liorer notre performance en mati\u00e8re de sant\u00e9, de s\u00e9curit\u00e9 et d&rsquo;environnement (SSE) et notre succ\u00e8s requiert une implication partag\u00e9e, une participation active et la collaboration de tous. Nous nous efforcerons de rester fid\u00e8les \u00e0 notre engagement en adh\u00e9rant aux principes suivants:<\/strong><\/p>\n<ul style=\"margin-top:16px;\">\n<li>Pr\u00e9vention d\u2019incidents, de blessures et de pollution.<\/li>\n<li>Identification et \u00e9valuation de tout risque SSE et la gestion de ces risques.<\/li>\n<li>Identification et pr\u00e9paration en vue de situations d\u2019urgence \u00e0 terre et sur les navires.<\/li>\n<li>Conformit\u00e9 aux lois et aux r\u00e8glements applicables SSE, aux proc\u00e9dures corporatives et aux pratiques de travail s\u00e9curitaires.<\/li>\n<li>Tol\u00e9rance z\u00e9ro quant aux conditions et comportements susceptibles de contribuer \u00e0 des accidents et des blessures.<\/li>\n<li>Tol\u00e9rance z\u00e9ro quant au non-respect des exigences corporatives ou l\u00e9gislatives.<\/li>\n<li>Contr\u00f4le de la performance SSE dans l\u2019ensemble de l\u2019entreprise.<\/li>\n<li>Am\u00e9lioration continue du syst\u00e8me et de la performance SSE.<\/li>\n<li>Faire tous les efforts possibles pour r\u00e9duire notre empreinte environnementale.<\/li>\n<li>S\u2019efforcer d\u2019atteindre l\u2019excellence op\u00e9rationnelle.<\/li>\n<\/ul>\n<p>Tous les membres du personnel, engag\u00e9s par Oceanex ou en son nom, recevront une orientation au milieu de travail qui devra inclure : l\u2019identification de risques, les proc\u00e9dures et les politiques de travail ainsi que toute autres informations requises pour contribuer aux pratiques de travail s\u00e9curitaires.<\/p>\n<p>Oceanex veille \u00e0 respecter pleinement les normes r\u00e9glementaires, la soci\u00e9t\u00e9 de classification et toute autre exigence identifi\u00e9e, et s\u2019est aussi engag\u00e9e \u00e0 ce que tout son personnel soit entrain\u00e9 ad\u00e9quatement pour accomplir leurs t\u00e2ches en tout temps.<\/p>\n<p>Oceanex s\u2019engage \u00e0 surveiller l\u2019implantation efficace de cette politique et ses programmes r\u00e9guli\u00e8rement.<\/p>\n","protected":false},"excerpt":{"rendered":"<p>Politique en mati\u00e8re de sant\u00e9, de s\u00e9curit\u00e9 et d&rsquo;environnement Par le biais d\u2019une gestion proactive, la direction d\u2019Oceanex s\u2019est engag\u00e9e \u00e0 prot\u00e9ger ses employ\u00e9s, ses entrepreneurs, le grand public, ses biens et l\u2019environnement contre toute perte accidentelle. <a class=\"read-more\" style=\"text-decoration:none;\" href=\"https:\/\/www.oceanex.com\/fr\/a-propos-doceanex\/sante-securite\/\">(&#8230;)<\/a><\/p>\n","protected":false},"author":14,"featured_media":2120,"parent":166,"menu_order":20,"comment_status":"open","ping_status":"open","template":"template-page.php","meta":{"footnotes":""},"class_list":["post-260","page","type-page","status-publish","has-post-thumbnail","hentry"],"_links":{"self":[{"href":"https:\/\/www.oceanex.com\/fr\/wp-json\/wp\/v2\/pages\/260","targetHints":{"allow":["GET"]}}],"collection":[{"href":"https:\/\/www.oceanex.com\/fr\/wp-json\/wp\/v2\/pages"}],"about":[{"href":"https:\/\/www.oceanex.com\/fr\/wp-json\/wp\/v2\/types\/page"}],"author":[{"embeddable":true,"href":"https:\/\/www.oceanex.com\/fr\/wp-json\/wp\/v2\/users\/14"}],"replies":[{"embeddable":true,"href":"https:\/\/www.oceanex.com\/fr\/wp-json\/wp\/v2\/comments?post=260"}],"version-history":[{"count":0,"href":"https:\/\/www.oceanex.com\/fr\/wp-json\/wp\/v2\/pages\/260\/revisions"}],"up":[{"embeddable":true,"href":"https:\/\/www.oceanex.com\/fr\/wp-json\/wp\/v2\/pages\/166"}],"wp:featuredmedia":[{"embeddable":true,"href":"https:\/\/www.oceanex.com\/fr\/wp-json\/wp\/v2\/media\/2120"}],"wp:attachment":[{"href":"https:\/\/www.oceanex.com\/fr\/wp-json\/wp\/v2\/media?parent=260"}],"curies":[{"name":"wp","href":"https:\/\/api.w.org\/{rel}","templated":true}]}}