{"id":262,"date":"2014-11-14T20:44:29","date_gmt":"2014-11-14T20:44:29","guid":{"rendered":"https:\/\/www.oceanex.com\/forms-references\/dangerous-goods\/"},"modified":"2022-11-22T11:56:49","modified_gmt":"2022-11-22T16:56:49","slug":"matieres-dangereuses","status":"publish","type":"page","link":"https:\/\/www.oceanex.com\/fr\/formulaires-references\/matieres-dangereuses\/","title":{"rendered":"Mati\u00e8res dangereuses"},"content":{"rendered":"<h2><strong>Transport de mati\u00e8res dangereuses<\/strong><\/h2>\n<p>Le transport maritime est consid\u00e9r\u00e9 comme l&rsquo;un des moyens les plus s\u00fbrs pour le transport de marchandises ; et chez Oceanex, nous nous effor\u00e7ons d&rsquo;acheminer les marchandises de nos clients de mani\u00e8re s\u00fbre et efficace Nous avons mis en place des proc\u00e9dures compl\u00e8tes pour le transport de marchandises\/mati\u00e8res dangereuses conformes aux l\u00e9gislations f\u00e9d\u00e9rale et internationale. Le transport de marchandises\/mati\u00e8res dangereuses par Oceanex, y compris le transport maritime et routier, est soumis \u00e0 de multiples r\u00e9glementations, en tout ou partie, y compris:<\/p>\n<ul style=\"margin-left:3rem;margin-top:0.8rem\">\n<li><a href=\"https:\/\/laws-lois.justice.gc.ca\/fra\/reglements\/DORS-2001-286\/index.html\" target=\"_blank\" style=\"color: #fa4903;\" rel=\"noopener\">R\u00e8glement sur le transport des marchandises dangereuses<\/a><\/li>\n<li><a href=\"https:\/\/laws-lois.justice.gc.ca\/fra\/lois\/c-10.15\/\" target=\"_blank\" style=\"color: #fa4903;\" rel=\"noopener\">Loi sur la marine marchande du Canada<\/a><\/li>\n<li><a href=\"https:\/\/wwwcdn.imo.org\/localresources\/en\/publications\/Documents\/Supplements\/French\/QL200F_122019.pdf\" target=\"_blank\" style=\"color: #fa4903;\" rel=\"noopener\">Code international pour le transport maritime des marchandises dangereuses<\/a><\/li>\n<li><a href=\"https:\/\/laws-lois.justice.gc.ca\/fra\/reglements\/DORS-2007-128\/page-1.html\" target=\"_blank\" style=\"color: #fa4903;\" rel=\"noopener\">R\u00e8glement sur les cargaisons, la fumigation et l&rsquo;outillage de chargement<\/a><\/li>\n<\/ul>\n<p>Lorsqu&rsquo;ils exp\u00e9dient des marchandises\/mati\u00e8res dangereuses, les exp\u00e9diteurs sont tenus de conna\u00eetre les r\u00e9glementations applicables aux marchandises qu&rsquo;ils transportent et doivent les d\u00e9clarer \u00e0 leur arriv\u00e9e \u00e0 nos terminaux. Il est \u00e9galement essentiel que les exp\u00e9diteurs sachent que les r\u00e8glements peuvent varier selon que le transport est effectu\u00e9 par route ou par bateau.<\/p>\n<p>Le R\u00e8glement sur le transport des marchandises dangereuses (RTMD) exige que les exp\u00e9diteurs fournissent un document d&rsquo;exp\u00e9dition contenant les renseignements requis par la <a href=\"https:\/\/tc.canada.ca\/fr\/marchandises-dangereuses\/partie-3\" target=\"_blank\" rel=\"noopener\">partie 3<\/a> du R\u00e8glement sur le transport des marchandises dangereuses.<\/p>\n<p>Le document d&rsquo;exp\u00e9dition doit comprendre, sans s&rsquo;y limiter, les \u00e9l\u00e9ments suivants :<\/p>\n<ul style=\"margin-left:3rem;\">\n<li>Le nom et l&rsquo;adresse de l&rsquo;exp\u00e9diteur.<\/li>\n<li>La date du document.<\/li>\n<li>Num\u00e9ro ONU.<\/li>\n<li>Nom d&rsquo;exp\u00e9dition et (nom technique, le cas \u00e9ch\u00e9ant).<\/li>\n<li>La classe principale et toute classe subsidiaire, le cas \u00e9ch\u00e9ant.<\/li>\n<li>Groupe d&#8217;emballage.<\/li>\n<li>Quantit\u00e9.<\/li>\n<li>Coordonn\u00e9es du contact d&rsquo;urgence 24h\/24.<\/li>\n<li>Certification de l&rsquo;exp\u00e9diteur.<\/li>\n<\/ul>\n<p>Pour plus d&rsquo;informations sur les documents d&rsquo;exp\u00e9dition TMD, veuillez consulter le <a target=\"_blank\" href=\"https:\/\/tc.canada.ca\/fr\/marchandises-dangereuses\/bulletin-tmd-document-expedition\" rel=\"noopener\">bulletin TMD &#8211; Document d&rsquo;exp\u00e9dition<\/a> de Transports Canada<\/p>\n","protected":false},"excerpt":{"rendered":"<p>Transport de mati\u00e8res dangereuses Le transport maritime est consid\u00e9r\u00e9 comme l&rsquo;un des moyens les plus s\u00fbrs pour le transport de marchandises ; et chez Oceanex, nous nous effor\u00e7ons d&rsquo;acheminer les marchandises de nos clients de mani\u00e8re s\u00fbre <a class=\"read-more\" style=\"text-decoration:none;\" href=\"https:\/\/www.oceanex.com\/fr\/formulaires-references\/matieres-dangereuses\/\">(&#8230;)<\/a><\/p>\n","protected":false},"author":14,"featured_media":1668,"parent":261,"menu_order":69,"comment_status":"open","ping_status":"open","template":"template-page.php","meta":{"footnotes":""},"class_list":["post-262","page","type-page","status-publish","has-post-thumbnail","hentry"],"_links":{"self":[{"href":"https:\/\/www.oceanex.com\/fr\/wp-json\/wp\/v2\/pages\/262","targetHints":{"allow":["GET"]}}],"collection":[{"href":"https:\/\/www.oceanex.com\/fr\/wp-json\/wp\/v2\/pages"}],"about":[{"href":"https:\/\/www.oceanex.com\/fr\/wp-json\/wp\/v2\/types\/page"}],"author":[{"embeddable":true,"href":"https:\/\/www.oceanex.com\/fr\/wp-json\/wp\/v2\/users\/14"}],"replies":[{"embeddable":true,"href":"https:\/\/www.oceanex.com\/fr\/wp-json\/wp\/v2\/comments?post=262"}],"version-history":[{"count":2,"href":"https:\/\/www.oceanex.com\/fr\/wp-json\/wp\/v2\/pages\/262\/revisions"}],"predecessor-version":[{"id":10028,"href":"https:\/\/www.oceanex.com\/fr\/wp-json\/wp\/v2\/pages\/262\/revisions\/10028"}],"up":[{"embeddable":true,"href":"https:\/\/www.oceanex.com\/fr\/wp-json\/wp\/v2\/pages\/261"}],"wp:featuredmedia":[{"embeddable":true,"href":"https:\/\/www.oceanex.com\/fr\/wp-json\/wp\/v2\/media\/1668"}],"wp:attachment":[{"href":"https:\/\/www.oceanex.com\/fr\/wp-json\/wp\/v2\/media?parent=262"}],"curies":[{"name":"wp","href":"https:\/\/api.w.org\/{rel}","templated":true}]}}