{"id":263,"date":"2014-11-14T20:44:08","date_gmt":"2014-11-14T20:44:08","guid":{"rendered":"https:\/\/www.oceanex.com\/forms-references\/fuel-surcharge\/"},"modified":"2016-02-17T09:11:03","modified_gmt":"2016-02-17T14:11:03","slug":"supplement-carburant","status":"publish","type":"page","link":"https:\/\/www.oceanex.com\/fr\/formulaires-references\/supplement-carburant\/","title":{"rendered":"Suppl\u00e9ment pour carburant"},"content":{"rendered":"<div class=\"ocx-row\">\n<h3 style=\"margin-top:20px;\">Pour la semaine du {{weekLabel}}<\/h3>\n<\/div>\n<div class=\"ocx-row\">\n<div class=\"ocx-col\">\n<div class=\"legend-tl3\">Plein chargement TL3 (55,000 lbs +) : {{tl3Pct}}<\/div>\n<div class=\"legend-tl2\">Plein chargement TL2 (10,000 &#8211; 54,999 lbs) : {{tl2Pct}}<\/div>\n<div class=\"legend-ltl\">Charges partielles (0 &#8211; 9 999 lbs) : {{ltlPct}}<\/div>\n<\/div>\n<div class=\"ocx-col\">\n<div style=\"margin: 20px auto 0 auto; cursor:pointer;\">\n  <img decoding=\"async\"   style=\"margin:0\"  src=\"https:\/\/www.oceanex.com\/wp-content\/uploads\/2016\/01\/fuelSurchargeAlert_fr.png\" alt=\"\" ng-click=\"openDialog()\">\n  <\/div>\n<\/div>\n<\/div>\n<div id=\"mydialog\" title=\"Alerte Suppl\u00e9ment pour carburant\" style=\"width: auto; min-height: 0px; height: 197px; font-size: 14px;display:none;\">\n<p>Remplissez ce formulaire pour recevoir un courriel lorsqu&rsquo;un changement dans le suppl\u00e9ment survient.<\/p>\n<div class=\"form-group\" id=\"divNameAlert\">\n<input type=\"text\" id=\"nameForAlert\" maxlength=\"50\" class=\"form-control\" placeholder=\"Name\">\n<\/div>\n<p>\t<\/p>\n<div class=\"form-group\" id=\"divEmailAlert\">\n<input type=\"text\" id=\"emailForAlert\" maxlength=\"150\" class=\"form-control\" placeholder=\"E-mail\"><br \/>\n<span class=\"error text-danger\" id=\"emailForAlertErr\" style=\"display: none;\">&nbsp;Courriel non valide.<\/span><span class=\"error text-danger\" id=\"nameForAlertErr\" style=\"display: none;\">&nbsp;Le nom n&rsquo;est pas valide.<\/span>\n<\/div>\n<\/div>\n<p style=\"clear:both;padding-top:15px;margin-left:4%\"><strong>Historique<\/strong> (Derni\u00e8res 26 semaines)<\/p>\n<div id=\"chartDiv\"><\/div>\n<div id=\"success-dialog\" title=\"Succ\u00e8s\" style=\"width: auto;font-size: 14px;display:none;text-align: center;padding-top: 20px;\">\n<p style=\"line-height: 140%;\">Merci, vous avez \u00e9t\u00e9 abonn\u00e9 avec succ\u00e8s<\/p>\n<\/div>\n<div id=\"unsubscribed-dialog\" title=\"d\u00e9sabonnement\" style=\"width: auto;font-size: 14px;display:none;text-align: center;padding-top: 20px;\">\n<p style=\"line-height: 140%;\">Merci, votre abonnement aux alertes est termin\u00e9.<\/p>\n<\/div>\n","protected":false},"excerpt":{"rendered":"<p>Pour la semaine du {{weekLabel}} Plein chargement TL3 (55,000 lbs +) : {{tl3Pct}} Plein chargement TL2 (10,000 &#8211; 54,999 lbs) : {{tl2Pct}} Charges partielles (0 &#8211; 9 999 lbs) : {{ltlPct}} Remplissez ce formulaire pour recevoir un <a class=\"read-more\" style=\"text-decoration:none;\" href=\"https:\/\/www.oceanex.com\/fr\/formulaires-references\/supplement-carburant\/\">(&#8230;)<\/a><\/p>\n","protected":false},"author":14,"featured_media":1716,"parent":261,"menu_order":80,"comment_status":"open","ping_status":"open","template":"template-ng-fuel.php","meta":{"footnotes":""},"class_list":["post-263","page","type-page","status-publish","has-post-thumbnail","hentry"],"_links":{"self":[{"href":"https:\/\/www.oceanex.com\/fr\/wp-json\/wp\/v2\/pages\/263","targetHints":{"allow":["GET"]}}],"collection":[{"href":"https:\/\/www.oceanex.com\/fr\/wp-json\/wp\/v2\/pages"}],"about":[{"href":"https:\/\/www.oceanex.com\/fr\/wp-json\/wp\/v2\/types\/page"}],"author":[{"embeddable":true,"href":"https:\/\/www.oceanex.com\/fr\/wp-json\/wp\/v2\/users\/14"}],"replies":[{"embeddable":true,"href":"https:\/\/www.oceanex.com\/fr\/wp-json\/wp\/v2\/comments?post=263"}],"version-history":[{"count":0,"href":"https:\/\/www.oceanex.com\/fr\/wp-json\/wp\/v2\/pages\/263\/revisions"}],"up":[{"embeddable":true,"href":"https:\/\/www.oceanex.com\/fr\/wp-json\/wp\/v2\/pages\/261"}],"wp:featuredmedia":[{"embeddable":true,"href":"https:\/\/www.oceanex.com\/fr\/wp-json\/wp\/v2\/media\/1716"}],"wp:attachment":[{"href":"https:\/\/www.oceanex.com\/fr\/wp-json\/wp\/v2\/media?parent=263"}],"curies":[{"name":"wp","href":"https:\/\/api.w.org\/{rel}","templated":true}]}}