{"id":264,"date":"2014-11-14T20:48:31","date_gmt":"2014-11-14T20:48:31","guid":{"rendered":"https:\/\/www.oceanex.com\/forms-references\/licences-permits\/"},"modified":"2019-12-17T09:56:05","modified_gmt":"2019-12-17T14:56:05","slug":"licences-et-permis","status":"publish","type":"page","link":"https:\/\/www.oceanex.com\/fr\/formulaires-references\/licences-et-permis\/","title":{"rendered":"Licences et permis"},"content":{"rendered":"<h3><\/h3>\n<h3><strong>AUTORIT\u00c9S RESPONSABLES<\/strong><\/h3>\n<p>&nbsp;<\/p>\n<p><strong>Cote de s\u00e9curit\u00e9 de la SAAQ (Qu\u00e9bec)<\/strong><\/p>\n<p>Cote de s\u00e9curit\u00e9 obtenue aupr\u00e8s du registraire des v\u00e9hicules de la province du Qu\u00e9bec<\/p>\n<p>Notre num\u00e9ro de PEVL est le <strong>67880575.<\/strong><\/p>\n<p>&nbsp;<\/p>\n<p><strong>Num\u00e9ro d\u2019identification au registre (NIR \u2013 Qu\u00e9bec)<\/strong><\/p>\n<p>Ce num\u00e9ro, obtenu aupr\u00e8s de Transports Qu\u00e9bec, nous autorise \u00e0 poss\u00e9der et \u00e0 g\u00e9rer une flotte de v\u00e9hicules lourds.<\/p>\n<p>Notre NIR est le <strong>R-526672-2.<\/strong><\/p>\n<p>&nbsp;<\/p>\n<p><strong>Cote de s\u00e9curit\u00e9 pour Terre-Neuve<\/strong><\/p>\n<p>Cote de s\u00e9curit\u00e9 obtenue aupr\u00e8s de la <em>Motor Registration Division<\/em> de la province de Terre-Neuve-et-Labrador<\/p>\n<p>Notre num\u00e9ro NSC est le <strong>NFOC 00363851.<\/strong><\/p>\n<p>&nbsp;<\/p>\n<p><strong>Code SCAC (\u00c9tats-Unis)<\/strong><\/p>\n<p>Le <em>United States Standard Carrier Alpha Code,<\/em> \u00e9mis par la <em>National Motor Freight Association<\/em> pour les bienfaits du <em>Bureau of Customs and Border<br \/>\n  Protection<\/em><\/p>\n<p>Notre code SCAC est <strong>OCXI.<\/strong><\/p>\n<p>&nbsp;<\/p>\n<p><strong>Code de transporteur canadien<\/strong><\/p>\n<p>Le code de transporteur canadien identifie Oceanex aupr\u00e8s de l\u2019Agence des services frontaliers du Canada. Il s\u2019agit de notre entente canadienne.<\/p>\n<p>Notre code de transporteur est le <strong>5577.<\/strong><\/p>\n<p>&nbsp;<\/p>\n<p><strong><em>Motor Registration<\/em> (\u00c9tats-Unis)<\/strong><\/p>\n<p>Cote de s\u00e9curit\u00e9 du transporteur obtenu aupr\u00e8s de la <em>Motor Registration Division <\/em>des \u00c9tats-Unis<\/p>\n<p>Notre DOT est le <strong>1621763.<\/strong><\/p>\n","protected":false},"excerpt":{"rendered":"<p>AUTORIT\u00c9S RESPONSABLES &nbsp; Cote de s\u00e9curit\u00e9 de la SAAQ (Qu\u00e9bec) Cote de s\u00e9curit\u00e9 obtenue aupr\u00e8s du registraire des v\u00e9hicules de la province du Qu\u00e9bec Notre num\u00e9ro de PEVL est le 67880575. &nbsp; Num\u00e9ro d\u2019identification au registre (NIR <a class=\"read-more\" style=\"text-decoration:none;\" href=\"https:\/\/www.oceanex.com\/fr\/formulaires-references\/licences-et-permis\/\">(&#8230;)<\/a><\/p>\n","protected":false},"author":14,"featured_media":1670,"parent":261,"menu_order":58,"comment_status":"open","ping_status":"open","template":"template-page.php","meta":{"footnotes":""},"class_list":["post-264","page","type-page","status-publish","has-post-thumbnail","hentry"],"_links":{"self":[{"href":"https:\/\/www.oceanex.com\/fr\/wp-json\/wp\/v2\/pages\/264","targetHints":{"allow":["GET"]}}],"collection":[{"href":"https:\/\/www.oceanex.com\/fr\/wp-json\/wp\/v2\/pages"}],"about":[{"href":"https:\/\/www.oceanex.com\/fr\/wp-json\/wp\/v2\/types\/page"}],"author":[{"embeddable":true,"href":"https:\/\/www.oceanex.com\/fr\/wp-json\/wp\/v2\/users\/14"}],"replies":[{"embeddable":true,"href":"https:\/\/www.oceanex.com\/fr\/wp-json\/wp\/v2\/comments?post=264"}],"version-history":[{"count":0,"href":"https:\/\/www.oceanex.com\/fr\/wp-json\/wp\/v2\/pages\/264\/revisions"}],"up":[{"embeddable":true,"href":"https:\/\/www.oceanex.com\/fr\/wp-json\/wp\/v2\/pages\/261"}],"wp:featuredmedia":[{"embeddable":true,"href":"https:\/\/www.oceanex.com\/fr\/wp-json\/wp\/v2\/media\/1670"}],"wp:attachment":[{"href":"https:\/\/www.oceanex.com\/fr\/wp-json\/wp\/v2\/media?parent=264"}],"curies":[{"name":"wp","href":"https:\/\/api.w.org\/{rel}","templated":true}]}}