{"id":265,"date":"2014-11-14T20:48:12","date_gmt":"2014-11-14T20:48:12","guid":{"rendered":"https:\/\/www.oceanex.com\/forms-references\/online-forms\/"},"modified":"2024-07-10T13:51:25","modified_gmt":"2024-07-10T17:51:25","slug":"formulaires-en-ligne","status":"publish","type":"page","link":"https:\/\/www.oceanex.com\/fr\/formulaires-references\/formulaires-en-ligne\/","title":{"rendered":"Formulaires en ligne"},"content":{"rendered":"<div style=\"width: 42px; height: 100px; float: left; margin: 20px 20px 20px 30px; display: inline-table; padding: 0;\"><a href=\"https:\/\/www.oceanex.com\/wp-content\/uploads\/2024\/07\/Credit-Application-BIL-V3.pdf\" target=\"_blank\" rel=\"noopener\"><img decoding=\"async\" style=\"box-shadow: 4px 4px 5px #888888;\" src=\"https:\/\/www.oceanex.com\/wp-content\/uploads\/2015\/01\/creditapp-thumb.png\" alt=\"Demande de Cr\u00e9dit\" \/><\/a><\/div>\n<div style=\"margin-top: 23px;\">\n<h2>Formulaire de demande de cr\u00e9dit<\/h2>\n<div class=\"contain\" style=\"margin-bottom: 40px;\">\n<div class=\"download-wrap\" style=\"display: inline;\"><a class=\"download\" style=\"margin-right: 20px; float: left;\" href=\"https:\/\/www.oceanex.com\/wp-content\/uploads\/2024\/07\/Credit-Application-BIL-V3.pdf\" target=\"_blank\" rel=\"noopener\">T\u00e9l\u00e9charger&nbsp;PDF<\/a><\/div>\n<div>\n<h3 style=\"font-size: 20px; padding-top: 5px;\">Date d&rsquo;entr\u00e9e en vigueur: 2024-07-03<\/h3>\n<\/div>\n<\/div>\n<\/div>\n<p>&nbsp;<\/p>\n<div style=\"width: 42px; height: 100px; float: left; margin: 20px 20px 20px 30px; display: inline-table; padding: 0;\"><a href=\"https:\/\/www.oceanex.com\/wp-content\/uploads\/2024\/05\/FM-160-112-Oceanex-Combined-Transportation-Waybill-V8-FR.pdf\" target=\"_blank\" rel=\"noopener\"><img decoding=\"async\" style=\"box-shadow: 4px 4px 5px #888888;\" src=\"https:\/\/www.oceanex.com\/wp-content\/uploads\/2015\/01\/ctwb-thumb.png\" alt=\"Lettre de transport\" \/><\/a><\/div>\n<div style=\"margin-top: 23px;\">\n<h2>Lettre de transport intermodal<\/h2>\n<div class=\"contain\" style=\"margin-bottom: 40px;\">\n<div class=\"download-wrap\" style=\"display: inline;\"><a class=\"download\" style=\"margin-right: 20px; float: left;\" href=\"https:\/\/www.oceanex.com\/wp-content\/uploads\/2024\/05\/FM-160-112-Oceanex-Combined-Transportation-Waybill-V8-FR.pdf\" target=\"_blank\" rel=\"noopener\">T\u00e9l\u00e9charger&nbsp;PDF<\/a><\/div>\n<div>\n<h3 style=\"font-size: 20px; padding-top: 5px;\">Date d&rsquo;entr\u00e9e en vigueur: 2024-05-07<\/h3>\n<\/div>\n<\/div>\n<\/div>\n<p>&nbsp;<\/p>\n<div style=\"width: 42px; height: 100px; float: left; margin: 20px 20px 20px 30px; display: inline-table; padding: 0;\"><a href=\"https:\/\/fr.surveymonkey.com\/r\/Oceanex-Sondage-FR\" target=\"_blank\" rel=\"noopener\"><img decoding=\"async\" style=\"box-shadow: 4px 4px 5px #888888;\" src=\"https:\/\/www.oceanex.com\/wp-content\/uploads\/2016\/08\/surveythumb.png\" alt=\"Sondage de satisfaction\" \/><\/a><\/div>\n<div style=\"margin-top: 23px;\">\n<h2>Sondage de satisfaction des clients<\/h2>\n<div class=\"contain\" style=\"margin-bottom: 40px;\">\n<div class=\"download-wrap\" style=\"display: inline;\"><a class=\"download\" style=\"margin-right: 20px; float: left;\" href=\"https:\/\/fr.surveymonkey.com\/r\/Oceanex-Sondage-FR\" target=\"_blank\" rel=\"noopener\">Remplir&nbsp;le&nbsp;sondage<\/a><\/div>\n<div>&nbsp;<\/div>\n<\/div>\n<\/div>\n<p>&nbsp;<\/p>\n<div style=\"width: 42px; height: 100px; float: left; margin: 20px 20px 20px 30px; display: inline-table; padding: 0;\"><a href=\"https:\/\/www.oceanex.com\/wp-content\/uploads\/2018\/07\/FM-130-114_Personal_Vehicle_Shipping_Declaration_v4_FR.pdf\" target=\"_blank\" rel=\"noopener\"><img decoding=\"async\" style=\"box-shadow: 4px 4px 5px #888888;\" src=\"https:\/\/www.oceanex.com\/wp-content\/uploads\/2015\/12\/thumbvehicle.png\" alt=\"Formulaire des fournisseurs et sous-traitants\" \/><\/a><\/div>\n<div style=\"margin-top: 23px;\">\n<h2>D\u00e9claration de transport d\u2019un v\u00e9hicule personnel<\/h2>\n<div class=\"contain\" style=\"margin-bottom: 40px;\">\n<div class=\"download-wrap\" style=\"display: inline;\"><a class=\"download\" style=\"margin-right: 20px; float: left;\" href=\"https:\/\/www.oceanex.com\/wp-content\/uploads\/2018\/07\/FM-130-114_Personal_Vehicle_Shipping_Declaration_v4_FR.pdf\" target=\"_blank\" rel=\"noopener\">T\u00e9l\u00e9charger&nbsp;PDF<\/a><\/div>\n<div>\n<h3 style=\"font-size: 20px; padding-top: 5px;\">Date d&rsquo;entr\u00e9e en vigueur: 2018-07-25<\/h3>\n<\/div>\n<\/div>\n<\/div>\n","protected":false},"excerpt":{"rendered":"<p>Formulaire de demande de cr\u00e9dit T\u00e9l\u00e9charger&nbsp;PDF Date d&rsquo;entr\u00e9e en vigueur: 2024-07-03 &nbsp; Lettre de transport intermodal T\u00e9l\u00e9charger&nbsp;PDF Date d&rsquo;entr\u00e9e en vigueur: 2024-05-07 &nbsp; Sondage de satisfaction des clients Remplir&nbsp;le&nbsp;sondage &nbsp; &nbsp; D\u00e9claration de transport d\u2019un v\u00e9hicule personnel <a class=\"read-more\" style=\"text-decoration:none;\" href=\"https:\/\/www.oceanex.com\/fr\/formulaires-references\/formulaires-en-ligne\/\">(&#8230;)<\/a><\/p>\n","protected":false},"author":14,"featured_media":1659,"parent":261,"menu_order":43,"comment_status":"open","ping_status":"open","template":"template-page.php","meta":{"footnotes":""},"class_list":["post-265","page","type-page","status-publish","has-post-thumbnail","hentry"],"_links":{"self":[{"href":"https:\/\/www.oceanex.com\/fr\/wp-json\/wp\/v2\/pages\/265","targetHints":{"allow":["GET"]}}],"collection":[{"href":"https:\/\/www.oceanex.com\/fr\/wp-json\/wp\/v2\/pages"}],"about":[{"href":"https:\/\/www.oceanex.com\/fr\/wp-json\/wp\/v2\/types\/page"}],"author":[{"embeddable":true,"href":"https:\/\/www.oceanex.com\/fr\/wp-json\/wp\/v2\/users\/14"}],"replies":[{"embeddable":true,"href":"https:\/\/www.oceanex.com\/fr\/wp-json\/wp\/v2\/comments?post=265"}],"version-history":[{"count":4,"href":"https:\/\/www.oceanex.com\/fr\/wp-json\/wp\/v2\/pages\/265\/revisions"}],"predecessor-version":[{"id":10375,"href":"https:\/\/www.oceanex.com\/fr\/wp-json\/wp\/v2\/pages\/265\/revisions\/10375"}],"up":[{"embeddable":true,"href":"https:\/\/www.oceanex.com\/fr\/wp-json\/wp\/v2\/pages\/261"}],"wp:featuredmedia":[{"embeddable":true,"href":"https:\/\/www.oceanex.com\/fr\/wp-json\/wp\/v2\/media\/1659"}],"wp:attachment":[{"href":"https:\/\/www.oceanex.com\/fr\/wp-json\/wp\/v2\/media?parent=265"}],"curies":[{"name":"wp","href":"https:\/\/api.w.org\/{rel}","templated":true}]}}