{"id":268,"date":"2014-11-14T16:20:13","date_gmt":"2014-11-14T16:20:13","guid":{"rendered":"https:\/\/www.oceanex.com\/privacy-policy-2\/"},"modified":"2015-02-12T15:22:00","modified_gmt":"2015-02-12T20:22:00","slug":"politique-confidentialite","status":"publish","type":"page","link":"https:\/\/www.oceanex.com\/fr\/politique-confidentialite\/","title":{"rendered":"Politique de confidentialit\u00e9"},"content":{"rendered":"<p>La pr\u00e9sente politique d\u00e9finit l&rsquo;usage que fait Oceanex Inc. (\u00ab Oceanex \u00bb) des renseignements personnels que vous lui communiquez quand vous utilisez son site Web ainsi que la fa\u00e7on dont elle les prot\u00e8ge.<\/p>\n<p>Oceanex s&rsquo;est engag\u00e9e \u00e0 assurer la confidentialit\u00e9 de vos renseignements. Soyez certains que l&rsquo;information que nous vous demandons de fournir afin de pouvoir vous identifier lorsque vous utilisez notre site sert uniquement \u00e0 des fins conformes \u00e0 cette politique en mati\u00e8re de confidentialit\u00e9.<\/p>\n<p>Au besoin, Oceanex peut changer la pr\u00e9sente politique par voie de modifications \u00e0 la pr\u00e9sente page de son site. Il vous incombe de v\u00e9rifier p\u00e9riodiquement cette derni\u00e8re pour voir si des changements y ont \u00e9t\u00e9 apport\u00e9s. La date d&rsquo;entr\u00e9e en vigueur de la pr\u00e9sente version de notre politique est le 1er juin 2010.<\/p>\n<p><b>Renseignements recueillis<\/b><\/p>\n<p>Les renseignements que nous pouvons vous demander sont les suivants :<\/p>\n<ul>\n<li>nom et titre de poste;<\/li>\n<li>coordonn\u00e9es (y compris l&rsquo;adresse courriel);<\/li>\n<li>information permettant l&rsquo;\u00e9tablissement d&rsquo;un profil d\u00e9mographique (code postal, pr\u00e9f\u00e9rences, int\u00e9r\u00eats);<\/li>\n<li>autres renseignements pouvant \u00eatre utiles aux fins d&rsquo;enqu\u00eates sur la client\u00e8le ou d&rsquo;offres destin\u00e9es aux clients.<\/li>\n<\/ul>\n<p> <\/p>\n<p><b>Utilisation des renseignements recueillis<\/b><\/p>\n<p>L&rsquo;information que nous vous demandons nous aide \u00e0 d\u00e9finir vos besoins et \u00e0 mieux vous servir. Elle sert en particulier aux fins suivantes :<\/p>\n<ul>\n<li>tenue des dossiers internes;<\/li>\n<li>am\u00e9lioration de nos services.<\/li>\n<li>envoi p\u00e9riodique (\u00e0 l&rsquo;adresse courriel fournie) de messages annon\u00e7ant nos services ou nos offres sp\u00e9ciales ou contenant toute autre information que nous croyons susceptible de vous int\u00e9resser;<\/li>\n<li>communication avec vous aux fins d&rsquo;\u00e9tudes de march\u00e9, que ce soit par courriel, t\u00e9l\u00e9phone ou t\u00e9l\u00e9copieur ou encore par la poste; l&rsquo;information recueillie peut nous servir \u00e0 adapter notre site Web en fonction de vos int\u00e9r\u00eats.<\/li>\n<\/ul>\n<p> <\/p>\n<p><b>S\u00e9curit\u00e9<\/b><\/p>\n<p>Oceanex s&rsquo;est engag\u00e9e \u00e0 assurer la s\u00e9curit\u00e9 de vos renseignements personnels. Afin de pr\u00e9venir tout acc\u00e8s non autoris\u00e9 \u00e0 vos renseignements et toute divulgation de ces derniers sans autorisation, nous avons mis en oeuvre des moyens physiques, \u00e9lectroniques et de gestion ad\u00e9quats pour assurer la protection et la s\u00e9curit\u00e9 de tout renseignement que nous recueillons en ligne.<\/p>\n<p><b>Utilisation de t\u00e9moins de connexion<\/b><\/p>\n<p>Les t\u00e9moins de connexion (commun\u00e9ment appel\u00e9s \u00ab cookies \u00bb) sont de petits fichiers textes stock\u00e9s par le navigateur Web sur votre disque dur quand vous visitez des sites Web. Ils servent (entre autres choses) \u00e0 enregistrer des informations sur les visiteurs. La plupart des outils de navigation r\u00e9cents offrent aux internautes la possibilit\u00e9 d&rsquo;accepter ou de refuser les t\u00e9moins. En cas d&rsquo;acceptation, les fichiers des t\u00e9moins s&rsquo;enregistrent sur le disque dur de l&rsquo;utilisateur. Par ailleurs, les t\u00e9moins facilitent l&rsquo;analyse des habitudes de navigation des internautes. Gr\u00e2ce \u00e0 eux, les applications Web peuvent traiter individuellement les donn\u00e9es relatives \u00e0 un utilisateur pour ensuite m\u00e9moriser ces renseignements et personnaliser les pages Web selon ses pr\u00e9f\u00e9rences.<\/p>\n<p>Oceanex utilise les t\u00e9moins pour suivre et analyser les habitudes de navigation des visiteurs sur son site Web afin d&rsquo;en adapter les pages \u00e0 leurs besoins. Cette information est utilis\u00e9e seulement \u00e0 des fins d&rsquo;analyse statistiques, apr\u00e8s quoi les donn\u00e9es sont \u00e9limin\u00e9es du syst\u00e8me. <\/p>\n<p>Dans l&rsquo;ensemble, les t\u00e9moins nous aident \u00e0 am\u00e9liorer la qualit\u00e9 de notre site Web, car ils permettent le suivi des pages visit\u00e9es par les utilisateurs. Ils ne sont pas un moyen d&rsquo;avoir acc\u00e8s \u00e0 votre ordinateur ni \u00e0 vos renseignements personnels, \u00e0 l&rsquo;exception de ceux que vous nous communiquez volontairement. Vous pouvez accepter ou refuser les t\u00e9moins de connexion \u00e0 notre site. La plupart des navigateurs Web acceptent automatiquement les t\u00e9moins, mais vous pouvez modifier leurs param\u00e8tres de fa\u00e7on \u00e0 ce que les t\u00e9moins soient refus\u00e9s. Sachez toutefois qu&rsquo;une telle mesure pourrait vous emp\u00eacher de profiter de toutes les fonctionnalit\u00e9s d&rsquo;un site.<\/p>\n<p><b>Liens vers d&rsquo;autres sites Web<\/b><\/p>\n<p>Notre site Web peut comporter des liens vers d&rsquo;autres sites qui nous semblent int\u00e9ressants. Cependant, vous devez savoir que nous n&rsquo;exer\u00e7ons aucun contr\u00f4le sur les sites auxquels vous acc\u00e9dez au moyen de ces liens et que, par cons\u00e9quent, nous ne saurions \u00eatre tenus responsables de la protection et de la confidentialit\u00e9 des renseignements que vous fournissez sur ces autres sites, lesquels ne sont pas vis\u00e9s par la pr\u00e9sente politique. Il vous incombe donc d&rsquo;\u00eatre prudent et de toujours lire l&rsquo;\u00e9nonc\u00e9 relatif \u00e0 la confidentialit\u00e9 qui figure sur les sites de tiers que vous visitez.<\/p>\n<p><b>Droit de regard sur vos renseignements personnels<\/b><\/p>\n<p>Vous pouvez restreindre la cueillette et l&rsquo;utilisation de vos renseignements personnels de plusieurs fa\u00e7ons, que nous d\u00e9crivons ci dessous :<\/p>\n<ul>\n<li>Lorsqu&rsquo;on vous demande de remplir un formulaire Internet, cherchez l&rsquo;endroit sur le site o\u00f9 vous pouvez cliquer pour indiquer que vous ne voulez pas qu&rsquo;on utilise vos renseignements personnels \u00e0 des fins de marketing direct.<\/li>\n<li>Si vous avez d\u00e9j\u00e0 autoris\u00e9 Oceanex \u00e0 faire usage de vos renseignements \u00e0 des fins de marketing direct, vous pouvez toujours changer d&rsquo;id\u00e9e et nous aviser de ce changement par la poste ou par courriel.<\/li>\n<\/ul>\n<p>Nous nous engageons \u00e0 ne pas vendre, distribuer ni louer vos renseignements personnels \u00e0 des tiers sans votre autorisation, \u00e0 moins d&rsquo;\u00eatre dans l&rsquo;obligation de le faire en vertu de la loi. Par ailleurs, dans la mesure o\u00f9 vous avez manifest\u00e9 le d\u00e9sir de recevoir ce type d&rsquo;information, il peut arriver que nous utilisions vos renseignements personnels pour vous envoyer de l&rsquo;information promotionnelle au sujet de tiers si nous jugeons cette derni\u00e8re susceptible de pr\u00e9senter pour vous un int\u00e9r\u00eat afin que nous puissions faire les corrections promptement.<\/p>\n<p>Aux termes de la Loi sur la protection des renseignements personnels et les documents \u00e9lectroniques (LPRPDE), sanctionn\u00e9e le 13 avril 2000, vous \u00eates en droit de demander des d\u00e9tails sur les renseignements personnels que nous d\u00e9tenons \u00e0 votre sujet. Si vous souhaitez obtenir une copie de ces renseignements, veuillez nous en faire la demande par courriel, \u00e0 l&rsquo;adresse suivante : <a href=\"mailto:webmaster@oceanex.com\">webmaster@oceanex.com<\/a>.<\/p>\n<p>Si vous pensez que nous d\u00e9tenons sur vous des renseignements inexacts ou incomplets, veuillez nous en aviser d\u00e8s que possible par la poste ou encore par courriel, \u00e0 l&rsquo;adresse indiqu\u00e9e ci-dessus.<\/p>\n","protected":false},"excerpt":{"rendered":"<p>La pr\u00e9sente politique d\u00e9finit l&rsquo;usage que fait Oceanex Inc. (\u00ab Oceanex \u00bb) des renseignements personnels que vous lui communiquez quand vous utilisez son site Web ainsi que la fa\u00e7on dont elle les prot\u00e8ge. Oceanex s&rsquo;est engag\u00e9e \u00e0 <a class=\"read-more\" style=\"text-decoration:none;\" href=\"https:\/\/www.oceanex.com\/fr\/politique-confidentialite\/\">(&#8230;)<\/a><\/p>\n","protected":false},"author":14,"featured_media":0,"parent":0,"menu_order":23,"comment_status":"open","ping_status":"open","template":"template-page.php","meta":{"footnotes":""},"class_list":["post-268","page","type-page","status-publish","hentry"],"_links":{"self":[{"href":"https:\/\/www.oceanex.com\/fr\/wp-json\/wp\/v2\/pages\/268","targetHints":{"allow":["GET"]}}],"collection":[{"href":"https:\/\/www.oceanex.com\/fr\/wp-json\/wp\/v2\/pages"}],"about":[{"href":"https:\/\/www.oceanex.com\/fr\/wp-json\/wp\/v2\/types\/page"}],"author":[{"embeddable":true,"href":"https:\/\/www.oceanex.com\/fr\/wp-json\/wp\/v2\/users\/14"}],"replies":[{"embeddable":true,"href":"https:\/\/www.oceanex.com\/fr\/wp-json\/wp\/v2\/comments?post=268"}],"version-history":[{"count":0,"href":"https:\/\/www.oceanex.com\/fr\/wp-json\/wp\/v2\/pages\/268\/revisions"}],"wp:attachment":[{"href":"https:\/\/www.oceanex.com\/fr\/wp-json\/wp\/v2\/media?parent=268"}],"curies":[{"name":"wp","href":"https:\/\/api.w.org\/{rel}","templated":true}]}}