{"id":271,"date":"2014-11-05T17:08:35","date_gmt":"2014-11-05T17:08:35","guid":{"rendered":"https:\/\/www.oceanex.com\/services\/priority-services\/"},"modified":"2015-03-17T16:10:53","modified_gmt":"2015-03-17T20:10:53","slug":"services-prioritaires","status":"publish","type":"page","link":"https:\/\/www.oceanex.com\/fr\/services\/services-prioritaires\/","title":{"rendered":"Services prioritaires"},"content":{"rendered":"<h2>Services prioritaires garantis<\/h2>\n<p>Votre exp\u00e9dition livr\u00e9e juste-\u00e0-temps est une priorit\u00e9 pour Oceanex! Nous garantirons* votre r\u00e9servation et l\u2019espace sur nos navires, ainsi que le service de livraison par camion prioritaire pour que vos marchandises arrivent \u00e0 temps. Communiquez avec \u00a0notre service \u00e0 la client\u00e8le pour r\u00e9server votre espace d\u00e8s aujourd\u2019hui.<\/p>\n<p><em>*Certaines conditions s\u2019appliquent.<\/em><\/p>\n<p style=\"text-align: center;\">\u00a0<img decoding=\"async\" class=\"wp-image-759 size-large\" src=\"https:\/\/www.oceanex.com\/wp-content\/uploads\/2015\/01\/Oceanex04-1024x682-retouch.jpg\" alt=\"Chargement\" width=\"1024\" height=\"682\" \/><\/p>\n","protected":false},"excerpt":{"rendered":"<p>Services prioritaires garantis Votre exp\u00e9dition livr\u00e9e juste-\u00e0-temps est une priorit\u00e9 pour Oceanex! Nous garantirons* votre r\u00e9servation et l\u2019espace sur nos navires, ainsi que le service de livraison par camion prioritaire pour que vos marchandises arrivent \u00e0 temps. <a class=\"read-more\" style=\"text-decoration:none;\" href=\"https:\/\/www.oceanex.com\/fr\/services\/services-prioritaires\/\">(&#8230;)<\/a><\/p>\n","protected":false},"author":14,"featured_media":1405,"parent":269,"menu_order":85,"comment_status":"open","ping_status":"open","template":"template-page.php","meta":{"footnotes":""},"class_list":["post-271","page","type-page","status-publish","has-post-thumbnail","hentry"],"_links":{"self":[{"href":"https:\/\/www.oceanex.com\/fr\/wp-json\/wp\/v2\/pages\/271","targetHints":{"allow":["GET"]}}],"collection":[{"href":"https:\/\/www.oceanex.com\/fr\/wp-json\/wp\/v2\/pages"}],"about":[{"href":"https:\/\/www.oceanex.com\/fr\/wp-json\/wp\/v2\/types\/page"}],"author":[{"embeddable":true,"href":"https:\/\/www.oceanex.com\/fr\/wp-json\/wp\/v2\/users\/14"}],"replies":[{"embeddable":true,"href":"https:\/\/www.oceanex.com\/fr\/wp-json\/wp\/v2\/comments?post=271"}],"version-history":[{"count":0,"href":"https:\/\/www.oceanex.com\/fr\/wp-json\/wp\/v2\/pages\/271\/revisions"}],"up":[{"embeddable":true,"href":"https:\/\/www.oceanex.com\/fr\/wp-json\/wp\/v2\/pages\/269"}],"wp:featuredmedia":[{"embeddable":true,"href":"https:\/\/www.oceanex.com\/fr\/wp-json\/wp\/v2\/media\/1405"}],"wp:attachment":[{"href":"https:\/\/www.oceanex.com\/fr\/wp-json\/wp\/v2\/media?parent=271"}],"curies":[{"name":"wp","href":"https:\/\/api.w.org\/{rel}","templated":true}]}}