{"id":275,"date":"2014-11-14T16:19:51","date_gmt":"2014-11-14T16:19:51","guid":{"rendered":"https:\/\/www.oceanex.com\/sitemap-2\/"},"modified":"2015-02-13T15:46:23","modified_gmt":"2015-02-13T20:46:23","slug":"plan-du-site","status":"publish","type":"page","link":"https:\/\/www.oceanex.com\/fr\/plan-du-site\/","title":{"rendered":"Plan du site"},"content":{"rendered":"<div id=\"simple-sitemap-container-6a04af31544a6\" class=\"simple-sitemap-container simple-sitemap-container-6a04af31544a6 tab-disabled\"><div class=\"simple-sitemap-wrap\"><h3 class=\"post-type\">Pages<\/h3><ul class=\"simple-sitemap-page main\"><li class=\"sitemap-item page_item page-item-252\"><a href=\"https:\/\/www.oceanex.com\/fr\/\">Accueil<\/a><\/li>\n<li class=\"sitemap-item page_item page-item-3456\"><a href=\"https:\/\/www.oceanex.com\/fr\/test-ocx-fr\/\">Oceanex<\/a><\/li>\n<li class=\"sitemap-item page_item page-item-10359\"><a href=\"https:\/\/www.oceanex.com\/fr\/rapport-sur-lesclavage-moderne\/\">Rapport sur l'esclavage moderne<\/a><\/li>\n<li class=\"sitemap-item page_item page-item-9415\"><a href=\"https:\/\/www.oceanex.com\/fr\/nos-meilleurs-voeux\/\">Nos Meilleurs V\u0153ux<\/a><\/li>\n<li class=\"sitemap-item page_item page-item-2131\"><a href=\"https:\/\/www.oceanex.com\/fr\/periode-de-degel\/\">P\u00e9riode de d\u00e9gel<\/a><\/li>\n<li class=\"sitemap-item page_item page-item-268\"><a href=\"https:\/\/www.oceanex.com\/fr\/politique-confidentialite\/\">Politique de confidentialit\u00e9<\/a><\/li>\n<li class=\"sitemap-item page_item page-item-276\"><a href=\"https:\/\/www.oceanex.com\/fr\/conditions-utilisation\/\">Conditions d'utilisation<\/a><\/li>\n<li class=\"sitemap-item page_item page-item-275\"><a href=\"https:\/\/www.oceanex.com\/fr\/plan-du-site\/\">Plan du site<\/a><\/li>\n<li class=\"sitemap-item page_item page-item-257 page_item_has_children\"><a href=\"https:\/\/www.oceanex.com\/fr\/carrieres-employes\/\">Carri\u00e8res et employ\u00e9s<\/a>\n<ul class='children'>\n\t<li class=\"sitemap-item page_item page-item-259\"><a href=\"https:\/\/www.oceanex.com\/fr\/carrieres-employes\/details-carrieres\/\">Perspective de carri\u00e8res<\/a><\/li>\n<\/ul>\n<\/li>\n<li class=\"sitemap-item page_item page-item-261 page_item_has_children\"><a href=\"https:\/\/www.oceanex.com\/fr\/formulaires-references\/\">Formulaires et r\u00e9f\u00e9rences<\/a>\n<ul class='children'>\n\t<li class=\"sitemap-item page_item page-item-10270\"><a href=\"https:\/\/www.oceanex.com\/fr\/formulaires-references\/mbv-mise-a-jour-des-exigences-solas\/\">MBV \u2013 Mise-\u00e0-jour des exigences SOLAS<\/a><\/li>\n\t<li class=\"sitemap-item page_item page-item-265\"><a href=\"https:\/\/www.oceanex.com\/fr\/formulaires-references\/formulaires-en-ligne\/\">Formulaires en ligne<\/a><\/li>\n\t<li class=\"sitemap-item page_item page-item-1540\"><a href=\"https:\/\/www.oceanex.com\/fr\/formulaires-references\/termes-et-conditions\/\">Termes et conditions<\/a><\/li>\n\t<li class=\"sitemap-item page_item page-item-264\"><a href=\"https:\/\/www.oceanex.com\/fr\/formulaires-references\/licences-et-permis\/\">Licences et permis<\/a><\/li>\n\t<li class=\"sitemap-item page_item page-item-262\"><a href=\"https:\/\/www.oceanex.com\/fr\/formulaires-references\/matieres-dangereuses\/\">Mati\u00e8res dangereuses<\/a><\/li>\n\t<li class=\"sitemap-item page_item page-item-263\"><a href=\"https:\/\/www.oceanex.com\/fr\/formulaires-references\/supplement-carburant\/\">Suppl\u00e9ment pour carburant<\/a><\/li>\n\t<li class=\"sitemap-item page_item page-item-266\"><a href=\"https:\/\/www.oceanex.com\/fr\/formulaires-references\/requete-de-taux\/\">Requ\u00eate de taux<\/a><\/li>\n<\/ul>\n<\/li>\n<li class=\"sitemap-item page_item page-item-277 page_item_has_children\"><a href=\"https:\/\/www.oceanex.com\/fr\/suivi-expedition\/\">Suivi et exp\u00e9dition<\/a>\n<ul class='children'>\n\t<li class=\"sitemap-item page_item page-item-278\"><a href=\"https:\/\/www.oceanex.com\/fr\/suivi-expedition\/zone-client\/\">Zone client<\/a><\/li>\n\t<li class=\"sitemap-item page_item page-item-281\"><a href=\"https:\/\/www.oceanex.com\/fr\/suivi-expedition\/suivi-expedition\/\">Suivi d'exp\u00e9dition<\/a><\/li>\n\t<li class=\"sitemap-item page_item page-item-282\"><a href=\"https:\/\/www.oceanex.com\/fr\/suivi-expedition\/positionnement-geo-navires\/\">Rep\u00e9rage g\u00e9ographique des navires<\/a><\/li>\n<\/ul>\n<\/li>\n<li class=\"sitemap-item page_item page-item-269 page_item_has_children\"><a href=\"https:\/\/www.oceanex.com\/fr\/services\/\">Services<\/a>\n<ul class='children'>\n\t<li class=\"sitemap-item page_item page-item-1226\"><a href=\"https:\/\/www.oceanex.com\/fr\/services\/apercu\/\">Aper\u00e7u des Services de Transports<\/a><\/li>\n\t<li class=\"sitemap-item page_item page-item-280\"><a href=\"https:\/\/www.oceanex.com\/fr\/services\/horaires\/\">Horaires<\/a><\/li>\n\t<li class=\"sitemap-item page_item page-item-4996\"><a href=\"https:\/\/www.oceanex.com\/fr\/services\/service-refrigere\/\">Service R\u00e9frig\u00e9r\u00e9<\/a><\/li>\n\t<li class=\"sitemap-item page_item page-item-5003\"><a href=\"https:\/\/www.oceanex.com\/fr\/services\/logistique-mondiale\/\">Logistique mondiale<\/a><\/li>\n\t<li class=\"sitemap-item page_item page-item-271\"><a href=\"https:\/\/www.oceanex.com\/fr\/services\/services-prioritaires\/\">Services prioritaires<\/a><\/li>\n\t<li class=\"sitemap-item page_item page-item-270\"><a href=\"https:\/\/www.oceanex.com\/fr\/services\/vente-location-conteneurs\/\">Vente et location de conteneurs<\/a><\/li>\n<\/ul>\n<\/li>\n<li class=\"sitemap-item page_item page-item-166 page_item_has_children\"><a href=\"https:\/\/www.oceanex.com\/fr\/a-propos-doceanex\/\">\u00c0 propos d'Oceanex<\/a>\n<ul class='children'>\n\t<li class=\"sitemap-item page_item page-item-255\"><a href=\"https:\/\/www.oceanex.com\/fr\/a-propos-doceanex\/oceanex\/\">Oceanex<\/a><\/li>\n\t<li class=\"sitemap-item page_item page-item-260\"><a href=\"https:\/\/www.oceanex.com\/fr\/a-propos-doceanex\/sante-securite\/\">Sant\u00e9 et s\u00e9curit\u00e9<\/a><\/li>\n\t<li class=\"sitemap-item page_item page-item-10159\"><a href=\"https:\/\/www.oceanex.com\/fr\/a-propos-doceanex\/accessibilite\/\">Accessibilit\u00e9\u00a0<\/a><\/li>\n\t<li class=\"sitemap-item page_item page-item-254\"><a href=\"https:\/\/www.oceanex.com\/fr\/a-propos-doceanex\/environnement\/\">Environnement<\/a><\/li>\n\t<li class=\"sitemap-item page_item page-item-274\"><a href=\"https:\/\/www.oceanex.com\/fr\/a-propos-doceanex\/navires\/\">Navires<\/a><\/li>\n\t<li class=\"sitemap-item page_item page-item-272\"><a href=\"https:\/\/www.oceanex.com\/fr\/a-propos-doceanex\/terminaux\/\">Terminaux<\/a><\/li>\n\t<li class=\"sitemap-item page_item page-item-279\"><a href=\"https:\/\/www.oceanex.com\/fr\/a-propos-doceanex\/conteneurs-remorques\/\">Conteneurs et remorques<\/a><\/li>\n\t<li class=\"sitemap-item page_item page-item-3194\"><a href=\"https:\/\/www.oceanex.com\/fr\/a-propos-doceanex\/administration\/\">Administration<\/a><\/li>\n\t<li class=\"sitemap-item page_item page-item-253\"><a href=\"https:\/\/www.oceanex.com\/fr\/a-propos-doceanex\/engagement-envers-la-communaute\/\">Engagement envers la communaut\u00e9<\/a><\/li>\n\t<li class=\"sitemap-item page_item page-item-256\"><a href=\"https:\/\/www.oceanex.com\/fr\/a-propos-doceanex\/partenaires-liens-utiles\/\">Partenaires d'affaires et liens utiles<\/a><\/li>\n<\/ul>\n<\/li>\n<li class=\"sitemap-item page_item page-item-258\"><a href=\"https:\/\/www.oceanex.com\/fr\/nous-joindre\/\">Nous joindre<\/a><\/li>\n<li class=\"sitemap-item page_item page-item-267\"><a href=\"https:\/\/www.oceanex.com\/fr\/nouvelles-medias\/\">Nouvelles et m\u00e9dias<\/a><\/li>\n<\/ul><\/div><\/div><br style=\"clear: both;\">\n","protected":false},"excerpt":{"rendered":"","protected":false},"author":14,"featured_media":0,"parent":0,"menu_order":26,"comment_status":"open","ping_status":"open","template":"template-page.php","meta":{"footnotes":""},"class_list":["post-275","page","type-page","status-publish","hentry"],"_links":{"self":[{"href":"https:\/\/www.oceanex.com\/fr\/wp-json\/wp\/v2\/pages\/275","targetHints":{"allow":["GET"]}}],"collection":[{"href":"https:\/\/www.oceanex.com\/fr\/wp-json\/wp\/v2\/pages"}],"about":[{"href":"https:\/\/www.oceanex.com\/fr\/wp-json\/wp\/v2\/types\/page"}],"author":[{"embeddable":true,"href":"https:\/\/www.oceanex.com\/fr\/wp-json\/wp\/v2\/users\/14"}],"replies":[{"embeddable":true,"href":"https:\/\/www.oceanex.com\/fr\/wp-json\/wp\/v2\/comments?post=275"}],"version-history":[{"count":0,"href":"https:\/\/www.oceanex.com\/fr\/wp-json\/wp\/v2\/pages\/275\/revisions"}],"wp:attachment":[{"href":"https:\/\/www.oceanex.com\/fr\/wp-json\/wp\/v2\/media?parent=275"}],"curies":[{"name":"wp","href":"https:\/\/api.w.org\/{rel}","templated":true}]}}