{"id":276,"date":"2014-11-14T16:20:01","date_gmt":"2014-11-14T16:20:01","guid":{"rendered":"https:\/\/www.oceanex.com\/terms-of-use-2\/"},"modified":"2015-02-12T15:23:41","modified_gmt":"2015-02-12T20:23:41","slug":"conditions-utilisation","status":"publish","type":"page","link":"https:\/\/www.oceanex.com\/fr\/conditions-utilisation\/","title":{"rendered":"Conditions d&rsquo;utilisation"},"content":{"rendered":"\n<p>Entente conclue avec Oceanex Inc. (\u00ab <b>Oceanex<\/b> \u00bb)<\/p>\n<p>L&rsquo;acc\u00e8s au pr\u00e9sent site Web (le \u00ab <b>site Web<\/b> \u00bb), y compris toutes les pages Web qu&rsquo;il comporte et tout le contenu qui y figure ou auquel il permet d&rsquo;acc\u00e9der, de m\u00eame que le t\u00e9l\u00e9chargement et l&rsquo;utilisation de son contenu ou tout contenu auquel il peut acc\u00e9der sont conditionnels \u00e0 l&rsquo;acceptation des pr\u00e9sentes conditions d&rsquo;utilisation. Le fait d&rsquo;acc\u00e9der au site Web ou de le consulter ou encore d&rsquo;en t\u00e9l\u00e9charger ou d&rsquo;en utiliser le contenu \u00e9quivaut \u00e0 accepter ces conditions. En vertu de ces derni\u00e8res, le terme \u00ab contenu \u00bb englobe, sans s&rsquo;y limiter, l&rsquo;ensemble des textes, informations, donn\u00e9es, documents, graphiques, images et hyperliens qui s&rsquo;y trouvent ou auxquels le pr\u00e9sent site donne acc\u00e8s.<\/p>\n<p>En tout temps, Oceanex peut modifier les pr\u00e9sentes conditions en y apportant directement des changements. Le fait d&rsquo;acc\u00e9der au site Web ou de l&rsquo;utiliser apr\u00e8s une telle modification correspond \u00e0 une acceptation de la version modifi\u00e9e des conditions et de tous les changements qu&rsquo;elle comporte. Il incombe aux utilisateurs de v\u00e9rifier, chaque fois qu&rsquo;ils acc\u00e8dent au site Web ou l&rsquo;utilisent, si les conditions ont \u00e9t\u00e9 modifi\u00e9es.<\/p>\n<p><b>Droits de propri\u00e9t\u00e9 intellectuelle<\/b><\/p>\n<p>Le site Web ainsi que tout le contenu qui y figure ou auquel il permet d&rsquo;acc\u00e9der &#8211; \u00e0 l&rsquo;exception des contenus accessibles \u00e0 partir du pr\u00e9sent site au moyen d&rsquo;hyperliens vers les sites de tiers, tels que d\u00e9crits ci-dessous &#8211; (le \u00ab <b>contenu<\/b> \u00bb), notamment les marques de commerce et les d\u00e9nominations commerciales, les logos, la conception, la disposition et la pr\u00e9sentation du site Web, son contenu ainsi que sa s\u00e9lection et ses caract\u00e9ristiques font l&rsquo;objet de droits d&rsquo;auteur, de droits de marque et d&rsquo;autres droits de propri\u00e9t\u00e9 intellectuelle d\u00e9tenus par Oceanex et sont prot\u00e9g\u00e9s par les lois et conventions internationales en la mati\u00e8re. Tout droit qui n&rsquo;est pas express\u00e9ment accord\u00e9 par les pr\u00e9sentes fait partie des droits r\u00e9serv\u00e9s.<\/p>\n<p>Les logos, graphiques et dessins d&rsquo;Oceanex sont des marques de commerce de cette derni\u00e8re et les droits aff\u00e9rents sont r\u00e9serv\u00e9s.<\/p>\n<p>Sous r\u00e9serve de votre acceptation des pr\u00e9sentes conditions ainsi que de votre stricte conformit\u00e9 \u00e0 celles-ci, Oceanex vous accorde un droit limit\u00e9, soit une licence temporaire r\u00e9vocable et non exclusive d&rsquo;utilisation \u00e0 l&rsquo;\u00e9gard du pr\u00e9sent site qui vous autorise \u00e0 t\u00e9l\u00e9charger, visualiser, imprimer et sauvegarder son contenu \u00e0 des fins strictement personnelles et non commerciales. Vous n&rsquo;avez pas le droit de modifier ce contenu ni d&rsquo;\u00e9liminer aucun des avis relatifs aux droits de propri\u00e9t\u00e9 intellectuelle qui y figure ni de copier ou d&rsquo;utiliser le contenu \u00e0 d&rsquo;autres fins ni de mani\u00e8res autres que celles pr\u00e9vues par les pr\u00e9sentes conditions.<\/p>\n<p><b>Exon\u00e9ration et limitation de responsabilit\u00e9<\/b><\/p>\n<p>Le contenu de notre site Web n&rsquo;est offert qu&rsquo;\u00e0 des fins informatives g\u00e9n\u00e9rales et ne constitue nullement un avis en mati\u00e8re commerciale, financi\u00e8re, fiscale, juridique ou d&rsquo;investissement. Vous vous engagez \u00e0 ne pas agir ou omettre d&rsquo;agir en raison du contenu, que ce soit en vous fondant sur ce dernier, en vous y fiant ou de quelque autre fa\u00e7on que ce soit.<\/p>\n<p>Vous d\u00e9clarez comprendre qu&rsquo;Internet (y compris le courrier \u00e9lectronique) n&rsquo;est pas un outil s\u00fbr ni totalement fiable et que les donn\u00e9es et renseignements peuvent se perdre ou \u00eatre modifi\u00e9s, corrompus ou intercept\u00e9s au cours de leur transmission. De plus, vous convenez que le contenu du pr\u00e9sent site peut ne pas \u00eatre complet ou exact lorsque vous le t\u00e9l\u00e9chargez, le consultez ou l&rsquo;utilisez. Il est entendu qu&rsquo;Oceanex ne saurait d&rsquo;aucune mani\u00e8re \u00eatre tenue responsable des pertes, modifications, corruptions ou interceptions subies par le contenu ni de l&rsquo;inexactitude ou du caract\u00e8re incomplet de celui-ci.<\/p>\n<p>Oceanex s&rsquo;engage \u00e0 d\u00e9ployer des efforts raisonnables pour assurer l&rsquo;exactitude et la pertinence du contenu du site Web, mais elle d\u00e9cline toute responsabilit\u00e9 pour tout d\u00e9lai ou omission \u00e0 le faire. Oceanex n&rsquo;offre aucune garantie et ne fait aucune d\u00e9claration quant \u00e0 l&rsquo;exactitude, \u00e0 la validit\u00e9, \u00e0 la suffisance ou \u00e0 la fiabilit\u00e9 de ce contenu, ou \u00e0 son caract\u00e8re complet. Vous reconnaissez et acceptez donc que le contenu du site Web ne saurait \u00eatre toujours une source d&rsquo;information fiable et \u00e0 jour au sujet d&rsquo;Oceanex.<\/p>\n<p><b>Responsabilit\u00e9 maximale<\/b><\/p>\n<p>Il est entendu qu&rsquo;Oceanex ainsi que ses dirigeants, administrateurs, employ\u00e9s, consultants, repr\u00e9sentants et mandataires ne peuvent d&rsquo;aucune fa\u00e7on \u00eatre tenus responsables des pertes ou dommages d\u00e9coulant de l&rsquo;utilisation, du t\u00e9l\u00e9chargement, de l&rsquo;interpr\u00e9tation ou de la consultation du contenu du site Web ou encore de son mauvais usage ou du fait qu&rsquo;on s&rsquo;y soit fi\u00e9, que ce soit avec ou sans autorisation. Ils ne sont pas non plus responsables des erreurs, omissions, inexactitudes ou lacunes que pourrait comporter le contenu. Cette exon\u00e9ration de responsabilit\u00e9 s&rsquo;applique \u00e0 tous les types de dommages, y compris, sans s&rsquo;y limiter, les pertes et les dommages de nature financi\u00e8re, \u00e9conomique ou mon\u00e9taire, les pr\u00e9judices commerciaux, les pertes de profits, de b\u00e9n\u00e9fices ou d&rsquo;\u00e9conomies, les interruptions d&rsquo;activit\u00e9, les pertes de donn\u00e9es ou d&rsquo;information et les dommages \u00e0 des logiciels ou \u00e0 des syst\u00e8mes informatiques ou toute autre perte de nature \u00e9conomique ou financi\u00e8re, peu importe si l&rsquo;action est fond\u00e9e sur la responsabilit\u00e9 d\u00e9lictuelle, la responsabilit\u00e9 stricte ou la responsabilit\u00e9 contractuelle (et les obligations l\u00e9gales qui s&rsquo;y rattachent), ni si Oceanex \u00e9tait ou non avertie de la possibilit\u00e9 de tels dommages ou pertes.<\/p>\n<p>Ind\u00e9pendamment de ce qui pr\u00e9c\u00e8de, si jamais Oceanex \u00e9tait trouv\u00e9e responsable de pertes ou dommages r\u00e9sultant de quelque fa\u00e7on que ce soit des fonctionnalit\u00e9s ou de l&rsquo;utilisation du site Web ou de son contenu, sa responsabilit\u00e9 ne saurait exc\u00e9der la somme totale de 250 $CAN.<\/p>\n<p><b>Indemnisation<\/b><\/p>\n<p>Vous vous engagez \u00e0 garantir et \u00e0 indemniser Oceanex ainsi que ses dirigeants, administrateurs, employ\u00e9s, consultants, repr\u00e9sentants et mandataires contre toute r\u00e9clamation, demande ou action en justice li\u00e9e \u00e0 votre utilisation du site Web, notamment (sans s&rsquo;y limiter) tous les frais de nature juridique, comptable ou professionnelle.<\/p>\n<p>Oceanex s&rsquo;engage \u00e0 d\u00e9ployer des efforts raisonnables pour \u00e9liminer les virus et autres codes ou programmes malveillants ainsi qu&rsquo;\u00e0 assurer une s\u00e9curit\u00e9 ad\u00e9quate sur son site. Toutefois, elle ne peut ni garantir ni d\u00e9clarer que son site est exempt de tels programmes, codes ou virus et qu&rsquo;il ne fera jamais l&rsquo;objet d&rsquo;intrusion ni de piratage informatiques ou d&rsquo;autres activit\u00e9s illicites et ne sera jamais la source des cons\u00e9quences de telles activit\u00e9s.<\/p>\n<p>C&rsquo;est donc \u00e0 vos risques que vous acc\u00e9dez au pr\u00e9sent site et que vous en consultez, utilisez ou t\u00e9l\u00e9chargez le contenu. Vous vous engagez \u00e0 prendre toutes les pr\u00e9cautions raisonnables possibles pour \u00e9viter les pertes et dommages d\u00e9coulant de tout virus ou autre menace informatique en achetant et en utilisant les logiciels antivirus les plus r\u00e9cents ainsi que d&rsquo;autres moyens technologiques appropri\u00e9s.<\/p>\n<p>Les hyperliens figurant sur le site Web d&rsquo;Oceanex et menant vers les sites de tiers sont fournis pour des raisons de commodit\u00e9 seulement. Il est entendu que les sites auxquels ils m\u00e8nent peuvent \u00eatre modifi\u00e9s en tout temps et qu&rsquo;Oceanex n&rsquo;exerce aucun contr\u00f4le sur eux. En g\u00e9n\u00e9ral, si Oceanex apprend que l&rsquo;un de ces sites comporte du contenu douteux ou inconvenant, elle retirera aussit\u00f4t du site Web le lien y menant. Cependant, Oceanex d\u00e9cline toute obligation et toute responsabilit\u00e9 \u00e0 ce chapitre. Il est donc entendu que vous acc\u00e9dez aux sites en question \u00e0 vos propres risques et qu&rsquo;Oceanex ne saurait en aucun cas ni d&rsquo;aucune fa\u00e7on \u00eatre tenue responsable du contenu de ces sites ni d&rsquo;aucune situation d\u00e9coulant du fait que vous vous \u00eates fi\u00e9 \u00e0 ce contenu ou l&rsquo;avez utilis\u00e9.<\/p>\n<p><b>Utilisation du courriel<\/b><\/p>\n<p>Vous convenez que, m\u00eame si vous pouvez envoyer des messages \u00e9lectroniques au personnel d&rsquo;Oceanex en utilisant les liens appropri\u00e9s qui figurent sur le site Web, c&rsquo;est \u00e0 vos risques que vous le faites. Oceanex ne peut garantir que vos messages ne seront pas intercept\u00e9s ni modifi\u00e9s pendant leur transmission, ni m\u00eame qu&rsquo;elle les recevra. Si vous voulez transmettre des renseignements \u00e0 Oceanex en toute s\u00e9curit\u00e9 et confidentialit\u00e9, n&rsquo;utilisez pas le courriel pour ce faire.<\/p>\n<p><b>Lois applicables<\/b><\/p>\n<p>Il est entendu que l&rsquo;utilisation du site Web d&rsquo;Oceanex est r\u00e9gie par les lois de Terre Neuve et Labrador et par celles du Canada, et que l&rsquo;interpr\u00e9tation, la validit\u00e9 et l&rsquo;effet des pr\u00e9sentes conditions doivent \u00eatre d\u00e9termin\u00e9s en fonction de ces lois, peu importe le lieu de r\u00e9sidence de l&rsquo;utilisateur, le territoire de comp\u00e9tence judiciaire dont il rel\u00e8ve, l&rsquo;endroit o\u00f9 il se trouve quand il fait usage du site ni la fa\u00e7on dont les pr\u00e9sentes conditions ont \u00e9t\u00e9 accept\u00e9es.<\/p>\n<p><b>Autres conditions<\/b><\/p>\n<p>Toutes les sommes mentionn\u00e9es dans les pr\u00e9sentes sont en dollars canadiens, sauf indication contraire.<\/p>\n<p><b>Dissociabilit\u00e9<\/b><\/p>\n<p>Il est entendu que les pr\u00e9sentes conditions sont dissociables les unes des autres. Si l&rsquo;une d&rsquo;entre elles est d\u00e9clar\u00e9e nulle ou inopposable, elle sera quand m\u00eame ex\u00e9cutoire dans la mesure o\u00f9 la loi le permet, et cette situation n&rsquo;aura aucune incidence sur les autres conditions, qui demeureront en vigueur et ex\u00e9cutoires.<\/p>\n<p><b>Rubriques<\/b><\/p>\n<p>Les rubriques qui figurent dans les pr\u00e9sentes conditions ne servent aucunement \u00e0 modifier ni \u00e0 interpr\u00e9ter ces conditions; elles s&rsquo;y trouvent uniquement pour des raisons de commodit\u00e9.<\/p>\n<p><b>Int\u00e9gralit\u00e9 de l&rsquo;entente<\/b><\/p>\n<p>Les pr\u00e9sentes conditions, ainsi que celles qui y sont int\u00e9gr\u00e9es ou incorpor\u00e9es par voie de r\u00e9f\u00e9rence, constituent l&rsquo;int\u00e9gralit\u00e9 de l&rsquo;entente intervenue entre Oceanex et vous relativement \u00e0 l&rsquo;utilisation du site Web d&rsquo;Oceanex. Elles pr\u00e9valent sur toute autre entente ou convention ant\u00e9rieure (qu&rsquo;elle soit intervenue oralement ou par voie \u00e9lectronique) concernant le m\u00eame objet et ne peuvent \u00eatre modifi\u00e9es que par Oceanex, de la mani\u00e8re indiqu\u00e9e ci-dessus.<\/p>\n","protected":false},"excerpt":{"rendered":"<p>Entente conclue avec Oceanex Inc. (\u00ab Oceanex \u00bb) L&rsquo;acc\u00e8s au pr\u00e9sent site Web (le \u00ab site Web \u00bb), y compris toutes les pages Web qu&rsquo;il comporte et tout le contenu qui y figure ou auquel il permet <a class=\"read-more\" style=\"text-decoration:none;\" href=\"https:\/\/www.oceanex.com\/fr\/conditions-utilisation\/\">(&#8230;)<\/a><\/p>\n","protected":false},"author":14,"featured_media":0,"parent":0,"menu_order":24,"comment_status":"open","ping_status":"open","template":"template-page.php","meta":{"footnotes":""},"class_list":["post-276","page","type-page","status-publish","hentry"],"_links":{"self":[{"href":"https:\/\/www.oceanex.com\/fr\/wp-json\/wp\/v2\/pages\/276","targetHints":{"allow":["GET"]}}],"collection":[{"href":"https:\/\/www.oceanex.com\/fr\/wp-json\/wp\/v2\/pages"}],"about":[{"href":"https:\/\/www.oceanex.com\/fr\/wp-json\/wp\/v2\/types\/page"}],"author":[{"embeddable":true,"href":"https:\/\/www.oceanex.com\/fr\/wp-json\/wp\/v2\/users\/14"}],"replies":[{"embeddable":true,"href":"https:\/\/www.oceanex.com\/fr\/wp-json\/wp\/v2\/comments?post=276"}],"version-history":[{"count":0,"href":"https:\/\/www.oceanex.com\/fr\/wp-json\/wp\/v2\/pages\/276\/revisions"}],"wp:attachment":[{"href":"https:\/\/www.oceanex.com\/fr\/wp-json\/wp\/v2\/media?parent=276"}],"curies":[{"name":"wp","href":"https:\/\/api.w.org\/{rel}","templated":true}]}}