{"id":278,"date":"2014-11-14T20:37:45","date_gmt":"2014-11-14T20:37:45","guid":{"rendered":"https:\/\/www.oceanex.com\/tracking-shipping\/client-zone\/"},"modified":"2018-11-09T15:24:26","modified_gmt":"2018-11-09T20:24:26","slug":"zone-client","status":"publish","type":"page","link":"https:\/\/www.oceanex.com\/fr\/suivi-expedition\/zone-client\/","title":{"rendered":"Zone client"},"content":{"rendered":"<h2>La zone client offerte par Oceanex est un espace web s\u00e9curis\u00e9 qui permet d\u2019effectuer le suivi d\u2019exp\u00e9ditions.<\/h2>\n<h3>Ainsi, vous pourrez\u00a0:<\/h3>\n<ul>\n<li>T\u00e9l\u00e9charger preuves de livraison et documents d&rsquo;exp\u00e9dition<\/li>\n<li>Confirmer les d\u00e9tails de r\u00e9servations<\/li>\n<li>Consulter votre \u00e9tat de compte<\/li>\n<li>T\u00e9l\u00e9charger les factures<\/li>\n<li>Consulter plusieurs rapports<\/li>\n<\/ul>\n<p>&nbsp;<\/p>\n<h4><strong>Comment y acc\u00e9der? <\/strong><\/h4>\n<p>Contactez-nous au: <a href=\"mailto:clientzone@oceanex.com?Subject=Obtenir%20acc\u00e8s%20\u00e0%20la%20zone%20client\">clientzone@oceanex.com<\/a><\/p>\n<p>&nbsp;<\/p>\n","protected":false},"excerpt":{"rendered":"<p>La zone client offerte par Oceanex est un espace web s\u00e9curis\u00e9 qui permet d\u2019effectuer le suivi d\u2019exp\u00e9ditions. Ainsi, vous pourrez\u00a0: T\u00e9l\u00e9charger preuves de livraison et documents d&rsquo;exp\u00e9dition Confirmer les d\u00e9tails de r\u00e9servations Consulter votre \u00e9tat de compte <a class=\"read-more\" style=\"text-decoration:none;\" href=\"https:\/\/www.oceanex.com\/fr\/suivi-expedition\/zone-client\/\">(&#8230;)<\/a><\/p>\n","protected":false},"author":14,"featured_media":1081,"parent":277,"menu_order":45,"comment_status":"open","ping_status":"open","template":"template-page.php","meta":{"footnotes":""},"class_list":["post-278","page","type-page","status-publish","has-post-thumbnail","hentry"],"_links":{"self":[{"href":"https:\/\/www.oceanex.com\/fr\/wp-json\/wp\/v2\/pages\/278","targetHints":{"allow":["GET"]}}],"collection":[{"href":"https:\/\/www.oceanex.com\/fr\/wp-json\/wp\/v2\/pages"}],"about":[{"href":"https:\/\/www.oceanex.com\/fr\/wp-json\/wp\/v2\/types\/page"}],"author":[{"embeddable":true,"href":"https:\/\/www.oceanex.com\/fr\/wp-json\/wp\/v2\/users\/14"}],"replies":[{"embeddable":true,"href":"https:\/\/www.oceanex.com\/fr\/wp-json\/wp\/v2\/comments?post=278"}],"version-history":[{"count":0,"href":"https:\/\/www.oceanex.com\/fr\/wp-json\/wp\/v2\/pages\/278\/revisions"}],"up":[{"embeddable":true,"href":"https:\/\/www.oceanex.com\/fr\/wp-json\/wp\/v2\/pages\/277"}],"wp:featuredmedia":[{"embeddable":true,"href":"https:\/\/www.oceanex.com\/fr\/wp-json\/wp\/v2\/media\/1081"}],"wp:attachment":[{"href":"https:\/\/www.oceanex.com\/fr\/wp-json\/wp\/v2\/media?parent=278"}],"curies":[{"name":"wp","href":"https:\/\/api.w.org\/{rel}","templated":true}]}}