{"id":279,"date":"2014-11-14T20:41:34","date_gmt":"2014-11-14T20:41:34","guid":{"rendered":"https:\/\/www.oceanex.com\/tracking-shipping\/containers-tables\/"},"modified":"2022-11-23T10:50:50","modified_gmt":"2022-11-23T15:50:50","slug":"conteneurs-remorques","status":"publish","type":"page","link":"https:\/\/www.oceanex.com\/fr\/a-propos-doceanex\/conteneurs-remorques\/","title":{"rendered":"Conteneurs et remorques"},"content":{"rendered":"<h2><strong>Nos \u00e9quipements<\/strong><\/h2>\n<p>Oceanex poss\u00e8de une flotte de 2 500 conteneurs de dimensions vari\u00e9es (20, 40, et 53 pieds) ainsi que des remorques, des ch\u00e2ssis porte-conteneurs et des tracteurs de manutention.<\/p>\n<p style=\"text-align: center;\"><a href=\"\/wp-content\/uploads\/2022\/11\/eqplist-fra-2022.pdf\" target=\"_blank\" rel=\"noopener\">T\u00e9l\u00e9charger la version PDF (incluant p\u00e9riode de d\u00e9gel)<\/a><\/p>\n","protected":false},"excerpt":{"rendered":"<p>Nos \u00e9quipements Oceanex poss\u00e8de une flotte de 2 500 conteneurs de dimensions vari\u00e9es (20, 40, et 53 pieds) ainsi que des remorques, des ch\u00e2ssis porte-conteneurs et des tracteurs de manutention. T\u00e9l\u00e9charger la version PDF (incluant p\u00e9riode de <a class=\"read-more\" style=\"text-decoration:none;\" href=\"https:\/\/www.oceanex.com\/fr\/a-propos-doceanex\/conteneurs-remorques\/\">(&#8230;)<\/a><\/p>\n","protected":false},"author":14,"featured_media":1252,"parent":166,"menu_order":70,"comment_status":"open","ping_status":"closed","template":"template-container.php","meta":{"footnotes":""},"class_list":["post-279","page","type-page","status-publish","has-post-thumbnail","hentry"],"_links":{"self":[{"href":"https:\/\/www.oceanex.com\/fr\/wp-json\/wp\/v2\/pages\/279","targetHints":{"allow":["GET"]}}],"collection":[{"href":"https:\/\/www.oceanex.com\/fr\/wp-json\/wp\/v2\/pages"}],"about":[{"href":"https:\/\/www.oceanex.com\/fr\/wp-json\/wp\/v2\/types\/page"}],"author":[{"embeddable":true,"href":"https:\/\/www.oceanex.com\/fr\/wp-json\/wp\/v2\/users\/14"}],"replies":[{"embeddable":true,"href":"https:\/\/www.oceanex.com\/fr\/wp-json\/wp\/v2\/comments?post=279"}],"version-history":[{"count":1,"href":"https:\/\/www.oceanex.com\/fr\/wp-json\/wp\/v2\/pages\/279\/revisions"}],"predecessor-version":[{"id":10038,"href":"https:\/\/www.oceanex.com\/fr\/wp-json\/wp\/v2\/pages\/279\/revisions\/10038"}],"up":[{"embeddable":true,"href":"https:\/\/www.oceanex.com\/fr\/wp-json\/wp\/v2\/pages\/166"}],"wp:featuredmedia":[{"embeddable":true,"href":"https:\/\/www.oceanex.com\/fr\/wp-json\/wp\/v2\/media\/1252"}],"wp:attachment":[{"href":"https:\/\/www.oceanex.com\/fr\/wp-json\/wp\/v2\/media?parent=279"}],"curies":[{"name":"wp","href":"https:\/\/api.w.org\/{rel}","templated":true}]}}