{"id":280,"date":"2014-11-14T20:39:53","date_gmt":"2014-11-14T20:39:53","guid":{"rendered":"https:\/\/www.oceanex.com\/tracking-shipping\/schedules\/"},"modified":"2020-12-10T15:35:10","modified_gmt":"2020-12-10T20:35:10","slug":"horaires","status":"publish","type":"page","link":"https:\/\/www.oceanex.com\/fr\/services\/horaires\/","title":{"rendered":"Horaires"},"content":{"rendered":"<div class=\"container-fluid main-schedule\" style=\"margin-top:24px;\">\n<div class=\"row button-row\">\n<div class=\"col-xs-6 col-sm-3\">\n<form class=\"form-inline\">\n<div class=\"form-group\" style=\"width:100%\">\n                    <select style=\"width:100%\" class=\"form-control input-sm btn-block\"  name=\"mySelect\" id=\"mySelect\"\n      ng-options=\"option.name for option in data.months track by option.id\"\n      ng-model=\"data.chosenMonth\" ng-change=\"loadSchedule();\"><\/select>\n                <\/div>\n<\/p><\/form>\n<\/p><\/div>\n<div class=\"col-xs-6 col-sm-3  col-sm-push-6\">\n            <button role=\"button\" class=\"btn btn-default btn-sm btn-block\" ng-click=\"printSchedule()\">Imprimer<\/button>\n        <\/div>\n<div class=\"col-xs-12 col-sm-6  col-sm-pull-3\">\n<div class=\"btn-group btn-group-sm btn-group-justified\">\n<div class=\"btn-group btn-group-sm\">\n                    <button role=\"button\" class=\"btn btn-primary\" ng-click=\"displayAllPortsContent(true)\">D\u00e9velopper toutes les lignes<\/button>\n                <\/div>\n<div class=\"btn-group btn-group-sm\">\n                    <button role=\"button\" class=\"btn btn-primary\" ng-click=\"displayAllPortsContent(false)\">Fermer toutes les lignes<\/button>\n                <\/div>\n<\/p><\/div>\n<\/p><\/div>\n<\/p><\/div>\n<div class=\"row\" ng-repeat=\"(keysched, schedule) in schedules\">\n<div class=\"h3 portScheduleTitle\" id=\"btnScheduleImage_0\"  ng-click=\"togglePortContent(keysched)\"><small><br \/>\n            <button id=\"scheduleImage_0\" role=\"button\" class=\"btn btn-default btn-xs\" ><span class=\"glyphicon glyphicon-minus\" ng-class=\"{ 'glyphicon-minus':showPorts[keysched], 'glyphicon-plus':!showPorts[keysched]  }\"><\/span><\/button><br \/>\n    D\u00e9parts de<\/small> {{schedules[keysched].portInfo.description}}<\/div>\n<div id=\"no-more-tables\" ng-show=\"showPorts[keysched]\">\n<table id=\"scheduleTable_0\" border=\"0\" class=\"col-md-12 table table-striped table-hover cf\">\n<thead class=\"cf\">\n<tr>\n<th>Navire<\/th>\n<th>Voyage<\/th>\n<th>Date limite au quai<\/th>\n<th>D\u00e9part<\/th>\n<th>Destination<\/th>\n<th>Arriv\u00e9e<\/th>\n<\/tr>\n<\/thead>\n<tbody>\n<tr ng-repeat=\" voyage in schedules[keysched].voyages\" ng-class-odd=\"'odd'\" ng-class-even=\"'even'\">\n<td data-title=\"Navire\">{{voyage.vessel.name}}<\/td>\n<td data-title=\"Voyage\">{{voyage.voyageToDisplay}}<\/td>\n<td data-title=\"Date limite au quai\">{{voyage.cutOff}}<\/td>\n<td data-title=\"D\u00e9part\">{{voyage.departureWebsiteDisplayFrench}}<\/td>\n<td data-title=\"Destination\">{{voyage.destinationPort.description}}<\/td>\n<td data-title=\"Arriv\u00e9e\">{{voyage.arrivalWebsiteDisplayFrench}}<\/td>\n<\/tr>\n<\/tbody>\n<\/table><\/div>\n<\/p><\/div>\n<p><br style=\"clear:both;\" ng-show=\"showPorts[keysched]\">\n<\/div>\n","protected":false},"excerpt":{"rendered":"<p>Imprimer D\u00e9velopper toutes les lignes Fermer toutes les lignes D\u00e9parts de {{schedules[keysched].portInfo.description}} Navire Voyage Date limite au quai D\u00e9part Destination Arriv\u00e9e {{voyage.vessel.name}} {{voyage.voyageToDisplay}} {{voyage.cutOff}} {{voyage.departureWebsiteDisplayFrench}} {{voyage.destinationPort.description}} {{voyage.arrivalWebsiteDisplayFrench}}<\/p>\n","protected":false},"author":14,"featured_media":1071,"parent":269,"menu_order":61,"comment_status":"open","ping_status":"closed","template":"template-ng-shedules.php","meta":{"footnotes":""},"class_list":["post-280","page","type-page","status-publish","has-post-thumbnail","hentry"],"_links":{"self":[{"href":"https:\/\/www.oceanex.com\/fr\/wp-json\/wp\/v2\/pages\/280","targetHints":{"allow":["GET"]}}],"collection":[{"href":"https:\/\/www.oceanex.com\/fr\/wp-json\/wp\/v2\/pages"}],"about":[{"href":"https:\/\/www.oceanex.com\/fr\/wp-json\/wp\/v2\/types\/page"}],"author":[{"embeddable":true,"href":"https:\/\/www.oceanex.com\/fr\/wp-json\/wp\/v2\/users\/14"}],"replies":[{"embeddable":true,"href":"https:\/\/www.oceanex.com\/fr\/wp-json\/wp\/v2\/comments?post=280"}],"version-history":[{"count":0,"href":"https:\/\/www.oceanex.com\/fr\/wp-json\/wp\/v2\/pages\/280\/revisions"}],"up":[{"embeddable":true,"href":"https:\/\/www.oceanex.com\/fr\/wp-json\/wp\/v2\/pages\/269"}],"wp:featuredmedia":[{"embeddable":true,"href":"https:\/\/www.oceanex.com\/fr\/wp-json\/wp\/v2\/media\/1071"}],"wp:attachment":[{"href":"https:\/\/www.oceanex.com\/fr\/wp-json\/wp\/v2\/media?parent=280"}],"curies":[{"name":"wp","href":"https:\/\/api.w.org\/{rel}","templated":true}]}}