{"id":281,"date":"2014-11-14T20:39:34","date_gmt":"2014-11-14T20:39:34","guid":{"rendered":"https:\/\/www.oceanex.com\/tracking-shipping\/shipment-tracking\/"},"modified":"2016-06-07T15:39:36","modified_gmt":"2016-06-07T19:39:36","slug":"suivi-expedition","status":"publish","type":"page","link":"https:\/\/www.oceanex.com\/fr\/suivi-expedition\/suivi-expedition\/","title":{"rendered":"Suivi d&rsquo;exp\u00e9dition"},"content":{"rendered":"<div class=\"container-fluid\" style=\"margin-top:24px;\">\n<div class=\"row\">\n<div class=\"col-xs-12 col-sm-6\">\n<form  name=\"formTracing1\" ng-submit=\"getByBooking()\">\n<div class=\"panel panel-primary\">\n<div class=\"panel-heading\">\n<h3 class=\"panel-title\">Par no. de r\u00e9servation d&rsquo;Oceanex<\/h3>\n<\/p><\/div>\n<div class=\"panel-body\">\n<div class=\"form-group\">\n                            <label for=\"formTrackingNumber\">No. de r\u00e9servation<\/label><br \/>\n                            <input type=\"text\" name=\"formTrackingNumber\" id=\"formTrackingNumber\" value=\"\" maxlength=\"7\" class=\"form-control\" placeholder=\"No. de r\u00e9servation\" ng-model=\"formBookingNo\"\/><br \/>\n                            <input type=\"hidden\" name=\"formSubmit\" id=\"formSubmit\" value=\"true\" \/>\n                        <\/div>\n<div class=\"form-group\">\n                            <input type=\"submit\" value=\"Soumettre\" class=\"btn btn-success btn-block\" \/>\n                        <\/div>\n<\/p><\/div>\n<\/p><\/div>\n<\/p><\/form>\n<\/p><\/div>\n<div class=\"col-xs-12 col-sm-6\">\n<form name=\"formTracing2\" role=\"form\" ng-submit=\"getByRefAndSuf()\">\n<div class=\"panel panel-primary\">\n<div class=\"panel-heading\">\n<h3 class=\"panel-title\">Par votre r\u00e9f\u00e9rence et suffixe de l&rsquo;\u00e9quipement<\/h3>\n<\/p><\/div>\n<div class=\"panel-body\">\n<div class=\"row\">\n<div class=\"form-group col-xs-6\">\n                                <label for=\"formReferenceNumber\">No. de r\u00e9f\u00e9rence<\/label><br \/>\n                                <input type=\"text\" class=\"form-control\" name=\"formReferenceNumber\" id=\"formReferenceNumber\" value=\"\" placeholder=\"No. de r\u00e9f\u00e9rence\" maxlength=\"25\" ng-model=\"formRefNo\" \/>\n                            <\/div>\n<div class=\"form-group col-xs-6\">\n                                <label for=\"formEquipmentNumber\">No. de l&rsquo;\u00e9quipement<\/label><br \/>\n                                <input class=\"form-control\" type=\"text\" name=\"formEquipmentNumber\" id=\"formEquipmentNumber\" value=\"\" placeholder=\"No. de l'\u00e9quipement\" maxlength=\"7\" ng-model=\"formEqpNo\" \/>\n                            <\/div>\n<\/p><\/div>\n<div class=\"form-group\">\n                            <input type=\"submit\" value=\"Soumettre\" class=\"btn btn-success btn-block\" \/>\n                        <\/div>\n<div>\n                            <input type=\"hidden\" name=\"formSubmit\" id=\"formSubmit\" value=\"true\" \/>\n                        <\/div>\n<\/p><\/div>\n<\/p><\/div>\n<\/p><\/form>\n<\/p><\/div>\n<\/p><\/div>\n<div class=\"row\" ng-show=\"noResults\">\n<div class=\"col-xs-12\">\n<div class=\"panel panel-warning\">\n<div class=\"panel-heading\">\n<h3 class=\"panel-title\">Suivi d&rsquo;exp\u00e9dition<\/h3>\n<\/p><\/div>\n<div class=\"panel-body\">\n\t\t  Aucune donn\u00e9e disponible\n\t\t<\/div>\n<\/p><\/div>\n<\/p><\/div>\n<\/p><\/div>\n<div class=\"row\">\n<div id=\"no-more-tables\" ng-if=\"trackingResults\">\n<table border=\"0\"  class=\"col-md-12 table table-striped table-hover table-condensed cf\">\n<thead class=\"cf\">\n<tr>\n<th>\u00c9quipement<\/th>\n<th>Date \/ Heure<\/th>\n<th>Activit\u00e9 \/ Emplacement<\/th>\n<th>Statut<\/th>\n<th>Voyage<\/th>\n<\/tr>\n<\/thead>\n<tbody>\n<tr ng-repeat=\"entry in trackingResults\">\n<td data-title=\"\u00c9quipement\">\n\t\t\t\t\t\t{{entry.equipPrefix}} {{entry.equipSuffix}}\n\t\t\t\t\t<\/td>\n<td data-title=\"Date \/ Heure\">\n\t\t\t\t\t\t{{(entry.moveStamp+entry.localTimeAdjustment*60)*1000 | date:&rsquo;yyyy-MM-dd HH:mm&rsquo;:&rsquo;+000&prime;}}\n\t\t\t\t\t<\/td>\n<td data-title=\"Activit\u00e9 \/ Emplacement\">\n\t\t\t\t\t\t{{entry.activity}}<br \/>{{entry.location}}\n\t\t\t\t\t<\/td>\n<td data-title=\"Statut\">\n\t\t\t\t\t\t{{entry.status}}\n\t\t\t\t\t<\/td>\n<td data-title=\"Voyage\">\n\t\t\t\t\t\t{{entry.voyage}}&nbsp;\n\t\t\t\t\t<\/td>\n<\/tr>\n<\/tbody>\n<\/table><\/div>\n<\/p><\/div>\n<\/div>\n","protected":false},"excerpt":{"rendered":"<p>Par no. de r\u00e9servation d&rsquo;Oceanex No. de r\u00e9servation Par votre r\u00e9f\u00e9rence et suffixe de l&rsquo;\u00e9quipement No. de r\u00e9f\u00e9rence No. de l&rsquo;\u00e9quipement Suivi d&rsquo;exp\u00e9dition Aucune donn\u00e9e disponible \u00c9quipement Date \/ Heure Activit\u00e9 \/ Emplacement Statut Voyage {{entry.equipPrefix}} {{entry.equipSuffix}} <a class=\"read-more\" style=\"text-decoration:none;\" href=\"https:\/\/www.oceanex.com\/fr\/suivi-expedition\/suivi-expedition\/\">(&#8230;)<\/a><\/p>\n","protected":false},"author":14,"featured_media":1073,"parent":277,"menu_order":52,"comment_status":"open","ping_status":"closed","template":"template-ng-tracking.php","meta":{"footnotes":""},"class_list":["post-281","page","type-page","status-publish","has-post-thumbnail","hentry"],"_links":{"self":[{"href":"https:\/\/www.oceanex.com\/fr\/wp-json\/wp\/v2\/pages\/281","targetHints":{"allow":["GET"]}}],"collection":[{"href":"https:\/\/www.oceanex.com\/fr\/wp-json\/wp\/v2\/pages"}],"about":[{"href":"https:\/\/www.oceanex.com\/fr\/wp-json\/wp\/v2\/types\/page"}],"author":[{"embeddable":true,"href":"https:\/\/www.oceanex.com\/fr\/wp-json\/wp\/v2\/users\/14"}],"replies":[{"embeddable":true,"href":"https:\/\/www.oceanex.com\/fr\/wp-json\/wp\/v2\/comments?post=281"}],"version-history":[{"count":0,"href":"https:\/\/www.oceanex.com\/fr\/wp-json\/wp\/v2\/pages\/281\/revisions"}],"up":[{"embeddable":true,"href":"https:\/\/www.oceanex.com\/fr\/wp-json\/wp\/v2\/pages\/277"}],"wp:featuredmedia":[{"embeddable":true,"href":"https:\/\/www.oceanex.com\/fr\/wp-json\/wp\/v2\/media\/1073"}],"wp:attachment":[{"href":"https:\/\/www.oceanex.com\/fr\/wp-json\/wp\/v2\/media?parent=281"}],"curies":[{"name":"wp","href":"https:\/\/api.w.org\/{rel}","templated":true}]}}