{"id":282,"date":"2014-11-14T20:40:09","date_gmt":"2014-11-14T20:40:09","guid":{"rendered":"https:\/\/www.oceanex.com\/tracking-shipping\/vessels-position\/"},"modified":"2025-06-12T16:37:31","modified_gmt":"2025-06-12T20:37:31","slug":"positionnement-geo-navires","status":"publish","type":"page","link":"https:\/\/www.oceanex.com\/fr\/suivi-expedition\/positionnement-geo-navires\/","title":{"rendered":"Rep\u00e9rage g\u00e9ographique des navires"},"content":{"rendered":"<h2><strong>Rep\u00e9rez nos navires<\/strong><\/h2>\n<p>Cette carte interactive fonctionne \u00e0 l&rsquo;aide de MarineTraffic. On obtient de plus amples renseignements en faisant passer le curseur sur les ic\u00f4nes correspondant aux navires ou en cliquant sur celles-ci.<\/p>\n<p>Les renseignements sont fournis \u00e0 titre indicatif seulement et peuvent \u00eatre retard\u00e9s ou incomplets.<\/p>\n<p><script>\/\/ <![CDATA[\nwidth=1100;height=600;border=0;notation=false;latitude=45.9817;longitude=-61.3477;zoom=5;maptype=3;fleet='webmaster@oceanex.com';fleet_id=459495;remember=false;\n\/\/ ]]><\/script><\/p>\n<table style=\"margin-left: 30px; border: 3px double #CCCCCC;\" border=\"0\" cellspacing=\"0\" cellpadding=\"0\">\n<tbody>\n<tr>\n<td><script src=\"\/\/www.marinetraffic.com\/ais\/embed.js\"><\/script><\/td>\n<\/tr>\n<\/tbody>\n<\/table>\n","protected":false},"excerpt":{"rendered":"<p>Rep\u00e9rez nos navires Cette carte interactive fonctionne \u00e0 l&rsquo;aide de MarineTraffic. On obtient de plus amples renseignements en faisant passer le curseur sur les ic\u00f4nes correspondant aux navires ou en cliquant sur celles-ci. Les renseignements sont fournis <a class=\"read-more\" style=\"text-decoration:none;\" href=\"https:\/\/www.oceanex.com\/fr\/suivi-expedition\/positionnement-geo-navires\/\">(&#8230;)<\/a><\/p>\n","protected":false},"author":14,"featured_media":1391,"parent":277,"menu_order":70,"comment_status":"open","ping_status":"open","template":"template-page.php","meta":{"footnotes":""},"class_list":["post-282","page","type-page","status-publish","has-post-thumbnail","hentry"],"_links":{"self":[{"href":"https:\/\/www.oceanex.com\/fr\/wp-json\/wp\/v2\/pages\/282","targetHints":{"allow":["GET"]}}],"collection":[{"href":"https:\/\/www.oceanex.com\/fr\/wp-json\/wp\/v2\/pages"}],"about":[{"href":"https:\/\/www.oceanex.com\/fr\/wp-json\/wp\/v2\/types\/page"}],"author":[{"embeddable":true,"href":"https:\/\/www.oceanex.com\/fr\/wp-json\/wp\/v2\/users\/14"}],"replies":[{"embeddable":true,"href":"https:\/\/www.oceanex.com\/fr\/wp-json\/wp\/v2\/comments?post=282"}],"version-history":[{"count":2,"href":"https:\/\/www.oceanex.com\/fr\/wp-json\/wp\/v2\/pages\/282\/revisions"}],"predecessor-version":[{"id":10510,"href":"https:\/\/www.oceanex.com\/fr\/wp-json\/wp\/v2\/pages\/282\/revisions\/10510"}],"up":[{"embeddable":true,"href":"https:\/\/www.oceanex.com\/fr\/wp-json\/wp\/v2\/pages\/277"}],"wp:featuredmedia":[{"embeddable":true,"href":"https:\/\/www.oceanex.com\/fr\/wp-json\/wp\/v2\/media\/1391"}],"wp:attachment":[{"href":"https:\/\/www.oceanex.com\/fr\/wp-json\/wp\/v2\/media?parent=282"}],"curies":[{"name":"wp","href":"https:\/\/api.w.org\/{rel}","templated":true}]}}