{"id":3194,"date":"2016-01-25T17:25:06","date_gmt":"2016-01-25T22:25:06","guid":{"rendered":"https:\/\/www.oceanex.com\/fr\/?page_id=3194"},"modified":"2026-04-16T14:11:17","modified_gmt":"2026-04-16T18:11:17","slug":"administration","status":"publish","type":"page","link":"https:\/\/www.oceanex.com\/fr\/a-propos-doceanex\/administration\/","title":{"rendered":"Administration"},"content":{"rendered":"<div class=\"container archive \" style=\"padding: 30px 0 0 0; margin: 0;\">\n<div class=\"vessel common\" style=\"margin-bottom: 28px;\">\n<div class=\"alignleft\" style=\"float: left;\"><img decoding=\"async\" style=\"padding: 0; margin: 0 16px 12px 0;\" src=\"\/wp-content\/uploads\/2015\/11\/CptnHynes_67_344x236_desat.jpg\" alt=\"\" width=\"344\" height=\"236\" \/><\/div>\n<div style=\"display: table; min-width: 300px;\">\n<div class=\"texte\">\n<h3 style=\"margin-top: -10px;\">Capitaine Sid Hynes<\/h3>\n<h4>Pr\u00e9sident ex\u00e9cutif<\/h4>\n<p>Le premier capitaine de positionnement dynamique et le plus jeune capitaine en mer du Canada, Sid Hynes fut cofondateur de Canship Limited en 1986. Canship d\u00e9tenait et dirigeait une vari\u00e9t\u00e9 de navires \u00e0 travers le monde et p\u00e9n\u00e9tra ensuite les domaines de l\u2019architecture navale et design tout en offrant des services de conseil connexes. En 1995, Canship conclut un partenariat avec la soci\u00e9t\u00e9 JJ Ugland A\/S de la Norv\u00e8ge et form\u00e8rent ensemble la soci\u00e9t\u00e9 Canship Ugland Limited, propri\u00e9taire exploitant des navires les plus gros et sophistiqu\u00e9s du Canada transportant du p\u00e9trole brut depuis les champs p\u00e9trolif\u00e8res en mer de la c\u00f4te Est canadienne. Vers la fin de l\u2019ann\u00e9e 2007, Sid, en tant qu\u2019associ\u00e9 directeur de South Coast Partners, dirige l\u2019acquisition d\u2019Oceanex Income Fund, propri\u00e9taires d\u2019Oceanex Inc., une soci\u00e9t\u00e9 de transport intermodal exploitant l\u2019Est du Canada. Aujourd\u2019hui, Sid agit \u00e0 titre de Pr\u00e9sident ex\u00e9cutif d\u2019Oceanex Inc.<\/p>\n<p>Le capitaine Hynes est dipl\u00f4m\u00e9 du programme MOT en sciences nautiques et d\u00e9tient un brevet de capitaine. Il a aussi si\u00e9g\u00e9 au sein de nombreux conseils d\u2019administration de l\u2019industrie des hydrocarbures extrac\u00f4tiers. Au cours de sa carri\u00e8re, il a re\u00e7u plusieurs prix et honneurs dont le grade honorifique de docteur en droit de l\u2019universit\u00e9 Memorial. Plus r\u00e9cemment, il a \u00e9t\u00e9 nomm\u00e9 consul honoraire de la Finlande \u00e0 St. John\u2019s (Terre-Neuve-et-Labrador).<\/p>\n<\/div>\n<\/div>\n<\/div>\n<div class=\"vessel common\" style=\"margin-bottom: 28px;\">\n<div class=\"alignleft\" style=\"float: left;\"><img decoding=\"async\" style=\"padding: 0; margin: 0 16px 12px 0;\" src=\"\/wp-content\/uploads\/2023\/02\/matthew_hynes2_344-236.png\" alt=\"\" width=\"344\" height=\"236\" \/><\/div>\n<div style=\"display: table; min-width: 300px;\">\n<div class=\"texte\">\n<h3 style=\"margin-top: -10px;\">Matthew Hynes<\/h3>\n<h4>Vice-pr\u00e9sident ex\u00e9cutif<\/h4>\n<p>Matthew a d\u00e9but\u00e9 sa carri\u00e8re dans l&rsquo;industrie du transport maritime chez Canship Limited, o\u00f9 il a acquis une premi\u00e8re exp\u00e9rience dans la gestion des op\u00e9rations de navires porte-conteneurs de type roulier. En 2008, il s\u2019est joint \u00e0 Oceanex en tant que directeur des projets sp\u00e9ciaux, \u00e9voluant rapidement dans des r\u00f4les tels que directeur des ventes pour Terre-Neuve-et-Labrador et directeur de la tarification. Ses connaissances strat\u00e9giques et son leadership ont conduit \u00e0 sa promotion au poste de vice-pr\u00e9sident, d\u00e9veloppement corporatif en 2013, puis de vice-pr\u00e9sident ex\u00e9cutif en 2015.<\/p>\n<p>\u00c0 titre de vice-pr\u00e9sident ex\u00e9cutif, Matthew supervise les activit\u00e9s quotidiennes d&rsquo;Oceanex, pousse le d\u00e9veloppement de nouvelles opportunit\u00e9s commerciales en accord avec la strat\u00e9gie \u00e0 long terme de l&rsquo;entreprise et veille \u00e0 l&rsquo;am\u00e9lioration continue des pratiques commerciales. Il est titulaire d&rsquo;un dipl\u00f4me en administration des affaires de l&rsquo;Universit\u00e9 Memorial.<\/p>\n<\/div>\n<\/div>\n<\/div>\n<div class=\"vessel common\" style=\"margin-bottom: 28px;\">\n<div class=\"alignleft\" style=\"float: left;\"><img decoding=\"async\" style=\"padding: 0; margin: 0 16px 12px 0;\" src=\"\/wp-content\/uploads\/2024\/05\/diane-reid-team.png\" alt=\"\" width=\"344\" height=\"236\" \/><\/div>\n<div style=\"display: table; min-width: 300px;\">\n<div class=\"texte\">\n<h3 style=\"margin-top: -10px;\">Diane Reid<\/h3>\n<h4>Vice-pr\u00e9sidente, Op\u00e9rations<\/h4>\n<p>Mme Reid s\u2019est jointe \u00e0 Oceanex en mai 2007 \u00e0 titre de directrice des op\u00e9rations terrestres, responsable de tout le camionnage \u00e0 Terre-Neuve. En d\u00e9cembre 2007, elle devient directrice du terminal et donc responsable de toutes les op\u00e9rations dans la r\u00e9gion de St. John\u2019s. En 2008, elle a \u00e9t\u00e9 nomm\u00e9e directrice g\u00e9n\u00e9rale des op\u00e9rations de Terre-Neuve, devenant ainsi responsable des terminaux et des op\u00e9rations de camionnage de Terre-Neuve. Mme Reid est \u00e9galement pr\u00e9sidente de la St. John\u2019s Shipping Association.<\/p>\n<p>En janvier 2020, Mme Reid a \u00e9t\u00e9 nomm\u00e9e vice-pr\u00e9sidente, Op\u00e9rations. \u00c0 ce poste, Mme Reid est responsable des op\u00e9rations terrestres, y compris les op\u00e9rations des terminaux au Qu\u00e9bec et au Canada atlantique, des op\u00e9rations de camionnage et des arrangements de transport ferroviaire partout en Am\u00e9rique du Nord, du service \u00e0 la client\u00e8le et de la r\u00e9partition, du groupe de s\u00e9curit\u00e9 de l\u2019entreprise et de l\u2019entretien de tous les \u00e9quipements des terminaux. Dipl\u00f4m\u00e9e en commerce de l\u2019\u00e9cole de commerce de l\u2019universit\u00e9 de Toronto, Mme Reid a commenc\u00e9 sa carri\u00e8re dans le transport chez Midland Transport, o\u00f9 elle a travaill\u00e9 pendant quinze ans dans la gestion des op\u00e9rations avant de se joindre \u00e0 Oceanex.<\/p>\n<\/div>\n<\/div>\n<\/div>\n<div class=\"vessel common\" style=\"margin-bottom: 28px;\">\n<div class=\"alignleft\" style=\"float: left;\"><img decoding=\"async\" style=\"padding: 0; margin: 0 16px 12px 0;\" src=\"\/wp-content\/uploads\/2020\/02\/deron-oreilley-2020.jpg\" alt=\"\" width=\"344\" height=\"236\" \/><\/div>\n<div style=\"display: table; min-width: 300px;\">\n<div class=\"texte\">\n<h3 style=\"margin-top: -10px;\">Deron O\u2019Reilley<\/h3>\n<h4>Vice-pr\u00e9sident, ventes et marketing<\/h4>\n<p>M. O\u2019Reilley se joint \u00e0 Oceanex en 2017 avec plus de 20 ans d\u2019exp\u00e9rience en gestion commerciale sup\u00e9rieure dans les secteurs du transport et de la logistique. Avec un dipl\u00f4me en administration des affaires de l\u2019Universit\u00e9 Dalhousie, il d\u00e9bute sa carri\u00e8re dans un r\u00f4le pr\u00e9curseur en ventes et progresse rapidement dans divers r\u00f4les sup\u00e9rieurs de gestion en ventes et marketing au Canada et en Europe. Aujourd\u2019hui, dans son r\u00f4le de Vice-pr\u00e9sident des ventes et du marketing, il est responsable de diriger l\u2019\u00e9quipe commerciale d\u2019Oceanex, superviser la production de revenus et de l\u2019augmentation des volumes.<\/p>\n<\/div>\n<\/div>\n<p style=\"clear: both; line-height: 0;\">\n<\/div>\n<div class=\"vessel common\" style=\"margin-bottom: 28px;\">\n<div class=\"alignleft\" style=\"float: left;\"><img decoding=\"async\" style=\"padding: 0; margin: 0 16px 12px 0;\" src=\"\/wp-content\/uploads\/2015\/11\/GarlandOram_45_344x236_desat.jpg\" alt=\"\" width=\"344\" height=\"236\" \/><\/div>\n<div style=\"display: table; min-width: 300px;\">\n<div class=\"texte\">\n<h3 style=\"margin-top: -10px;\">Garland Oram<\/h3>\n<h4>Vice-pr\u00e9sident, finances<\/h4>\n<p>Garland Oram s&rsquo;est joint \u00e0 Oceanex en mars 2010 en tant qu&rsquo;analyste d&rsquo;entreprise pour assister l&rsquo;\u00e9quipe de haute direction \u00e0 \u00e9valuer les opportunit\u00e9s commerciales par la mod\u00e9lisation financi\u00e8re, la planification strat\u00e9gique et la surveillance du rendement. En septembre 2012, il assume le titre de vice-pr\u00e9sident finances et devient responsable de la gestion du groupe des finance. \u00a0Mr. Oram d\u00e9tient plusieurs postes en comptabilit\u00e9 et finance ainsi que des postes de haute direction dans des firmes comptables et en industrie. Il d\u00e9tient aussi un dipl\u00f4me avec mention de l&rsquo;universit\u00e9 Memorial et est membre de l&rsquo;ordre des comptables agr\u00e9\u00e9s et professionnels depuis 1985.<\/p>\n<\/div>\n<\/div>\n<p style=\"clear: both; line-height: 0;\">\n<\/div>\n<div class=\"vessel common\" style=\"margin-bottom: 28px;\">\n<div class=\"alignleft\" style=\"float: left;\"><img decoding=\"async\" style=\"padding: 0; margin: 0 16px 12px 0;\" src=\"\/wp-content\/uploads\/2024\/05\/amy-collins-team.png\" alt=\"\" width=\"344\" height=\"236\" \/><\/div>\n<div style=\"display: table; min-width: 300px;\">\n<div class=\"texte\">\n<h3 style=\"margin-top: -10px;\">Amy Collins<\/h3>\n<h4>Vice-pr\u00e9sidente, ressources humaines et relations de travail<\/h4>\n<p>Mme Collins s\u2019est jointe \u00e0 Oceanex en avril 2024, et poss\u00e8de pr\u00e8s de 20 ans d\u2019exp\u00e9rience en ressources humaines et en relations de travail dans les secteurs priv\u00e9 et public. Jusqu\u2019\u00e0 pr\u00e9sent, une grande partie de son exp\u00e9rience professionnelle s\u2019est d\u00e9roul\u00e9e dans l\u2019industrie p\u00e9troli\u00e8re et gazi\u00e8re extrac\u00f4ti\u00e8re \u00e0 Terre-Neuve-et-Labrador, o\u00f9 elle a \u00e9t\u00e9 partenaire strat\u00e9gique du secteur d\u2019activit\u00e9 et de toutes les fonctions de l\u2019organisation. Dans son r\u00f4le actuel de vice-pr\u00e9sidente, ressources humaines et relations de travail, elle est responsable de diriger toutes les activit\u00e9s de ressources humaines et de relations de travail chez Oceanex. Mme Collins est titulaire d\u2019un baccalaur\u00e9at en commerce de l\u2019Universit\u00e9 m\u00e9tropolitaine de Toronto et d\u2019une ma\u00eetrise en relations industrielles de l\u2019Universit\u00e9 Queen\u2019s.<\/p>\n<\/div>\n<\/div>\n<p style=\"clear: both; line-height: 0;\">\n<\/div>\n<div class=\"vessel common\" style=\"margin-bottom: 28px;\">\n<div class=\"alignleft\" style=\"float: left;\"><img decoding=\"async\" style=\"padding: 0; margin: 0 16px 12px 0;\" src=\"\/wp-content\/uploads\/2015\/11\/TonyPowell_44_344x236_desat.jpg\" alt=\"\" width=\"344\" height=\"236\" \/><\/div>\n<div style=\"display: table; min-width: 300px;\">\n<div class=\"texte\">\n<h3 style=\"margin-top: -10px;\">Tony Powell<\/h3>\n<h4>Directeur, d\u00e9veloppement des affaires<\/h4>\n<p>Tony s&rsquo;est joint \u00e0 Oceanex en ao\u00fbt 2014 pour occuper le poste de directeur du d\u00e9veloppement commercial avec plus de 37 d&rsquo;exp\u00e9rience dans le domaine du transport. Il a pass\u00e9 une grande partie de sa carri\u00e8re \u00e0 divers postes de gestion des ventes et des op\u00e9rations chez un important transporteur lui accordant ainsi la possibilit\u00e9 d&rsquo;apprendre tous les aspects du transport routier. Sa d\u00e9termination et son d\u00e9vouement ont \u00e9t\u00e9 reconnus par l&rsquo;industrie du transport en 2002 quand il a \u00e9t\u00e9 nomm\u00e9 \u00ab Personnalit\u00e9 de l&rsquo;ann\u00e9e dans le domaine du transport \u00bb par la Chambre de commerce de St. John&rsquo;s.<\/p>\n<\/div>\n<\/div>\n<p style=\"clear: both; line-height: 0;\">\n<\/div>\n<div class=\"vessel common\" style=\"margin-bottom: 28px;\">\n<div class=\"alignleft\" style=\"float: left;\"><img decoding=\"async\" style=\"padding: 0; margin: 0 16px 12px 0;\" src=\"\/wp-content\/uploads\/2023\/02\/karen2_344-236.png\" alt=\"\" width=\"344\" height=\"236\" \/><\/div>\n<div style=\"display: table; min-width: 300px;\">\n<div class=\"texte\">\n<h3 style=\"margin-top: -10px;\">Karen Snook<\/h3>\n<h4>Vice-pr\u00e9sidente Gestion risques et projets sp\u00e9ciaux<\/h4>\n<p>Karen Snook s\u2019est jointe \u00e0 Oceanex en d\u00e9cembre 2014 \u00e0 titre d\u2019Analyste financi\u00e8re en chef et en mars 2022, elle a assum\u00e9 le poste de Vice-pr\u00e9sidente, Gestion des risques et projets sp\u00e9ciaux. Karen a pr\u00e9c\u00e9demment occup\u00e9 des postes de haute direction dans des soci\u00e9t\u00e9s priv\u00e9es et cot\u00e9es en bourse o\u00f9 elle s&rsquo;est activement engag\u00e9e dans des initiatives d&rsquo;acquisition et de cession et a g\u00e9r\u00e9 les \u00e9quipes financi\u00e8res. Elle est titulaire d&rsquo;un baccalaur\u00e9at sp\u00e9cialis\u00e9 en commerce (coop\u00e9rative) de l&rsquo;Universit\u00e9 Memorial et est comptable professionnelle agr\u00e9\u00e9e, CPA depuis 1991.<\/p>\n<\/div>\n<\/div>\n<p style=\"clear: both; line-height: 0;\">\n<\/div>\n<div class=\"vessel common\" style=\"margin-bottom: 28px;\">\n<div class=\"alignleft\" style=\"float: left;\"><img decoding=\"async\" style=\"padding: 0; margin: 0 16px 12px 0;\" src=\"\/wp-content\/uploads\/2023\/02\/david2_344-236.png\" alt=\"\" width=\"344\" height=\"236\" \/><\/div>\n<div style=\"display: table; min-width: 300px;\">\n<div class=\"texte\">\n<h3 style=\"margin-top: -10px;\">David Jones, KC<\/h3>\n<h4>Avocat corporatif<\/h4>\n<p>David s&rsquo;est joint \u00e0 Oceanex en juillet 2015 pour occuper le poste d&rsquo;avocat corporatif. Son exp\u00e9rience pr\u00e9c\u00e9dente inclut bon nombre de postes ex\u00e9cutifs dans le domaine public de Terre-Neuve-et-Labrador. Durant sa carri\u00e8re au gouvernement, il a aussi \u00e9t\u00e9 conseiller g\u00e9n\u00e9ral pour plusieurs commissions d&rsquo;enqu\u00eate et commissionnaire ind\u00e9pendant. Pendant cette p\u00e9riode, il suit une formation de coordonnateur de l&rsquo;acc\u00e8s \u00e0 l&rsquo;information et de la protection des renseignements personnels et, \u00e0 cet \u00e9gard, agit en tant que conseiller \u00e0 la cour et au gouvernement . Avant sa carri\u00e8re gouvernementale, il \u00e9tait en cabinet priv\u00e9 de 1984 \u00e0 1989.<\/p>\n<p>Tout au long de sa carri\u00e8re il a acquis de pr\u00e9cieuses connaissances dans la pratique du droit et la gestion des personnes et des ressources.<\/p>\n<p>Il d\u00e9tient un baccalaur\u00e9at en arts de l&rsquo;universit\u00e9 Memorial de Terre-Neuve, un baccalaur\u00e9at en droit de l&rsquo;universit\u00e9 Dalhousie, est notaire et conseiller-ma\u00eetre de la Cour supr\u00eame de Terre-Neuve-et-Labrador.<\/p>\n<\/div>\n<\/div>\n<p style=\"clear: both; line-height: 0;\">\n<\/div>\n<\/div>\n","protected":false},"excerpt":{"rendered":"<p>Capitaine Sid Hynes Pr\u00e9sident ex\u00e9cutif Le premier capitaine de positionnement dynamique et le plus jeune capitaine en mer du Canada, Sid Hynes fut cofondateur de Canship Limited en 1986. Canship d\u00e9tenait et dirigeait une vari\u00e9t\u00e9 de navires <a class=\"read-more\" style=\"text-decoration:none;\" href=\"https:\/\/www.oceanex.com\/fr\/a-propos-doceanex\/administration\/\">(&#8230;)<\/a><\/p>\n","protected":false},"author":2,"featured_media":3665,"parent":166,"menu_order":80,"comment_status":"open","ping_status":"open","template":"template-text-trans.php","meta":{"footnotes":""},"class_list":["post-3194","page","type-page","status-publish","has-post-thumbnail","hentry"],"_links":{"self":[{"href":"https:\/\/www.oceanex.com\/fr\/wp-json\/wp\/v2\/pages\/3194","targetHints":{"allow":["GET"]}}],"collection":[{"href":"https:\/\/www.oceanex.com\/fr\/wp-json\/wp\/v2\/pages"}],"about":[{"href":"https:\/\/www.oceanex.com\/fr\/wp-json\/wp\/v2\/types\/page"}],"author":[{"embeddable":true,"href":"https:\/\/www.oceanex.com\/fr\/wp-json\/wp\/v2\/users\/2"}],"replies":[{"embeddable":true,"href":"https:\/\/www.oceanex.com\/fr\/wp-json\/wp\/v2\/comments?post=3194"}],"version-history":[{"count":3,"href":"https:\/\/www.oceanex.com\/fr\/wp-json\/wp\/v2\/pages\/3194\/revisions"}],"predecessor-version":[{"id":10633,"href":"https:\/\/www.oceanex.com\/fr\/wp-json\/wp\/v2\/pages\/3194\/revisions\/10633"}],"up":[{"embeddable":true,"href":"https:\/\/www.oceanex.com\/fr\/wp-json\/wp\/v2\/pages\/166"}],"wp:featuredmedia":[{"embeddable":true,"href":"https:\/\/www.oceanex.com\/fr\/wp-json\/wp\/v2\/media\/3665"}],"wp:attachment":[{"href":"https:\/\/www.oceanex.com\/fr\/wp-json\/wp\/v2\/media?parent=3194"}],"curies":[{"name":"wp","href":"https:\/\/api.w.org\/{rel}","templated":true}]}}