{"id":5003,"date":"2016-11-03T11:49:34","date_gmt":"2016-11-03T15:49:34","guid":{"rendered":"https:\/\/www.oceanex.com\/fr\/services\/global-logistics\/"},"modified":"2016-11-09T13:08:45","modified_gmt":"2016-11-09T18:08:45","slug":"logistique-mondiale","status":"publish","type":"page","link":"https:\/\/www.oceanex.com\/fr\/services\/logistique-mondiale\/","title":{"rendered":"Logistique mondiale"},"content":{"rendered":"<h2><strong>SOLUTIONS EN CHA\u00ceNE D\u2019APPROVISIONNEMENT<\/strong><\/h2>\n<p><img decoding=\"async\" class=\" size-medium wp-image-5011 alignright\" style=\"width: 100%; max-width: 500px;\" src=\"https:\/\/www.oceanex.com\/wp-content\/uploads\/2016\/02\/news3pl-fr1.png\" alt=\"logistics\" \/><\/p>\n<p>En tant que transporteur multimodal, Oceanex r\u00e9pond \u00e0 vos besoins de transport depuis longtemps.<\/p>\n<p>Oceanex Logistique Mondiale nous permet maintenant de \u00e9largir notre service professionnel \u00e0 travers toute l\u2019Am\u00e9rique du Nord.<\/p>\n<ul>\n<li>Pleines charges<\/li>\n<li>Charges partielles (\u00ab\u00a0LTL\u00a0\u00bb)<\/li>\n<li>Marchandises li\u00e9es \u00e0 un projet ou surdimensionn\u00e9es<\/li>\n<li>Transport intermodal<\/li>\n<li>Entreposage<\/li>\n<\/ul>\n<p><img decoding=\"async\" style=\"width: 100%; max-width: 300px;\" src=\"https:\/\/www.oceanex.com\/wp-content\/uploads\/2016\/11\/highres-fr.png\" alt=\"highres-fr\" \/><br \/>\n<strong>Pour nous joindre :<br \/>\n<\/strong><strong>(514) 787-1782<br \/>\n<\/strong><a href=\"mailto:GlobalLogistics@oceanex.com\"><strong>GlobalLogistics@oceanex.com<\/strong><\/a><\/p>\n","protected":false},"excerpt":{"rendered":"<p>SOLUTIONS EN CHA\u00ceNE D\u2019APPROVISIONNEMENT En tant que transporteur multimodal, Oceanex r\u00e9pond \u00e0 vos besoins de transport depuis longtemps. Oceanex Logistique Mondiale nous permet maintenant de \u00e9largir notre service professionnel \u00e0 travers toute l\u2019Am\u00e9rique du Nord. Pleines charges <a class=\"read-more\" style=\"text-decoration:none;\" href=\"https:\/\/www.oceanex.com\/fr\/services\/logistique-mondiale\/\">(&#8230;)<\/a><\/p>\n","protected":false},"author":14,"featured_media":5010,"parent":269,"menu_order":74,"comment_status":"open","ping_status":"open","template":"template-page.php","meta":{"footnotes":""},"class_list":["post-5003","page","type-page","status-publish","has-post-thumbnail","hentry"],"_links":{"self":[{"href":"https:\/\/www.oceanex.com\/fr\/wp-json\/wp\/v2\/pages\/5003","targetHints":{"allow":["GET"]}}],"collection":[{"href":"https:\/\/www.oceanex.com\/fr\/wp-json\/wp\/v2\/pages"}],"about":[{"href":"https:\/\/www.oceanex.com\/fr\/wp-json\/wp\/v2\/types\/page"}],"author":[{"embeddable":true,"href":"https:\/\/www.oceanex.com\/fr\/wp-json\/wp\/v2\/users\/14"}],"replies":[{"embeddable":true,"href":"https:\/\/www.oceanex.com\/fr\/wp-json\/wp\/v2\/comments?post=5003"}],"version-history":[{"count":0,"href":"https:\/\/www.oceanex.com\/fr\/wp-json\/wp\/v2\/pages\/5003\/revisions"}],"up":[{"embeddable":true,"href":"https:\/\/www.oceanex.com\/fr\/wp-json\/wp\/v2\/pages\/269"}],"wp:featuredmedia":[{"embeddable":true,"href":"https:\/\/www.oceanex.com\/fr\/wp-json\/wp\/v2\/media\/5010"}],"wp:attachment":[{"href":"https:\/\/www.oceanex.com\/fr\/wp-json\/wp\/v2\/media?parent=5003"}],"curies":[{"name":"wp","href":"https:\/\/api.w.org\/{rel}","templated":true}]}}